{"id":17093,"date":"2023-01-16T13:57:41","date_gmt":"2023-01-16T12:57:41","guid":{"rendered":"https:\/\/www.avantio.com\/?page_id=17093"},"modified":"2024-04-22T00:29:11","modified_gmt":"2024-04-21T22:29:11","slug":"termos-condicoes-programa-recomendacao","status":"publish","type":"page","link":"https:\/\/www.avantio.com\/pt-pt\/termos-condicoes-programa-recomendacao\/","title":{"rendered":"Termos e Condi\u00e7\u00f5es &#8220;Programa de Recomenda\u00e7\u00e3o&#8221;"},"content":{"rendered":"[vc_row type=&#8221;in_container&#8221; full_screen_row_position=&#8221;middle&#8221; column_margin=&#8221;default&#8221; column_direction=&#8221;default&#8221; column_direction_tablet=&#8221;default&#8221; column_direction_phone=&#8221;default&#8221; scene_position=&#8221;center&#8221; top_padding=&#8221;200&#8243; bottom_padding=&#8221;200&#8243; left_padding_desktop=&#8221;200&#8243; right_padding_desktop=&#8221;200&#8243; top_padding_tablet=&#8221;80&#8243; bottom_padding_tablet=&#8221;80&#8243; left_padding_tablet=&#8221;40&#8243; right_padding_tablet=&#8221;20&#8243; top_padding_phone=&#8221;40&#8243; bottom_padding_phone=&#8221;40&#8243; left_padding_phone=&#8221;20&#8243; right_padding_phone=&#8221;20&#8243; text_color=&#8221;dark&#8221; text_align=&#8221;left&#8221; row_border_radius=&#8221;none&#8221; row_border_radius_applies=&#8221;bg&#8221; overflow=&#8221;visible&#8221; advanced_gradient_angle=&#8221;0&#8243; overlay_strength=&#8221;0.3&#8243; gradient_direction=&#8221;left_to_right&#8221; shape_divider_position=&#8221;bottom&#8221; bg_image_animation=&#8221;none&#8221; gradient_type=&#8221;default&#8221; shape_type=&#8221;&#8221;][vc_column column_padding=&#8221;no-extra-padding&#8221; column_padding_tablet=&#8221;inherit&#8221; column_padding_phone=&#8221;inherit&#8221; column_padding_position=&#8221;all&#8221; column_element_spacing=&#8221;default&#8221; background_color_opacity=&#8221;1&#8243; background_hover_color_opacity=&#8221;1&#8243; column_shadow=&#8221;none&#8221; column_border_radius=&#8221;none&#8221; column_link_target=&#8221;_self&#8221; column_position=&#8221;default&#8221; gradient_direction=&#8221;left_to_right&#8221; overlay_strength=&#8221;0.3&#8243; width=&#8221;1\/1&#8243; tablet_width_inherit=&#8221;default&#8221; tablet_text_alignment=&#8221;default&#8221; phone_text_alignment=&#8221;default&#8221; animation_type=&#8221;default&#8221; bg_image_animation=&#8221;none&#8221; border_type=&#8221;simple&#8221; column_border_width=&#8221;none&#8221; column_border_style=&#8221;solid&#8221;][vc_column_text]\n<h1><span style=\"color: #f15f41;\">Programa de Recomenda\u00e7\u00e3o<\/span><\/h1>\n[\/vc_column_text][vc_column_text]O Programa de Recomenda\u00e7\u00e3o recompensa os nossos clientes atuais por nos recomendarem a outras empresas de alojamento local. O sistema de compensa\u00e7\u00e3o funciona da seguinte forma:[\/vc_column_text][divider line_type=&#8221;No Line&#8221; custom_height=&#8221;40&#8243;][vc_column_text]\n<h3><span style=\"color: #f15f41;\">Compensa\u00e7\u00e3o para o nosso cliente atual (prescriber \/ referrer):<\/span><\/h3>\n[\/vc_column_text][divider line_type=&#8221;No Line&#8221; custom_height=&#8221;40&#8243;][nectar_icon_list color=&#8221;default&#8221; direction=&#8221;vertical&#8221; icon_size=&#8221;small&#8221; icon_style=&#8221;border&#8221;][nectar_icon_list_item icon_type=&#8221;numerical&#8221; text_full_html=&#8221;simple&#8221; title=&#8221;List Item&#8221; id=&#8221;1713738064966-10&#8243; text=&#8221;Quando o cliente recomendado aderir \u00e0 Avantio, o cliente original receber\u00e1 um desconto de 500\u20ac na sua fatura Avantio.&#8221; tab_id=&#8221;1713738064967-3&#8243;][\/nectar_icon_list_item][nectar_icon_list_item icon_type=&#8221;numerical&#8221; text_full_html=&#8221;simple&#8221; title=&#8221;List Item&#8221; id=&#8221;1713738064993-4&#8243; text=&#8221;For this accrual to be effective, the recommendation must be explicit, in writing (letter, email or similar) and Avantio must have written confirmation of the recommendation.&#8221; tab_id=&#8221;1713738064994-3&#8243;][\/nectar_icon_list_item][nectar_icon_list_item icon_type=&#8221;numerical&#8221; text_full_html=&#8221;simple&#8221; title=&#8221;Section&#8221; id=&#8221;1713738065007-3&#8243; text=&#8221;Payments for this referral action will be made three months from the signing of the new (referred) customer.&#8221; tab_id=&#8221;1713738065008-9&#8243;][\/nectar_icon_list_item][nectar_icon_list_item icon_type=&#8221;numerical&#8221; text_full_html=&#8221;simple&#8221; title=&#8221;Section&#8221; id=&#8221;1713738065023-4&#8243; text=&#8221;In the event that the recommended company withdraws within the first 3 months of collaboration, or does not make the payments in a relevant and effective manner, according to the plan drawn up jointly with Avantio, such compensation by the Referral Program will be suspended indefinitely until the parties resolve the existing irregular situation.&#8221; tab_id=&#8221;1713738065024-0&#8243;][\/nectar_icon_list_item][\/nectar_icon_list][divider line_type=&#8221;No Line&#8221; custom_height=&#8221;40&#8243;][divider line_type=&#8221;No Line&#8221; custom_height=&#8221;40&#8243;][vc_column_text]<em>Esta promo\u00e7\u00e3o n\u00e3o pode ser acumulada com outras promo\u00e7\u00f5es.<\/em>[\/vc_column_text][divider line_type=&#8221;No Line&#8221; custom_height=&#8221;40&#8243;][\/vc_column][\/vc_row]\n","protected":false},"excerpt":{"rendered":"<p>[vc_row type=&#8221;in_container&#8221; full_screen_row_position=&#8221;middle&#8221; column_margin=&#8221;default&#8221; column_direction=&#8221;default&#8221; column_direction_tablet=&#8221;default&#8221; column_direction_phone=&#8221;default&#8221; scene_position=&#8221;center&#8221; top_padding=&#8221;200&#8243; bottom_padding=&#8221;200&#8243; left_padding_desktop=&#8221;200&#8243; right_padding_desktop=&#8221;200&#8243; top_padding_tablet=&#8221;80&#8243; bottom_padding_tablet=&#8221;80&#8243; left_padding_tablet=&#8221;40&#8243; right_padding_tablet=&#8221;20&#8243; top_padding_phone=&#8221;40&#8243; bottom_padding_phone=&#8221;40&#8243; left_padding_phone=&#8221;20&#8243; right_padding_phone=&#8221;20&#8243; text_color=&#8221;dark&#8221; text_align=&#8221;left&#8221; row_border_radius=&#8221;none&#8221; row_border_radius_applies=&#8221;bg&#8221; overflow=&#8221;visible&#8221; advanced_gradient_angle=&#8221;0&#8243; overlay_strength=&#8221;0.3&#8243; gradient_direction=&#8221;left_to_right&#8221; shape_divider_position=&#8221;bottom&#8221; bg_image_animation=&#8221;none&#8221;&#8230;<\/p>\n","protected":false},"author":3,"featured_media":0,"parent":0,"menu_order":80,"comment_status":"closed","ping_status":"closed","template":"","meta":{"_acf_changed":false,"om_disable_all_campaigns":false,"inline_featured_image":false,"footnotes":""},"class_list":["post-17093","page","type-page","status-publish"],"acf":[],"yoast_head":"<!-- This site is optimized with the Yoast SEO Premium plugin v27.0 (Yoast SEO v27.0) - https:\/\/yoast.com\/product\/yoast-seo-premium-wordpress\/ -->\n<title>Termos e Condi\u00e7\u00f5es &quot;Programa de Recomenda\u00e7\u00e3o&quot; | Avantio<\/title>\n<meta name=\"robots\" content=\"noindex, nofollow\" \/>\n<meta property=\"og:locale\" content=\"pt_PT\" \/>\n<meta property=\"og:type\" content=\"article\" \/>\n<meta property=\"og:title\" content=\"Termos e Condi\u00e7\u00f5es &quot;Programa de Recomenda\u00e7\u00e3o&quot;\" \/>\n<meta property=\"og:description\" content=\"[vc_row type=&#8221;in_container&#8221; full_screen_row_position=&#8221;middle&#8221; column_margin=&#8221;default&#8221; column_direction=&#8221;default&#8221; column_direction_tablet=&#8221;default&#8221; column_direction_phone=&#8221;default&#8221; scene_position=&#8221;center&#8221; top_padding=&#8221;200&#8243; bottom_padding=&#8221;200&#8243; left_padding_desktop=&#8221;200&#8243; right_padding_desktop=&#8221;200&#8243; top_padding_tablet=&#8221;80&#8243; bottom_padding_tablet=&#8221;80&#8243; left_padding_tablet=&#8221;40&#8243; right_padding_tablet=&#8221;20&#8243; top_padding_phone=&#8221;40&#8243; bottom_padding_phone=&#8221;40&#8243; left_padding_phone=&#8221;20&#8243; right_padding_phone=&#8221;20&#8243; text_color=&#8221;dark&#8221; text_align=&#8221;left&#8221; row_border_radius=&#8221;none&#8221; row_border_radius_applies=&#8221;bg&#8221; overflow=&#8221;visible&#8221; advanced_gradient_angle=&#8221;0&#8243; overlay_strength=&#8221;0.3&#8243; gradient_direction=&#8221;left_to_right&#8221; shape_divider_position=&#8221;bottom&#8221; bg_image_animation=&#8221;none&#8221;...\" \/>\n<meta property=\"og:url\" content=\"https:\/\/www.avantio.com\/terms-conditions-referral-program\/\" \/>\n<meta property=\"og:site_name\" content=\"Avantio\" \/>\n<meta property=\"article:modified_time\" content=\"2024-04-21T22:29:11+00:00\" \/>\n<meta name=\"twitter:card\" content=\"summary_large_image\" \/>\n<meta name=\"twitter:label1\" content=\"Tempo estimado de leitura\" \/>\n\t<meta name=\"twitter:data1\" content=\"2 minutos\" \/>\n<script type=\"application\/ld+json\" class=\"yoast-schema-graph\">{\"@context\":\"https:\/\/schema.org\",\"@graph\":[{\"@type\":\"WebPage\",\"@id\":\"https:\/\/www.avantio.com\/terms-conditions-referral-program\/\",\"url\":\"https:\/\/www.avantio.com\/terms-conditions-referral-program\/\",\"name\":\"Termos e Condi\u00e7\u00f5es \\\"Programa de Recomenda\u00e7\u00e3o\\\" | Avantio\",\"isPartOf\":{\"@id\":\"https:\/\/www.avantio.com\/#website\"},\"datePublished\":\"2023-01-16T12:57:41+00:00\",\"dateModified\":\"2024-04-21T22:29:11+00:00\",\"breadcrumb\":{\"@id\":\"https:\/\/www.avantio.com\/terms-conditions-referral-program\/#breadcrumb\"},\"inLanguage\":\"pt-PT\",\"potentialAction\":[{\"@type\":\"ReadAction\",\"target\":[\"https:\/\/www.avantio.com\/terms-conditions-referral-program\/\"]}]},{\"@type\":\"BreadcrumbList\",\"@id\":\"https:\/\/www.avantio.com\/terms-conditions-referral-program\/#breadcrumb\",\"itemListElement\":[{\"@type\":\"ListItem\",\"position\":1,\"name\":\"Home\",\"item\":\"https:\/\/www.avantio.com\/pt-pt\/\"},{\"@type\":\"ListItem\",\"position\":2,\"name\":\"Termos e Condi\u00e7\u00f5es &#8220;Programa de Recomenda\u00e7\u00e3o&#8221;\"}]},{\"@type\":\"WebSite\",\"@id\":\"https:\/\/www.avantio.com\/#website\",\"url\":\"https:\/\/www.avantio.com\/\",\"name\":\"Avantio\",\"description\":\"Vacation Rental Software\",\"publisher\":{\"@id\":\"https:\/\/www.avantio.com\/#organization\"},\"potentialAction\":[{\"@type\":\"SearchAction\",\"target\":{\"@type\":\"EntryPoint\",\"urlTemplate\":\"https:\/\/www.avantio.com\/?s={search_term_string}\"},\"query-input\":{\"@type\":\"PropertyValueSpecification\",\"valueRequired\":true,\"valueName\":\"search_term_string\"}}],\"inLanguage\":\"pt-PT\"},{\"@type\":\"Organization\",\"@id\":\"https:\/\/www.avantio.com\/#organization\",\"name\":\"Avantio\",\"url\":\"https:\/\/www.avantio.com\/\",\"logo\":{\"@type\":\"ImageObject\",\"inLanguage\":\"pt-PT\",\"@id\":\"https:\/\/www.avantio.com\/#\/schema\/logo\/image\/\",\"url\":\"https:\/\/www.avantio.com\/wp-content\/uploads\/2023\/08\/Avantio.jpg\",\"contentUrl\":\"https:\/\/www.avantio.com\/wp-content\/uploads\/2023\/08\/Avantio.jpg\",\"width\":696,\"height\":696,\"caption\":\"Avantio\"},\"image\":{\"@id\":\"https:\/\/www.avantio.com\/#\/schema\/logo\/image\/\"}}]}<\/script>\n<!-- \/ Yoast SEO Premium plugin. -->","yoast_head_json":{"title":"Termos e Condi\u00e7\u00f5es \"Programa de Recomenda\u00e7\u00e3o\" | Avantio","robots":{"index":"noindex","follow":"nofollow"},"og_locale":"pt_PT","og_type":"article","og_title":"Termos e Condi\u00e7\u00f5es \"Programa de Recomenda\u00e7\u00e3o\"","og_description":"[vc_row type=&#8221;in_container&#8221; full_screen_row_position=&#8221;middle&#8221; column_margin=&#8221;default&#8221; column_direction=&#8221;default&#8221; column_direction_tablet=&#8221;default&#8221; column_direction_phone=&#8221;default&#8221; scene_position=&#8221;center&#8221; top_padding=&#8221;200&#8243; bottom_padding=&#8221;200&#8243; left_padding_desktop=&#8221;200&#8243; right_padding_desktop=&#8221;200&#8243; top_padding_tablet=&#8221;80&#8243; bottom_padding_tablet=&#8221;80&#8243; left_padding_tablet=&#8221;40&#8243; right_padding_tablet=&#8221;20&#8243; top_padding_phone=&#8221;40&#8243; bottom_padding_phone=&#8221;40&#8243; left_padding_phone=&#8221;20&#8243; right_padding_phone=&#8221;20&#8243; text_color=&#8221;dark&#8221; text_align=&#8221;left&#8221; row_border_radius=&#8221;none&#8221; row_border_radius_applies=&#8221;bg&#8221; overflow=&#8221;visible&#8221; advanced_gradient_angle=&#8221;0&#8243; overlay_strength=&#8221;0.3&#8243; gradient_direction=&#8221;left_to_right&#8221; shape_divider_position=&#8221;bottom&#8221; bg_image_animation=&#8221;none&#8221;...","og_url":"https:\/\/www.avantio.com\/terms-conditions-referral-program\/","og_site_name":"Avantio","article_modified_time":"2024-04-21T22:29:11+00:00","twitter_card":"summary_large_image","twitter_misc":{"Tempo estimado de leitura":"2 minutos"},"schema":{"@context":"https:\/\/schema.org","@graph":[{"@type":"WebPage","@id":"https:\/\/www.avantio.com\/terms-conditions-referral-program\/","url":"https:\/\/www.avantio.com\/terms-conditions-referral-program\/","name":"Termos e Condi\u00e7\u00f5es \"Programa de Recomenda\u00e7\u00e3o\" | Avantio","isPartOf":{"@id":"https:\/\/www.avantio.com\/#website"},"datePublished":"2023-01-16T12:57:41+00:00","dateModified":"2024-04-21T22:29:11+00:00","breadcrumb":{"@id":"https:\/\/www.avantio.com\/terms-conditions-referral-program\/#breadcrumb"},"inLanguage":"pt-PT","potentialAction":[{"@type":"ReadAction","target":["https:\/\/www.avantio.com\/terms-conditions-referral-program\/"]}]},{"@type":"BreadcrumbList","@id":"https:\/\/www.avantio.com\/terms-conditions-referral-program\/#breadcrumb","itemListElement":[{"@type":"ListItem","position":1,"name":"Home","item":"https:\/\/www.avantio.com\/pt-pt\/"},{"@type":"ListItem","position":2,"name":"Termos e Condi\u00e7\u00f5es &#8220;Programa de Recomenda\u00e7\u00e3o&#8221;"}]},{"@type":"WebSite","@id":"https:\/\/www.avantio.com\/#website","url":"https:\/\/www.avantio.com\/","name":"Avantio","description":"Vacation Rental Software","publisher":{"@id":"https:\/\/www.avantio.com\/#organization"},"potentialAction":[{"@type":"SearchAction","target":{"@type":"EntryPoint","urlTemplate":"https:\/\/www.avantio.com\/?s={search_term_string}"},"query-input":{"@type":"PropertyValueSpecification","valueRequired":true,"valueName":"search_term_string"}}],"inLanguage":"pt-PT"},{"@type":"Organization","@id":"https:\/\/www.avantio.com\/#organization","name":"Avantio","url":"https:\/\/www.avantio.com\/","logo":{"@type":"ImageObject","inLanguage":"pt-PT","@id":"https:\/\/www.avantio.com\/#\/schema\/logo\/image\/","url":"https:\/\/www.avantio.com\/wp-content\/uploads\/2023\/08\/Avantio.jpg","contentUrl":"https:\/\/www.avantio.com\/wp-content\/uploads\/2023\/08\/Avantio.jpg","width":696,"height":696,"caption":"Avantio"},"image":{"@id":"https:\/\/www.avantio.com\/#\/schema\/logo\/image\/"}}]}},"_links":{"self":[{"href":"https:\/\/www.avantio.com\/pt-pt\/wp-json\/wp\/v2\/pages\/17093","targetHints":{"allow":["GET"]}}],"collection":[{"href":"https:\/\/www.avantio.com\/pt-pt\/wp-json\/wp\/v2\/pages"}],"about":[{"href":"https:\/\/www.avantio.com\/pt-pt\/wp-json\/wp\/v2\/types\/page"}],"author":[{"embeddable":true,"href":"https:\/\/www.avantio.com\/pt-pt\/wp-json\/wp\/v2\/users\/3"}],"replies":[{"embeddable":true,"href":"https:\/\/www.avantio.com\/pt-pt\/wp-json\/wp\/v2\/comments?post=17093"}],"version-history":[{"count":12,"href":"https:\/\/www.avantio.com\/pt-pt\/wp-json\/wp\/v2\/pages\/17093\/revisions"}],"predecessor-version":[{"id":34873,"href":"https:\/\/www.avantio.com\/pt-pt\/wp-json\/wp\/v2\/pages\/17093\/revisions\/34873"}],"wp:attachment":[{"href":"https:\/\/www.avantio.com\/pt-pt\/wp-json\/wp\/v2\/media?parent=17093"}],"curies":[{"name":"wp","href":"https:\/\/api.w.org\/{rel}","templated":true}]}}