{"id":15772,"date":"2022-07-11T13:20:26","date_gmt":"2022-07-11T11:20:26","guid":{"rendered":"https:\/\/www.avantio.com\/cookies-policy\/"},"modified":"2025-07-25T12:10:44","modified_gmt":"2025-07-25T10:10:44","slug":"cookies","status":"publish","type":"page","link":"https:\/\/www.avantio.com\/pt-pt\/cookies\/","title":{"rendered":"Cookies Policy"},"content":{"rendered":"[vc_row type=&#8221;in_container&#8221; full_screen_row_position=&#8221;middle&#8221; column_margin=&#8221;default&#8221; column_direction=&#8221;default&#8221; column_direction_tablet=&#8221;default&#8221; column_direction_phone=&#8221;default&#8221; scene_position=&#8221;center&#8221; text_color=&#8221;dark&#8221; text_align=&#8221;left&#8221; row_border_radius=&#8221;none&#8221; row_border_radius_applies=&#8221;bg&#8221; overflow=&#8221;visible&#8221; class=&#8221;section-block only&#8211;bot&#8221; advanced_gradient_angle=&#8221;0&#8243; overlay_strength=&#8221;0.3&#8243; gradient_direction=&#8221;left_to_right&#8221; shape_divider_position=&#8221;bottom&#8221; bg_image_animation=&#8221;none&#8221; gradient_type=&#8221;default&#8221; shape_type=&#8221;&#8221;][vc_column column_padding=&#8221;no-extra-padding&#8221; column_padding_tablet=&#8221;inherit&#8221; column_padding_phone=&#8221;inherit&#8221; column_padding_position=&#8221;all&#8221; column_element_direction_desktop=&#8221;default&#8221; column_element_spacing=&#8221;default&#8221; desktop_text_alignment=&#8221;default&#8221; tablet_text_alignment=&#8221;default&#8221; phone_text_alignment=&#8221;default&#8221; background_color_opacity=&#8221;1&#8243; background_hover_color_opacity=&#8221;1&#8243; column_backdrop_filter=&#8221;none&#8221; column_shadow=&#8221;none&#8221; column_border_radius=&#8221;none&#8221; column_link_target=&#8221;_self&#8221; column_position=&#8221;default&#8221; gradient_direction=&#8221;left_to_right&#8221; overlay_strength=&#8221;0.3&#8243; width=&#8221;2\/3&#8243; tablet_width_inherit=&#8221;default&#8221; animation_type=&#8221;default&#8221; bg_image_animation=&#8221;none&#8221; border_type=&#8221;simple&#8221; column_border_width=&#8221;none&#8221; column_border_style=&#8221;solid&#8221;][vc_column_text css=&#8221;&#8221; text_direction=&#8221;default&#8221;]\n<h2 data-start=\"100\" data-end=\"126\"><strong data-start=\"103\" data-end=\"126\">Pol\u00edtica de Cookies<\/strong><\/h2>\n<p data-start=\"128\" data-end=\"291\">Os cookies s\u00e3o fragmentos de informa\u00e7\u00e3o que ficam guardados no computador com o objetivo de facilitar a navega\u00e7\u00e3o, personalizar a informa\u00e7\u00e3o e analisar a efic\u00e1cia.<\/p>\n<p data-start=\"293\" data-end=\"853\">Este site utiliza cookies para o seu correto funcionamento, para analisar a usabilidade da p\u00e1gina, melhorar a experi\u00eancia do utilizador e compreender a utiliza\u00e7\u00e3o da rede, mas nunca identificam o utilizador pessoalmente. Ao aceder ao site pela primeira vez, \u00e9 apresentado um aviso de que o site utiliza cookies. Ao continuar a navegar, autoriza a empresa a utiliz\u00e1-los. Os cookies podem ser eliminados a qualquer momento do computador e o navegador pode ser configurado para n\u00e3o aceitar cookies, se assim o desejar. Esta configura\u00e7\u00e3o depende de cada navegador.<\/p>\n<p data-start=\"855\" data-end=\"936\">O site continuar\u00e1 a funcionar, mas algumas funcionalidades poder\u00e3o ser limitadas.<\/p>\n<h3 data-start=\"938\" data-end=\"974\">Tipos de cookies que utilizamos:<\/h3>\n<ul data-start=\"976\" data-end=\"1233\">\n<li data-start=\"976\" data-end=\"1233\">\n<p data-start=\"978\" data-end=\"1233\"><strong data-start=\"978\" data-end=\"1000\">Cookies anal\u00edticos<\/strong>: Este site utiliza o Google Analytics para conhecer o n\u00famero de visitantes, a navega\u00e7\u00e3o dos utilizadores e a experi\u00eancia de uso, permitindo assim melhorar o site com base nestes dados. Nunca se identifica uma pessoa individualmente.<\/p>\n<\/li>\n<\/ul>\n<p data-start=\"1235\" data-end=\"1295\">Abaixo detalham-se os cookies anal\u00edticos utilizados no site:<\/p>\n<p data-start=\"1297\" data-end=\"1359\">Nome<br data-start=\"1301\" data-end=\"1304\" \/>Finalidade<br data-start=\"1314\" data-end=\"1317\" \/>Validade<br data-start=\"1325\" data-end=\"1328\" \/>Quem os utiliza?<br data-start=\"1344\" data-end=\"1347\" \/>Fornecedor<\/p>\n<p data-start=\"1361\" data-end=\"1362\">\u200d\u200d<\/p>\n<ul data-start=\"1370\" data-end=\"1930\">\n<li data-start=\"1370\" data-end=\"1930\">\n<p data-start=\"1372\" data-end=\"1930\"><strong data-start=\"1372\" data-end=\"1392\">Cookies t\u00e9cnicos<\/strong>: Permitem ao utilizador navegar numa p\u00e1gina web, plataforma ou aplica\u00e7\u00e3o e utilizar as diferentes op\u00e7\u00f5es ou servi\u00e7os a\u00ed existentes, como por exemplo: controlar o tr\u00e1fego e a comunica\u00e7\u00e3o de dados, identificar sess\u00f5es, aceder a \u00e1reas de acesso restrito, recordar os elementos que comp\u00f5em um carrinho de compras, efetuar o processo de compra, inscrever-se ou participar num evento, utilizar elementos de seguran\u00e7a durante a navega\u00e7\u00e3o, armazenar conte\u00fados para reprodu\u00e7\u00e3o de v\u00eddeos ou \u00e1udio, ou partilhar conte\u00fados atrav\u00e9s das redes sociais.<\/p>\n<\/li>\n<\/ul>\n<p data-start=\"1932\" data-end=\"1994\">Abaixo detalham-se os cookies obrigat\u00f3rios utilizados no site:<\/p>\n<p data-start=\"1996\" data-end=\"2058\">Nome<br data-start=\"2000\" data-end=\"2003\" \/>Finalidade<br data-start=\"2013\" data-end=\"2016\" \/>Validade<br data-start=\"2024\" data-end=\"2027\" \/>Quem os utiliza?<br data-start=\"2043\" data-end=\"2046\" \/>Fornecedor<\/p>\n<p data-start=\"2060\" data-end=\"2061\">\u200d\u200d<\/p>\n<ul data-start=\"2069\" data-end=\"2544\">\n<li data-start=\"2069\" data-end=\"2544\">\n<p data-start=\"2071\" data-end=\"2544\"><strong data-start=\"2071\" data-end=\"2112\">Cookies de publicidade comportamental<\/strong>: Permitem a gest\u00e3o, da forma mais eficaz poss\u00edvel, dos espa\u00e7os publicit\u00e1rios que, se aplic\u00e1vel, o editor incluiu num site, aplica\u00e7\u00e3o ou plataforma atrav\u00e9s da qual presta o servi\u00e7o solicitado. Estes cookies armazenam informa\u00e7\u00f5es sobre o comportamento dos utilizadores obtidas atrav\u00e9s da observa\u00e7\u00e3o cont\u00ednua dos seus h\u00e1bitos de navega\u00e7\u00e3o, permitindo desenvolver um perfil espec\u00edfico para apresentar publicidade com base nesse perfil.<\/p>\n<\/li>\n<\/ul>\n<p data-start=\"2546\" data-end=\"2609\">Abaixo detalham-se os cookies publicit\u00e1rios utilizados no site:<\/p>\n<p data-start=\"2611\" data-end=\"2673\">Nome<br data-start=\"2615\" data-end=\"2618\" \/>Finalidade<br data-start=\"2628\" data-end=\"2631\" \/>Validade<br data-start=\"2639\" data-end=\"2642\" \/>Quem os utiliza?<br data-start=\"2658\" data-end=\"2661\" \/>Fornecedor<\/p>\n<p data-start=\"2675\" data-end=\"2676\">\u200d\u200d<\/p>\n<p data-start=\"2684\" data-end=\"3015\">A INTERNET TOURISM SOLUTIONS S.L. informa ainda o utilizador de que \u00e9 poss\u00edvel configurar o navegador para que este informe sobre a rece\u00e7\u00e3o de cookies, podendo, se assim o desejar, impedir que sejam instalados no seu disco r\u00edgido. Abaixo indicamos os links de v\u00e1rios navegadores atrav\u00e9s dos quais poder\u00e1 realizar essa configura\u00e7\u00e3o:<\/p>\n<ul data-start=\"3017\" data-end=\"3483\">\n<li data-start=\"3017\" data-end=\"3091\">\n<p data-start=\"3019\" data-end=\"3091\">Firefox: <a class=\"cursor-pointer\" target=\"_new\" rel=\"noopener\" data-start=\"3028\" data-end=\"3089\">https:\/\/support.mozilla.org\/pt-PT\/kb\/ativar-desativar-cookies<\/a><\/p>\n<\/li>\n<li data-start=\"3092\" data-end=\"3169\">\n<p data-start=\"3094\" data-end=\"3169\">Chrome: <a class=\"cursor-pointer\" target=\"_new\" rel=\"noopener\" data-start=\"3102\" data-end=\"3167\">http:\/\/support.google.com\/chrome\/bin\/answer.py?hl=pt&amp;answer=95647<\/a><\/p>\n<\/li>\n<li data-start=\"3170\" data-end=\"3276\">\n<p data-start=\"3172\" data-end=\"3276\">Internet Explorer: <a class=\"cursor-pointer\" target=\"_new\" rel=\"noopener\" data-start=\"3191\" data-end=\"3274\">http:\/\/windows.microsoft.com\/pt-pt\/internet-explorer\/delete-manage-cookies#ie=ie-10<\/a><\/p>\n<\/li>\n<li data-start=\"3277\" data-end=\"3338\">\n<p data-start=\"3279\" data-end=\"3338\">Safari: <a class=\"cursor-pointer\" target=\"_new\" rel=\"noopener\" data-start=\"3287\" data-end=\"3336\">https:\/\/support.apple.com\/kb\/ph17191?locale=pt_PT<\/a><\/p>\n<\/li>\n<li data-start=\"3339\" data-end=\"3404\">\n<p data-start=\"3341\" data-end=\"3404\">Opera: <a class=\"cursor-pointer\" target=\"_new\" rel=\"noopener\" data-start=\"3348\" data-end=\"3402\">http:\/\/help.opera.com\/Windows\/11.50\/pt-PT\/cookies.html<\/a><\/p>\n<\/li>\n<li data-start=\"3405\" data-end=\"3483\">\n<p data-start=\"3407\" data-end=\"3483\">Google Analytics: <a class=\"cursor-pointer\" target=\"_new\" rel=\"noopener\" data-start=\"3425\" data-end=\"3481\">https:\/\/support.google.com\/analytics\/answer\/181881?hl=pt<\/a><\/p>\n<\/li>\n<\/ul>\n<p data-start=\"3485\" data-end=\"3594\">Este site n\u00e3o instala cookies nos dispositivos dos utilizadores at\u00e9 que estes tenham aceite a sua instala\u00e7\u00e3o.<\/p>\n<p data-start=\"3596\" data-end=\"3809\">Informamos que, caso n\u00e3o aceite a instala\u00e7\u00e3o de cookies ou desative algum deles nas configura\u00e7\u00f5es, poder\u00e1 n\u00e3o conseguir aceder a determinados servi\u00e7os ou usufruir de todas as funcionalidades que este site oferece.<\/p>\n[\/vc_column_text][\/vc_column][vc_column column_padding=&#8221;no-extra-padding&#8221; column_padding_tablet=&#8221;inherit&#8221; column_padding_phone=&#8221;inherit&#8221; column_padding_position=&#8221;all&#8221; column_element_direction_desktop=&#8221;default&#8221; column_element_spacing=&#8221;default&#8221; desktop_text_alignment=&#8221;default&#8221; tablet_text_alignment=&#8221;default&#8221; phone_text_alignment=&#8221;default&#8221; background_color_opacity=&#8221;1&#8243; background_hover_color_opacity=&#8221;1&#8243; column_backdrop_filter=&#8221;none&#8221; column_shadow=&#8221;none&#8221; column_border_radius=&#8221;none&#8221; column_link_target=&#8221;_self&#8221; column_position=&#8221;default&#8221; gradient_direction=&#8221;left_to_right&#8221; overlay_strength=&#8221;0.3&#8243; width=&#8221;1\/3&#8243; tablet_width_inherit=&#8221;default&#8221; animation_type=&#8221;default&#8221; bg_image_animation=&#8221;none&#8221; border_type=&#8221;simple&#8221; column_border_width=&#8221;none&#8221; column_border_style=&#8221;solid&#8221;][\/vc_column][\/vc_row]\n","protected":false},"excerpt":{"rendered":"<p>[vc_row type=&#8221;in_container&#8221; full_screen_row_position=&#8221;middle&#8221; column_margin=&#8221;default&#8221; column_direction=&#8221;default&#8221; column_direction_tablet=&#8221;default&#8221; column_direction_phone=&#8221;default&#8221; scene_position=&#8221;center&#8221; text_color=&#8221;dark&#8221; text_align=&#8221;left&#8221; row_border_radius=&#8221;none&#8221; row_border_radius_applies=&#8221;bg&#8221; overflow=&#8221;visible&#8221; class=&#8221;section-block only&#8211;bot&#8221; advanced_gradient_angle=&#8221;0&#8243; overlay_strength=&#8221;0.3&#8243; gradient_direction=&#8221;left_to_right&#8221; shape_divider_position=&#8221;bottom&#8221; bg_image_animation=&#8221;none&#8221; gradient_type=&#8221;default&#8221; shape_type=&#8221;&#8221;][vc_column column_padding=&#8221;no-extra-padding&#8221; column_padding_tablet=&#8221;inherit&#8221; column_padding_phone=&#8221;inherit&#8221; column_padding_position=&#8221;all&#8221; column_element_direction_desktop=&#8221;default&#8221; column_element_spacing=&#8221;default&#8221; desktop_text_alignment=&#8221;default&#8221; tablet_text_alignment=&#8221;default&#8221;&#8230;<\/p>\n","protected":false},"author":8,"featured_media":0,"parent":0,"menu_order":80,"comment_status":"closed","ping_status":"closed","template":"","meta":{"_acf_changed":false,"om_disable_all_campaigns":false,"inline_featured_image":false,"footnotes":""},"class_list":["post-15772","page","type-page","status-publish"],"acf":[],"yoast_head":"<!-- This site is optimized with the Yoast SEO Premium plugin v27.0 (Yoast SEO v27.0) - https:\/\/yoast.com\/product\/yoast-seo-premium-wordpress\/ -->\n<title>Cookies Policy | Avantio<\/title>\n<meta name=\"robots\" content=\"noindex, nofollow\" \/>\n<meta property=\"og:locale\" content=\"pt_PT\" \/>\n<meta property=\"og:type\" content=\"article\" \/>\n<meta property=\"og:title\" content=\"Cookies Policy\" \/>\n<meta property=\"og:description\" content=\"[vc_row type=&#8221;in_container&#8221; full_screen_row_position=&#8221;middle&#8221; column_margin=&#8221;default&#8221; column_direction=&#8221;default&#8221; column_direction_tablet=&#8221;default&#8221; column_direction_phone=&#8221;default&#8221; scene_position=&#8221;center&#8221; text_color=&#8221;dark&#8221; text_align=&#8221;left&#8221; row_border_radius=&#8221;none&#8221; row_border_radius_applies=&#8221;bg&#8221; overflow=&#8221;visible&#8221; class=&#8221;section-block only&#8211;bot&#8221; advanced_gradient_angle=&#8221;0&#8243; overlay_strength=&#8221;0.3&#8243; gradient_direction=&#8221;left_to_right&#8221; shape_divider_position=&#8221;bottom&#8221; bg_image_animation=&#8221;none&#8221; gradient_type=&#8221;default&#8221; shape_type=&#8221;&#8221;][vc_column column_padding=&#8221;no-extra-padding&#8221; column_padding_tablet=&#8221;inherit&#8221; column_padding_phone=&#8221;inherit&#8221; column_padding_position=&#8221;all&#8221; column_element_direction_desktop=&#8221;default&#8221; column_element_spacing=&#8221;default&#8221; desktop_text_alignment=&#8221;default&#8221; tablet_text_alignment=&#8221;default&#8221;...\" \/>\n<meta property=\"og:url\" content=\"https:\/\/www.avantio.com\/pt-pt\/cookies\/\" \/>\n<meta property=\"og:site_name\" content=\"Avantio\" \/>\n<meta property=\"article:modified_time\" content=\"2025-07-25T10:10:44+00:00\" \/>\n<meta name=\"twitter:card\" content=\"summary_large_image\" \/>\n<meta name=\"twitter:label1\" content=\"Tempo estimado de leitura\" \/>\n\t<meta name=\"twitter:data1\" content=\"2 minutos\" \/>\n<script type=\"application\/ld+json\" class=\"yoast-schema-graph\">{\"@context\":\"https:\/\/schema.org\",\"@graph\":[{\"@type\":\"WebPage\",\"@id\":\"https:\/\/www.avantio.com\/pt-pt\/cookies\/\",\"url\":\"https:\/\/www.avantio.com\/pt-pt\/cookies\/\",\"name\":\"Cookies Policy | Avantio\",\"isPartOf\":{\"@id\":\"https:\/\/www.avantio.com\/#website\"},\"datePublished\":\"2022-07-11T11:20:26+00:00\",\"dateModified\":\"2025-07-25T10:10:44+00:00\",\"breadcrumb\":{\"@id\":\"https:\/\/www.avantio.com\/pt-pt\/cookies\/#breadcrumb\"},\"inLanguage\":\"pt-PT\",\"potentialAction\":[{\"@type\":\"ReadAction\",\"target\":[\"https:\/\/www.avantio.com\/pt-pt\/cookies\/\"]}]},{\"@type\":\"BreadcrumbList\",\"@id\":\"https:\/\/www.avantio.com\/pt-pt\/cookies\/#breadcrumb\",\"itemListElement\":[{\"@type\":\"ListItem\",\"position\":1,\"name\":\"Home\",\"item\":\"https:\/\/www.avantio.com\/pt-pt\/\"},{\"@type\":\"ListItem\",\"position\":2,\"name\":\"Cookies Policy\"}]},{\"@type\":\"WebSite\",\"@id\":\"https:\/\/www.avantio.com\/#website\",\"url\":\"https:\/\/www.avantio.com\/\",\"name\":\"Avantio\",\"description\":\"Vacation Rental Software\",\"publisher\":{\"@id\":\"https:\/\/www.avantio.com\/#organization\"},\"potentialAction\":[{\"@type\":\"SearchAction\",\"target\":{\"@type\":\"EntryPoint\",\"urlTemplate\":\"https:\/\/www.avantio.com\/?s={search_term_string}\"},\"query-input\":{\"@type\":\"PropertyValueSpecification\",\"valueRequired\":true,\"valueName\":\"search_term_string\"}}],\"inLanguage\":\"pt-PT\"},{\"@type\":\"Organization\",\"@id\":\"https:\/\/www.avantio.com\/#organization\",\"name\":\"Avantio\",\"url\":\"https:\/\/www.avantio.com\/\",\"logo\":{\"@type\":\"ImageObject\",\"inLanguage\":\"pt-PT\",\"@id\":\"https:\/\/www.avantio.com\/#\/schema\/logo\/image\/\",\"url\":\"https:\/\/www.avantio.com\/wp-content\/uploads\/2023\/08\/Avantio.jpg\",\"contentUrl\":\"https:\/\/www.avantio.com\/wp-content\/uploads\/2023\/08\/Avantio.jpg\",\"width\":696,\"height\":696,\"caption\":\"Avantio\"},\"image\":{\"@id\":\"https:\/\/www.avantio.com\/#\/schema\/logo\/image\/\"}}]}<\/script>\n<!-- \/ Yoast SEO Premium plugin. -->","yoast_head_json":{"title":"Cookies Policy | Avantio","robots":{"index":"noindex","follow":"nofollow"},"og_locale":"pt_PT","og_type":"article","og_title":"Cookies Policy","og_description":"[vc_row type=&#8221;in_container&#8221; full_screen_row_position=&#8221;middle&#8221; column_margin=&#8221;default&#8221; column_direction=&#8221;default&#8221; column_direction_tablet=&#8221;default&#8221; column_direction_phone=&#8221;default&#8221; scene_position=&#8221;center&#8221; text_color=&#8221;dark&#8221; text_align=&#8221;left&#8221; row_border_radius=&#8221;none&#8221; row_border_radius_applies=&#8221;bg&#8221; overflow=&#8221;visible&#8221; class=&#8221;section-block only&#8211;bot&#8221; advanced_gradient_angle=&#8221;0&#8243; overlay_strength=&#8221;0.3&#8243; gradient_direction=&#8221;left_to_right&#8221; shape_divider_position=&#8221;bottom&#8221; bg_image_animation=&#8221;none&#8221; gradient_type=&#8221;default&#8221; shape_type=&#8221;&#8221;][vc_column column_padding=&#8221;no-extra-padding&#8221; column_padding_tablet=&#8221;inherit&#8221; column_padding_phone=&#8221;inherit&#8221; column_padding_position=&#8221;all&#8221; column_element_direction_desktop=&#8221;default&#8221; column_element_spacing=&#8221;default&#8221; desktop_text_alignment=&#8221;default&#8221; tablet_text_alignment=&#8221;default&#8221;...","og_url":"https:\/\/www.avantio.com\/pt-pt\/cookies\/","og_site_name":"Avantio","article_modified_time":"2025-07-25T10:10:44+00:00","twitter_card":"summary_large_image","twitter_misc":{"Tempo estimado de leitura":"2 minutos"},"schema":{"@context":"https:\/\/schema.org","@graph":[{"@type":"WebPage","@id":"https:\/\/www.avantio.com\/pt-pt\/cookies\/","url":"https:\/\/www.avantio.com\/pt-pt\/cookies\/","name":"Cookies Policy | Avantio","isPartOf":{"@id":"https:\/\/www.avantio.com\/#website"},"datePublished":"2022-07-11T11:20:26+00:00","dateModified":"2025-07-25T10:10:44+00:00","breadcrumb":{"@id":"https:\/\/www.avantio.com\/pt-pt\/cookies\/#breadcrumb"},"inLanguage":"pt-PT","potentialAction":[{"@type":"ReadAction","target":["https:\/\/www.avantio.com\/pt-pt\/cookies\/"]}]},{"@type":"BreadcrumbList","@id":"https:\/\/www.avantio.com\/pt-pt\/cookies\/#breadcrumb","itemListElement":[{"@type":"ListItem","position":1,"name":"Home","item":"https:\/\/www.avantio.com\/pt-pt\/"},{"@type":"ListItem","position":2,"name":"Cookies Policy"}]},{"@type":"WebSite","@id":"https:\/\/www.avantio.com\/#website","url":"https:\/\/www.avantio.com\/","name":"Avantio","description":"Vacation Rental Software","publisher":{"@id":"https:\/\/www.avantio.com\/#organization"},"potentialAction":[{"@type":"SearchAction","target":{"@type":"EntryPoint","urlTemplate":"https:\/\/www.avantio.com\/?s={search_term_string}"},"query-input":{"@type":"PropertyValueSpecification","valueRequired":true,"valueName":"search_term_string"}}],"inLanguage":"pt-PT"},{"@type":"Organization","@id":"https:\/\/www.avantio.com\/#organization","name":"Avantio","url":"https:\/\/www.avantio.com\/","logo":{"@type":"ImageObject","inLanguage":"pt-PT","@id":"https:\/\/www.avantio.com\/#\/schema\/logo\/image\/","url":"https:\/\/www.avantio.com\/wp-content\/uploads\/2023\/08\/Avantio.jpg","contentUrl":"https:\/\/www.avantio.com\/wp-content\/uploads\/2023\/08\/Avantio.jpg","width":696,"height":696,"caption":"Avantio"},"image":{"@id":"https:\/\/www.avantio.com\/#\/schema\/logo\/image\/"}}]}},"_links":{"self":[{"href":"https:\/\/www.avantio.com\/pt-pt\/wp-json\/wp\/v2\/pages\/15772","targetHints":{"allow":["GET"]}}],"collection":[{"href":"https:\/\/www.avantio.com\/pt-pt\/wp-json\/wp\/v2\/pages"}],"about":[{"href":"https:\/\/www.avantio.com\/pt-pt\/wp-json\/wp\/v2\/types\/page"}],"author":[{"embeddable":true,"href":"https:\/\/www.avantio.com\/pt-pt\/wp-json\/wp\/v2\/users\/8"}],"replies":[{"embeddable":true,"href":"https:\/\/www.avantio.com\/pt-pt\/wp-json\/wp\/v2\/comments?post=15772"}],"version-history":[{"count":4,"href":"https:\/\/www.avantio.com\/pt-pt\/wp-json\/wp\/v2\/pages\/15772\/revisions"}],"predecessor-version":[{"id":52288,"href":"https:\/\/www.avantio.com\/pt-pt\/wp-json\/wp\/v2\/pages\/15772\/revisions\/52288"}],"wp:attachment":[{"href":"https:\/\/www.avantio.com\/pt-pt\/wp-json\/wp\/v2\/media?parent=15772"}],"curies":[{"name":"wp","href":"https:\/\/api.w.org\/{rel}","templated":true}]}}