{"id":35049,"date":"2024-04-04T17:37:04","date_gmt":"2024-04-04T15:37:04","guid":{"rendered":"https:\/\/www.avantio.com\/?page_id=35049"},"modified":"2026-03-10T09:39:32","modified_gmt":"2026-03-10T08:39:32","slug":"systeme-signalement","status":"publish","type":"page","link":"https:\/\/www.avantio.com\/fr\/systeme-signalement\/","title":{"rendered":"Canal de denuncias"},"content":{"rendered":"[vc_row type=\u00a0\u00bbin_container\u00a0\u00bb full_screen_row_position=\u00a0\u00bbmiddle\u00a0\u00bb column_margin=\u00a0\u00bbdefault\u00a0\u00bb column_direction=\u00a0\u00bbdefault\u00a0\u00bb column_direction_tablet=\u00a0\u00bbdefault\u00a0\u00bb column_direction_phone=\u00a0\u00bbdefault\u00a0\u00bb scene_position=\u00a0\u00bbcenter\u00a0\u00bb top_padding=\u00a0\u00bb200&Prime; bottom_padding=\u00a0\u00bb200&Prime; left_padding_desktop=\u00a0\u00bb200&Prime; right_padding_desktop=\u00a0\u00bb200&Prime; top_padding_tablet=\u00a0\u00bb80&Prime; bottom_padding_tablet=\u00a0\u00bb80&Prime; left_padding_tablet=\u00a0\u00bb40&Prime; right_padding_tablet=\u00a0\u00bb20&Prime; top_padding_phone=\u00a0\u00bb40&Prime; bottom_padding_phone=\u00a0\u00bb40&Prime; left_padding_phone=\u00a0\u00bb20&Prime; right_padding_phone=\u00a0\u00bb20&Prime; text_color=\u00a0\u00bbdark\u00a0\u00bb text_align=\u00a0\u00bbleft\u00a0\u00bb row_border_radius=\u00a0\u00bbnone\u00a0\u00bb row_border_radius_applies=\u00a0\u00bbbg\u00a0\u00bb overflow=\u00a0\u00bbvisible\u00a0\u00bb advanced_gradient_angle=\u00a0\u00bb0&Prime; overlay_strength=\u00a0\u00bb0.3&Prime; gradient_direction=\u00a0\u00bbleft_to_right\u00a0\u00bb shape_divider_position=\u00a0\u00bbbottom\u00a0\u00bb bg_image_animation=\u00a0\u00bbnone\u00a0\u00bb gradient_type=\u00a0\u00bbdefault\u00a0\u00bb shape_type=\u00a0\u00bb\u00a0\u00bb][vc_column column_padding=\u00a0\u00bbno-extra-padding\u00a0\u00bb column_padding_tablet=\u00a0\u00bbinherit\u00a0\u00bb column_padding_phone=\u00a0\u00bbinherit\u00a0\u00bb column_padding_position=\u00a0\u00bball\u00a0\u00bb column_element_direction_desktop=\u00a0\u00bbdefault\u00a0\u00bb column_element_spacing=\u00a0\u00bbdefault\u00a0\u00bb desktop_text_alignment=\u00a0\u00bbdefault\u00a0\u00bb tablet_text_alignment=\u00a0\u00bbdefault\u00a0\u00bb phone_text_alignment=\u00a0\u00bbdefault\u00a0\u00bb background_color_opacity=\u00a0\u00bb1&Prime; background_hover_color_opacity=\u00a0\u00bb1&Prime; column_backdrop_filter=\u00a0\u00bbnone\u00a0\u00bb column_shadow=\u00a0\u00bbnone\u00a0\u00bb column_border_radius=\u00a0\u00bbnone\u00a0\u00bb column_link_target=\u00a0\u00bb_self\u00a0\u00bb column_position=\u00a0\u00bbdefault\u00a0\u00bb gradient_direction=\u00a0\u00bbleft_to_right\u00a0\u00bb overlay_strength=\u00a0\u00bb0.3&Prime; width=\u00a0\u00bb1\/1&Prime; tablet_width_inherit=\u00a0\u00bbdefault\u00a0\u00bb animation_type=\u00a0\u00bbdefault\u00a0\u00bb bg_image_animation=\u00a0\u00bbnone\u00a0\u00bb border_type=\u00a0\u00bbsimple\u00a0\u00bb column_border_width=\u00a0\u00bbnone\u00a0\u00bb column_border_style=\u00a0\u00bbsolid\u00a0\u00bb][vc_column_text]\n<h1><span style=\"color: #f15f41;\">Syst\u00e8me de signalement<\/span><\/h1>\n<p>&nbsp;<\/p>\n[\/vc_column_text][vc_column_text]Chez Avantio (Internet Tourism Solutions, SLU), nous nous engageons \u00e0 faire preuve d&rsquo;int\u00e9grit\u00e9, de transparence et d&rsquo;excellence dans toutes nos activit\u00e9s. Nous reconnaissons l&rsquo;importance de favoriser un environnement o\u00f9 la collaboration, la connaissance et la r\u00e9flexion \u00e0 long terme ne sont pas seulement des valeurs fondamentales, mais des principes qui guident nos actions quotidiennes.<\/p>\n<p>Nous comprenons que pour maintenir et nourrir ces valeurs, il est essentiel d&rsquo;\u00e9tablir des voies de communication qui permettent de laisser la parole de fa\u00e7on ouverte et honn\u00eate. C&rsquo;est pourquoi nous lan\u00e7ons notre syst\u00e8me de signalement, <strong>une plateforme s\u00e9curis\u00e9e et confidentielle<\/strong> con\u00e7ue pour les employ\u00e9s, les particuliers, les fournisseurs et toute partie int\u00e9ress\u00e9e qui souhaite signaler une \u00e9ventuelle irr\u00e9gularit\u00e9 ou violation du code d&rsquo;\u00e9thique d&rsquo;Avantio.<\/p>\n<p><em>Cet espace n&rsquo;est pas l&rsquo;espace appropri\u00e9 pour les plaintes des clients. Si vous souhaitez contacter notre service client\u00e8le, veuillez le faire par le biais des voies de communication fournies dans le VRMS ou en remplissant le formulaire sur notre <a href=\"https:\/\/www.avantio.com\/fr\/contactez-nous\/\">page de contact<\/a>.<\/em><\/p>\n<p>L&rsquo;information (la plainte) peut \u00eatre faite en identifiant l&rsquo;informateur (le plaignant), ou m\u00eame de mani\u00e8re anonyme. Veuillez noter que si l&rsquo;anonymat est choisi, l&rsquo;informateur ne pourra pas recevoir d&rsquo;informations sur l&rsquo;\u00e9volution du rapport, mais pourra seulement voir l&rsquo;\u00e9volution de son statut, en acc\u00e9dant directement \u00e0 l&rsquo;option de suivi avec l&rsquo;identifiant qui sera fourni \u00e0 la fin de l\u2019envoi de l&rsquo;information (rapport).<br \/>\nTant l&rsquo;informateur que les personnes concern\u00e9es par le rapport ont droit \u00e0 la pr\u00e9servation de leur identit\u00e9, dans les conditions pr\u00e9vues \u00e0 l&rsquo;article 32 de la loi 2\/2023 du 20 f\u00e9vrier. En outre, les informateurs ont une s\u00e9rie de droits, lorsque les informations qu&rsquo;ils fournissent sont conformes aux exigences des articles 2 et 35 de cette loi, y compris l&rsquo;interdiction des repr\u00e9sailles (article 36). Il convient \u00e9galement de prendre en consid\u00e9ration les mesures de soutien et de protection contre les repr\u00e9sailles pr\u00e9vues par les articles 37 et 38 de la loi.<\/p>\n<p>Il est essentiel de comprendre que la communication ou la divulgation publique d&rsquo;informations en sachant qu&rsquo;elles sont fausses est consid\u00e9r\u00e9e comme un d\u00e9lit tr\u00e8s grave. La loi du 16 f\u00e9vrier 2023 pr\u00e9voit des amendes allant de 30 001 \u00e0 300 000 euros pour les personnes qui se livrent \u00e0 ce type de comportement [articles 63.1.f) et 65.1.a)].<\/p>\n<p>Chez Avantio, nous valorisons et prot\u00e9geons l&rsquo;int\u00e9grit\u00e9 de notre communaut\u00e9. Par le biais de ce canal de communication, nous r\u00e9affirmons notre engagement en faveur d&rsquo;un environnement de travail \u00e9thique et responsable, et nous invitons chacun \u00e0 contribuer \u00e0 la pr\u00e9servation de nos normes rigoureuses..<\/p>\n<p>Pour plus d&rsquo;informations ou pour effectuer un signalement, veuillez acc\u00e9der \u00e0 cet espace en cliquant sur le bouton ci-dessous. Votre voix est essentielle dans notre qu\u00eate constante d&rsquo;excellence et d&rsquo;int\u00e9grit\u00e9.[\/vc_column_text][divider line_type=\u00a0\u00bbNo Line\u00a0\u00bb custom_height=\u00a0\u00bb40&Prime;][nectar_btn size=\u00a0\u00bbjumbo\u00a0\u00bb open_new_tab=\u00a0\u00bbtrue\u00a0\u00bb button_style=\u00a0\u00bbsee-through-2&Prime; color_override=\u00a0\u00bb#f15f41&Prime; hover_color_override=\u00a0\u00bb#f15f41&Prime; hover_text_color_override=\u00a0\u00bb#ffffff\u00a0\u00bb icon_family=\u00a0\u00bbdefault_arrow\u00a0\u00bb nofollow=\u00a0\u00bbtrue\u00a0\u00bb text=\u00a0\u00bbD\u00e9poser une R\u00e9clamation\u00a0\u00bb url=\u00a0\u00bbhttps:\/\/avantio.bizneohr.com\/whistleblowing-channel\u00a0\u00bb][\/vc_column][\/vc_row]\n","protected":false},"excerpt":{"rendered":"<p>[vc_row type=\u00a0\u00bbin_container\u00a0\u00bb full_screen_row_position=\u00a0\u00bbmiddle\u00a0\u00bb column_margin=\u00a0\u00bbdefault\u00a0\u00bb column_direction=\u00a0\u00bbdefault\u00a0\u00bb column_direction_tablet=\u00a0\u00bbdefault\u00a0\u00bb column_direction_phone=\u00a0\u00bbdefault\u00a0\u00bb scene_position=\u00a0\u00bbcenter\u00a0\u00bb top_padding=\u00a0\u00bb200&Prime; bottom_padding=\u00a0\u00bb200&Prime; left_padding_desktop=\u00a0\u00bb200&Prime; right_padding_desktop=\u00a0\u00bb200&Prime; top_padding_tablet=\u00a0\u00bb80&Prime; bottom_padding_tablet=\u00a0\u00bb80&Prime; left_padding_tablet=\u00a0\u00bb40&Prime; right_padding_tablet=\u00a0\u00bb20&Prime; top_padding_phone=\u00a0\u00bb40&Prime; bottom_padding_phone=\u00a0\u00bb40&Prime; left_padding_phone=\u00a0\u00bb20&Prime; right_padding_phone=\u00a0\u00bb20&Prime; text_color=\u00a0\u00bbdark\u00a0\u00bb text_align=\u00a0\u00bbleft\u00a0\u00bb row_border_radius=\u00a0\u00bbnone\u00a0\u00bb row_border_radius_applies=\u00a0\u00bbbg\u00a0\u00bb overflow=\u00a0\u00bbvisible\u00a0\u00bb advanced_gradient_angle=\u00a0\u00bb0&Prime; overlay_strength=\u00a0\u00bb0.3&Prime; gradient_direction=\u00a0\u00bbleft_to_right\u00a0\u00bb shape_divider_position=\u00a0\u00bbbottom\u00a0\u00bb bg_image_animation=\u00a0\u00bbnone\u00a0\u00bb&#8230;<\/p>\n","protected":false},"author":21,"featured_media":0,"parent":0,"menu_order":0,"comment_status":"closed","ping_status":"closed","template":"","meta":{"_acf_changed":false,"om_disable_all_campaigns":false,"inline_featured_image":false,"footnotes":""},"class_list":["post-35049","page","type-page","status-publish"],"acf":[],"yoast_head":"<!-- This site is optimized with the Yoast SEO Premium plugin v27.0 (Yoast SEO v27.0) - https:\/\/yoast.com\/product\/yoast-seo-premium-wordpress\/ -->\n<title>Syst\u00e8me de Signalement | Avantio<\/title>\n<meta name=\"description\" content=\"Avantio promeut un environnement \u00e9thique par le biais de son canal de d\u00e9nonciation, qui offre un espace s\u00fbr pour signaler des irr\u00e9gularit\u00e9s \u00e0 toute personne qui le souhaite\" \/>\n<meta name=\"robots\" content=\"index, follow, max-snippet:-1, max-image-preview:large, max-video-preview:-1\" \/>\n<link rel=\"canonical\" href=\"https:\/\/www.avantio.com\/fr\/systeme-signalement\/\" \/>\n<meta property=\"og:locale\" content=\"fr_FR\" \/>\n<meta property=\"og:type\" content=\"article\" \/>\n<meta property=\"og:title\" content=\"Canal de denuncias\" \/>\n<meta property=\"og:description\" content=\"Avantio promeut un environnement \u00e9thique par le biais de son canal de d\u00e9nonciation, qui offre un espace s\u00fbr pour signaler des irr\u00e9gularit\u00e9s \u00e0 toute personne qui le souhaite\" \/>\n<meta property=\"og:url\" content=\"https:\/\/www.avantio.com\/fr\/systeme-signalement\/\" \/>\n<meta property=\"og:site_name\" content=\"Avantio\" \/>\n<meta property=\"article:modified_time\" content=\"2026-03-10T08:39:32+00:00\" \/>\n<meta name=\"twitter:card\" content=\"summary_large_image\" \/>\n<meta name=\"twitter:label1\" content=\"Dur\u00e9e de lecture estim\u00e9e\" \/>\n\t<meta name=\"twitter:data1\" content=\"3 minutes\" \/>\n<script type=\"application\/ld+json\" class=\"yoast-schema-graph\">{\"@context\":\"https:\/\/schema.org\",\"@graph\":[{\"@type\":\"WebPage\",\"@id\":\"https:\/\/www.avantio.com\/fr\/systeme-signalement\/\",\"url\":\"https:\/\/www.avantio.com\/fr\/systeme-signalement\/\",\"name\":\"Syst\u00e8me de Signalement | Avantio\",\"isPartOf\":{\"@id\":\"https:\/\/www.avantio.com\/#website\"},\"datePublished\":\"2024-04-04T15:37:04+00:00\",\"dateModified\":\"2026-03-10T08:39:32+00:00\",\"description\":\"Avantio promeut un environnement \u00e9thique par le biais de son canal de d\u00e9nonciation, qui offre un espace s\u00fbr pour signaler des irr\u00e9gularit\u00e9s \u00e0 toute personne qui le souhaite\",\"breadcrumb\":{\"@id\":\"https:\/\/www.avantio.com\/fr\/systeme-signalement\/#breadcrumb\"},\"inLanguage\":\"fr-FR\",\"potentialAction\":[{\"@type\":\"ReadAction\",\"target\":[\"https:\/\/www.avantio.com\/fr\/systeme-signalement\/\"]}]},{\"@type\":\"BreadcrumbList\",\"@id\":\"https:\/\/www.avantio.com\/fr\/systeme-signalement\/#breadcrumb\",\"itemListElement\":[{\"@type\":\"ListItem\",\"position\":1,\"name\":\"Home\",\"item\":\"https:\/\/www.avantio.com\/\"},{\"@type\":\"ListItem\",\"position\":2,\"name\":\"Canal de denuncias\"}]},{\"@type\":\"WebSite\",\"@id\":\"https:\/\/www.avantio.com\/#website\",\"url\":\"https:\/\/www.avantio.com\/\",\"name\":\"Avantio\",\"description\":\"Vacation Rental Software\",\"publisher\":{\"@id\":\"https:\/\/www.avantio.com\/#organization\"},\"potentialAction\":[{\"@type\":\"SearchAction\",\"target\":{\"@type\":\"EntryPoint\",\"urlTemplate\":\"https:\/\/www.avantio.com\/?s={search_term_string}\"},\"query-input\":{\"@type\":\"PropertyValueSpecification\",\"valueRequired\":true,\"valueName\":\"search_term_string\"}}],\"inLanguage\":\"fr-FR\"},{\"@type\":\"Organization\",\"@id\":\"https:\/\/www.avantio.com\/#organization\",\"name\":\"Avantio\",\"url\":\"https:\/\/www.avantio.com\/\",\"logo\":{\"@type\":\"ImageObject\",\"inLanguage\":\"fr-FR\",\"@id\":\"https:\/\/www.avantio.com\/#\/schema\/logo\/image\/\",\"url\":\"https:\/\/www.avantio.com\/wp-content\/uploads\/2023\/08\/Avantio.jpg\",\"contentUrl\":\"https:\/\/www.avantio.com\/wp-content\/uploads\/2023\/08\/Avantio.jpg\",\"width\":696,\"height\":696,\"caption\":\"Avantio\"},\"image\":{\"@id\":\"https:\/\/www.avantio.com\/#\/schema\/logo\/image\/\"}}]}<\/script>\n<!-- \/ Yoast SEO Premium plugin. -->","yoast_head_json":{"title":"Syst\u00e8me de Signalement | Avantio","description":"Avantio promeut un environnement \u00e9thique par le biais de son canal de d\u00e9nonciation, qui offre un espace s\u00fbr pour signaler des irr\u00e9gularit\u00e9s \u00e0 toute personne qui le souhaite","robots":{"index":"index","follow":"follow","max-snippet":"max-snippet:-1","max-image-preview":"max-image-preview:large","max-video-preview":"max-video-preview:-1"},"canonical":"https:\/\/www.avantio.com\/fr\/systeme-signalement\/","og_locale":"fr_FR","og_type":"article","og_title":"Canal de denuncias","og_description":"Avantio promeut un environnement \u00e9thique par le biais de son canal de d\u00e9nonciation, qui offre un espace s\u00fbr pour signaler des irr\u00e9gularit\u00e9s \u00e0 toute personne qui le souhaite","og_url":"https:\/\/www.avantio.com\/fr\/systeme-signalement\/","og_site_name":"Avantio","article_modified_time":"2026-03-10T08:39:32+00:00","twitter_card":"summary_large_image","twitter_misc":{"Dur\u00e9e de lecture estim\u00e9e":"3 minutes"},"schema":{"@context":"https:\/\/schema.org","@graph":[{"@type":"WebPage","@id":"https:\/\/www.avantio.com\/fr\/systeme-signalement\/","url":"https:\/\/www.avantio.com\/fr\/systeme-signalement\/","name":"Syst\u00e8me de Signalement | Avantio","isPartOf":{"@id":"https:\/\/www.avantio.com\/#website"},"datePublished":"2024-04-04T15:37:04+00:00","dateModified":"2026-03-10T08:39:32+00:00","description":"Avantio promeut un environnement \u00e9thique par le biais de son canal de d\u00e9nonciation, qui offre un espace s\u00fbr pour signaler des irr\u00e9gularit\u00e9s \u00e0 toute personne qui le souhaite","breadcrumb":{"@id":"https:\/\/www.avantio.com\/fr\/systeme-signalement\/#breadcrumb"},"inLanguage":"fr-FR","potentialAction":[{"@type":"ReadAction","target":["https:\/\/www.avantio.com\/fr\/systeme-signalement\/"]}]},{"@type":"BreadcrumbList","@id":"https:\/\/www.avantio.com\/fr\/systeme-signalement\/#breadcrumb","itemListElement":[{"@type":"ListItem","position":1,"name":"Home","item":"https:\/\/www.avantio.com\/"},{"@type":"ListItem","position":2,"name":"Canal de denuncias"}]},{"@type":"WebSite","@id":"https:\/\/www.avantio.com\/#website","url":"https:\/\/www.avantio.com\/","name":"Avantio","description":"Vacation Rental Software","publisher":{"@id":"https:\/\/www.avantio.com\/#organization"},"potentialAction":[{"@type":"SearchAction","target":{"@type":"EntryPoint","urlTemplate":"https:\/\/www.avantio.com\/?s={search_term_string}"},"query-input":{"@type":"PropertyValueSpecification","valueRequired":true,"valueName":"search_term_string"}}],"inLanguage":"fr-FR"},{"@type":"Organization","@id":"https:\/\/www.avantio.com\/#organization","name":"Avantio","url":"https:\/\/www.avantio.com\/","logo":{"@type":"ImageObject","inLanguage":"fr-FR","@id":"https:\/\/www.avantio.com\/#\/schema\/logo\/image\/","url":"https:\/\/www.avantio.com\/wp-content\/uploads\/2023\/08\/Avantio.jpg","contentUrl":"https:\/\/www.avantio.com\/wp-content\/uploads\/2023\/08\/Avantio.jpg","width":696,"height":696,"caption":"Avantio"},"image":{"@id":"https:\/\/www.avantio.com\/#\/schema\/logo\/image\/"}}]}},"_links":{"self":[{"href":"https:\/\/www.avantio.com\/fr\/wp-json\/wp\/v2\/pages\/35049","targetHints":{"allow":["GET"]}}],"collection":[{"href":"https:\/\/www.avantio.com\/fr\/wp-json\/wp\/v2\/pages"}],"about":[{"href":"https:\/\/www.avantio.com\/fr\/wp-json\/wp\/v2\/types\/page"}],"author":[{"embeddable":true,"href":"https:\/\/www.avantio.com\/fr\/wp-json\/wp\/v2\/users\/21"}],"replies":[{"embeddable":true,"href":"https:\/\/www.avantio.com\/fr\/wp-json\/wp\/v2\/comments?post=35049"}],"version-history":[{"count":6,"href":"https:\/\/www.avantio.com\/fr\/wp-json\/wp\/v2\/pages\/35049\/revisions"}],"predecessor-version":[{"id":63895,"href":"https:\/\/www.avantio.com\/fr\/wp-json\/wp\/v2\/pages\/35049\/revisions\/63895"}],"wp:attachment":[{"href":"https:\/\/www.avantio.com\/fr\/wp-json\/wp\/v2\/media?parent=35049"}],"curies":[{"name":"wp","href":"https:\/\/api.w.org\/{rel}","templated":true}]}}