{"id":17090,"date":"2023-01-16T13:57:41","date_gmt":"2023-01-16T12:57:41","guid":{"rendered":"https:\/\/www.avantio.com\/?page_id=17090"},"modified":"2024-04-15T16:56:40","modified_gmt":"2024-04-15T14:56:40","slug":"conditions-generales-programme-de-recommandation","status":"publish","type":"page","link":"https:\/\/www.avantio.com\/fr\/conditions-generales-programme-de-recommandation\/","title":{"rendered":"Conditions g\u00e9n\u00e9rales du programme de recommandation"},"content":{"rendered":"[vc_row type=\u00a0\u00bbin_container\u00a0\u00bb full_screen_row_position=\u00a0\u00bbmiddle\u00a0\u00bb column_margin=\u00a0\u00bbdefault\u00a0\u00bb column_direction=\u00a0\u00bbdefault\u00a0\u00bb column_direction_tablet=\u00a0\u00bbdefault\u00a0\u00bb column_direction_phone=\u00a0\u00bbdefault\u00a0\u00bb scene_position=\u00a0\u00bbcenter\u00a0\u00bb top_padding=\u00a0\u00bb200&Prime; bottom_padding=\u00a0\u00bb200&Prime; left_padding_desktop=\u00a0\u00bb200&Prime; right_padding_desktop=\u00a0\u00bb200&Prime; top_padding_tablet=\u00a0\u00bb80&Prime; bottom_padding_tablet=\u00a0\u00bb80&Prime; left_padding_tablet=\u00a0\u00bb40&Prime; right_padding_tablet=\u00a0\u00bb20&Prime; top_padding_phone=\u00a0\u00bb40&Prime; bottom_padding_phone=\u00a0\u00bb40&Prime; left_padding_phone=\u00a0\u00bb20&Prime; right_padding_phone=\u00a0\u00bb20&Prime; text_color=\u00a0\u00bbdark\u00a0\u00bb text_align=\u00a0\u00bbleft\u00a0\u00bb row_border_radius=\u00a0\u00bbnone\u00a0\u00bb row_border_radius_applies=\u00a0\u00bbbg\u00a0\u00bb overflow=\u00a0\u00bbvisible\u00a0\u00bb advanced_gradient_angle=\u00a0\u00bb0&Prime; overlay_strength=\u00a0\u00bb0.3&Prime; gradient_direction=\u00a0\u00bbleft_to_right\u00a0\u00bb shape_divider_position=\u00a0\u00bbbottom\u00a0\u00bb bg_image_animation=\u00a0\u00bbnone\u00a0\u00bb gradient_type=\u00a0\u00bbdefault\u00a0\u00bb shape_type=\u00a0\u00bb\u00a0\u00bb][vc_column column_padding=\u00a0\u00bbno-extra-padding\u00a0\u00bb column_padding_tablet=\u00a0\u00bbinherit\u00a0\u00bb column_padding_phone=\u00a0\u00bbinherit\u00a0\u00bb column_padding_position=\u00a0\u00bball\u00a0\u00bb column_element_spacing=\u00a0\u00bbdefault\u00a0\u00bb background_color_opacity=\u00a0\u00bb1&Prime; background_hover_color_opacity=\u00a0\u00bb1&Prime; column_shadow=\u00a0\u00bbnone\u00a0\u00bb column_border_radius=\u00a0\u00bbnone\u00a0\u00bb column_link_target=\u00a0\u00bb_self\u00a0\u00bb column_position=\u00a0\u00bbdefault\u00a0\u00bb gradient_direction=\u00a0\u00bbleft_to_right\u00a0\u00bb overlay_strength=\u00a0\u00bb0.3&Prime; width=\u00a0\u00bb1\/1&Prime; tablet_width_inherit=\u00a0\u00bbdefault\u00a0\u00bb tablet_text_alignment=\u00a0\u00bbdefault\u00a0\u00bb phone_text_alignment=\u00a0\u00bbdefault\u00a0\u00bb animation_type=\u00a0\u00bbdefault\u00a0\u00bb bg_image_animation=\u00a0\u00bbnone\u00a0\u00bb border_type=\u00a0\u00bbsimple\u00a0\u00bb column_border_width=\u00a0\u00bbnone\u00a0\u00bb column_border_style=\u00a0\u00bbsolid\u00a0\u00bb][vc_column_text]\n<h1><span style=\"color: #f15f41;\">Programme de Recommandation<\/span><\/h1>\n[\/vc_column_text][vc_column_text]The Referral Le programme de recommandation pour les clients actuels qui nous recommandent \u00e0 d&rsquo;autres soci\u00e9t\u00e9s de location de vacances. Le syst\u00e8me de r\u00e9mun\u00e9ration fonctionne comme cela :[\/vc_column_text][divider line_type=\u00a0\u00bbNo Line\u00a0\u00bb custom_height=\u00a0\u00bb40&Prime;][vc_column_text]\n<h3><span style=\"color: #f15f41;\">R\u00e9duction \u00e0 notre client existant (r\u00e9f\u00e9rent) :<\/span><\/h3>\n[\/vc_column_text][divider line_type=\u00a0\u00bbNo Line\u00a0\u00bb custom_height=\u00a0\u00bb40&Prime;][nectar_icon_list color=\u00a0\u00bbdefault\u00a0\u00bb direction=\u00a0\u00bbvertical\u00a0\u00bb icon_size=\u00a0\u00bbsmall\u00a0\u00bb icon_style=\u00a0\u00bbborder\u00a0\u00bb][nectar_icon_list_item icon_type=\u00a0\u00bbnumerical\u00a0\u00bb text_full_html=\u00a0\u00bbsimple\u00a0\u00bb title=\u00a0\u00bbList Item\u00a0\u00bb id=\u00a0\u00bb1713192965587-6&Prime; text=\u00a0\u00bbLorsque le client recommand\u00e9 rejoint Avantio, le client initial recevra une r\u00e9duction de 500 \u20ac sur sa prochaine facture Avantio.\u00a0\u00bb tab_id=\u00a0\u00bb1713192965587-7&Prime;][\/nectar_icon_list_item][nectar_icon_list_item icon_type=\u00a0\u00bbnumerical\u00a0\u00bb text_full_html=\u00a0\u00bbsimple\u00a0\u00bb title=\u00a0\u00bbList Item\u00a0\u00bb id=\u00a0\u00bb1713192965607-2&Prime; tab_id=\u00a0\u00bb1713192965608-8&Prime; text=\u00a0\u00bbPour que cette r\u00e9duction soit effective, la recommandation doit \u00eatre explicite, par \u00e9crit (lettre, e-mail ou similaire) et Avantio doit avoir une confirmation \u00e9crite de la recommandation.\u00a0\u00bb][\/nectar_icon_list_item][nectar_icon_list_item icon_type=\u00a0\u00bbnumerical\u00a0\u00bb text_full_html=\u00a0\u00bbsimple\u00a0\u00bb title=\u00a0\u00bbSection\u00a0\u00bb id=\u00a0\u00bb1713192965617-5&Prime; text=\u00a0\u00bbLes paiements pour cette action de recommandation seront effectu\u00e9s trois mois apr\u00e8s la signature du nouveau client (recommand\u00e9).\u00a0\u00bb tab_id=\u00a0\u00bb1713192965618-3&Prime;][\/nectar_icon_list_item][nectar_icon_list_item icon_type=\u00a0\u00bbnumerical\u00a0\u00bb text_full_html=\u00a0\u00bbsimple\u00a0\u00bb title=\u00a0\u00bbSection\u00a0\u00bb id=\u00a0\u00bb1713192965625-1&Prime; text=\u00a0\u00bbDans le cas o\u00f9 l&rsquo;entreprise recommand\u00e9e se retire au cours des 3 premiers mois de collaboration, ou n&rsquo;effectue pas les paiements de mani\u00e8re pertinente et efficace, conform\u00e9ment au plan \u00e9tabli conjointement avec Avantio, cette indemnisation par le programme de r\u00e9f\u00e9rence sera suspendue ind\u00e9finiment jusqu&rsquo;\u00e0 ce que les parties r\u00e9solvent la situation irr\u00e9guli\u00e8re existante.\u00a0\u00bb tab_id=\u00a0\u00bb1713192965625-10&Prime;][\/nectar_icon_list_item][\/nectar_icon_list][divider line_type=\u00a0\u00bbNo Line\u00a0\u00bb custom_height=\u00a0\u00bb40&Prime;][divider line_type=\u00a0\u00bbNo Line\u00a0\u00bb custom_height=\u00a0\u00bb40&Prime;][vc_column_text]<em>Cette promotion n&rsquo;est pas cumulable avec d&rsquo;autres promotions.<\/em><\/p>\n[\/vc_column_text][divider line_type=\u00a0\u00bbNo Line\u00a0\u00bb custom_height=\u00a0\u00bb40&Prime;][\/vc_column][\/vc_row]\n","protected":false},"excerpt":{"rendered":"<p>[vc_row type=\u00a0\u00bbin_container\u00a0\u00bb full_screen_row_position=\u00a0\u00bbmiddle\u00a0\u00bb column_margin=\u00a0\u00bbdefault\u00a0\u00bb column_direction=\u00a0\u00bbdefault\u00a0\u00bb column_direction_tablet=\u00a0\u00bbdefault\u00a0\u00bb column_direction_phone=\u00a0\u00bbdefault\u00a0\u00bb scene_position=\u00a0\u00bbcenter\u00a0\u00bb top_padding=\u00a0\u00bb200&Prime; bottom_padding=\u00a0\u00bb200&Prime; left_padding_desktop=\u00a0\u00bb200&Prime; right_padding_desktop=\u00a0\u00bb200&Prime; top_padding_tablet=\u00a0\u00bb80&Prime; bottom_padding_tablet=\u00a0\u00bb80&Prime; left_padding_tablet=\u00a0\u00bb40&Prime; right_padding_tablet=\u00a0\u00bb20&Prime; top_padding_phone=\u00a0\u00bb40&Prime; bottom_padding_phone=\u00a0\u00bb40&Prime; left_padding_phone=\u00a0\u00bb20&Prime; right_padding_phone=\u00a0\u00bb20&Prime; text_color=\u00a0\u00bbdark\u00a0\u00bb text_align=\u00a0\u00bbleft\u00a0\u00bb row_border_radius=\u00a0\u00bbnone\u00a0\u00bb row_border_radius_applies=\u00a0\u00bbbg\u00a0\u00bb overflow=\u00a0\u00bbvisible\u00a0\u00bb advanced_gradient_angle=\u00a0\u00bb0&Prime; overlay_strength=\u00a0\u00bb0.3&Prime; gradient_direction=\u00a0\u00bbleft_to_right\u00a0\u00bb shape_divider_position=\u00a0\u00bbbottom\u00a0\u00bb bg_image_animation=\u00a0\u00bbnone\u00a0\u00bb&#8230;<\/p>\n","protected":false},"author":3,"featured_media":0,"parent":0,"menu_order":80,"comment_status":"closed","ping_status":"closed","template":"","meta":{"_acf_changed":false,"om_disable_all_campaigns":false,"inline_featured_image":false,"footnotes":""},"class_list":["post-17090","page","type-page","status-publish"],"acf":[],"yoast_head":"<!-- This site is optimized with the Yoast SEO Premium plugin v27.0 (Yoast SEO v27.0) - https:\/\/yoast.com\/product\/yoast-seo-premium-wordpress\/ -->\n<title>Conditions g\u00e9n\u00e9rales du programme de recommandation | Avantio<\/title>\n<meta name=\"robots\" content=\"noindex, nofollow\" \/>\n<meta property=\"og:locale\" content=\"fr_FR\" \/>\n<meta property=\"og:type\" content=\"article\" \/>\n<meta property=\"og:title\" content=\"Conditions g\u00e9n\u00e9rales du programme de recommandation\" \/>\n<meta property=\"og:description\" content=\"[vc_row type=\u00a0\u00bbin_container\u00a0\u00bb full_screen_row_position=\u00a0\u00bbmiddle\u00a0\u00bb column_margin=\u00a0\u00bbdefault\u00a0\u00bb column_direction=\u00a0\u00bbdefault\u00a0\u00bb column_direction_tablet=\u00a0\u00bbdefault\u00a0\u00bb column_direction_phone=\u00a0\u00bbdefault\u00a0\u00bb scene_position=\u00a0\u00bbcenter\u00a0\u00bb top_padding=\u00a0\u00bb200&Prime; bottom_padding=\u00a0\u00bb200&Prime; left_padding_desktop=\u00a0\u00bb200&Prime; right_padding_desktop=\u00a0\u00bb200&Prime; top_padding_tablet=\u00a0\u00bb80&Prime; bottom_padding_tablet=\u00a0\u00bb80&Prime; left_padding_tablet=\u00a0\u00bb40&Prime; right_padding_tablet=\u00a0\u00bb20&Prime; top_padding_phone=\u00a0\u00bb40&Prime; bottom_padding_phone=\u00a0\u00bb40&Prime; left_padding_phone=\u00a0\u00bb20&Prime; right_padding_phone=\u00a0\u00bb20&Prime; text_color=\u00a0\u00bbdark\u00a0\u00bb text_align=\u00a0\u00bbleft\u00a0\u00bb row_border_radius=\u00a0\u00bbnone\u00a0\u00bb row_border_radius_applies=\u00a0\u00bbbg\u00a0\u00bb overflow=\u00a0\u00bbvisible\u00a0\u00bb advanced_gradient_angle=\u00a0\u00bb0&Prime; overlay_strength=\u00a0\u00bb0.3&Prime; gradient_direction=\u00a0\u00bbleft_to_right\u00a0\u00bb shape_divider_position=\u00a0\u00bbbottom\u00a0\u00bb bg_image_animation=\u00a0\u00bbnone\u00a0\u00bb...\" \/>\n<meta property=\"og:url\" content=\"https:\/\/www.avantio.com\/terms-conditions-referral-program\/\" \/>\n<meta property=\"og:site_name\" content=\"Avantio\" \/>\n<meta property=\"article:modified_time\" content=\"2024-04-15T14:56:40+00:00\" \/>\n<meta name=\"twitter:card\" content=\"summary_large_image\" \/>\n<meta name=\"twitter:label1\" content=\"Dur\u00e9e de lecture estim\u00e9e\" \/>\n\t<meta name=\"twitter:data1\" content=\"2 minutes\" \/>\n<script type=\"application\/ld+json\" class=\"yoast-schema-graph\">{\"@context\":\"https:\/\/schema.org\",\"@graph\":[{\"@type\":\"WebPage\",\"@id\":\"https:\/\/www.avantio.com\/terms-conditions-referral-program\/\",\"url\":\"https:\/\/www.avantio.com\/terms-conditions-referral-program\/\",\"name\":\"Conditions g\u00e9n\u00e9rales du programme de recommandation | Avantio\",\"isPartOf\":{\"@id\":\"https:\/\/www.avantio.com\/#website\"},\"datePublished\":\"2023-01-16T12:57:41+00:00\",\"dateModified\":\"2024-04-15T14:56:40+00:00\",\"breadcrumb\":{\"@id\":\"https:\/\/www.avantio.com\/terms-conditions-referral-program\/#breadcrumb\"},\"inLanguage\":\"fr-FR\",\"potentialAction\":[{\"@type\":\"ReadAction\",\"target\":[\"https:\/\/www.avantio.com\/terms-conditions-referral-program\/\"]}]},{\"@type\":\"BreadcrumbList\",\"@id\":\"https:\/\/www.avantio.com\/terms-conditions-referral-program\/#breadcrumb\",\"itemListElement\":[{\"@type\":\"ListItem\",\"position\":1,\"name\":\"Home\",\"item\":\"https:\/\/www.avantio.com\/\"},{\"@type\":\"ListItem\",\"position\":2,\"name\":\"Conditions g\u00e9n\u00e9rales du programme de recommandation\"}]},{\"@type\":\"WebSite\",\"@id\":\"https:\/\/www.avantio.com\/#website\",\"url\":\"https:\/\/www.avantio.com\/\",\"name\":\"Avantio\",\"description\":\"Vacation Rental Software\",\"publisher\":{\"@id\":\"https:\/\/www.avantio.com\/#organization\"},\"potentialAction\":[{\"@type\":\"SearchAction\",\"target\":{\"@type\":\"EntryPoint\",\"urlTemplate\":\"https:\/\/www.avantio.com\/?s={search_term_string}\"},\"query-input\":{\"@type\":\"PropertyValueSpecification\",\"valueRequired\":true,\"valueName\":\"search_term_string\"}}],\"inLanguage\":\"fr-FR\"},{\"@type\":\"Organization\",\"@id\":\"https:\/\/www.avantio.com\/#organization\",\"name\":\"Avantio\",\"url\":\"https:\/\/www.avantio.com\/\",\"logo\":{\"@type\":\"ImageObject\",\"inLanguage\":\"fr-FR\",\"@id\":\"https:\/\/www.avantio.com\/#\/schema\/logo\/image\/\",\"url\":\"https:\/\/www.avantio.com\/wp-content\/uploads\/2023\/08\/Avantio.jpg\",\"contentUrl\":\"https:\/\/www.avantio.com\/wp-content\/uploads\/2023\/08\/Avantio.jpg\",\"width\":696,\"height\":696,\"caption\":\"Avantio\"},\"image\":{\"@id\":\"https:\/\/www.avantio.com\/#\/schema\/logo\/image\/\"}}]}<\/script>\n<!-- \/ Yoast SEO Premium plugin. -->","yoast_head_json":{"title":"Conditions g\u00e9n\u00e9rales du programme de recommandation | Avantio","robots":{"index":"noindex","follow":"nofollow"},"og_locale":"fr_FR","og_type":"article","og_title":"Conditions g\u00e9n\u00e9rales du programme de recommandation","og_description":"[vc_row type=\u00a0\u00bbin_container\u00a0\u00bb full_screen_row_position=\u00a0\u00bbmiddle\u00a0\u00bb column_margin=\u00a0\u00bbdefault\u00a0\u00bb column_direction=\u00a0\u00bbdefault\u00a0\u00bb column_direction_tablet=\u00a0\u00bbdefault\u00a0\u00bb column_direction_phone=\u00a0\u00bbdefault\u00a0\u00bb scene_position=\u00a0\u00bbcenter\u00a0\u00bb top_padding=\u00a0\u00bb200&Prime; bottom_padding=\u00a0\u00bb200&Prime; left_padding_desktop=\u00a0\u00bb200&Prime; right_padding_desktop=\u00a0\u00bb200&Prime; top_padding_tablet=\u00a0\u00bb80&Prime; bottom_padding_tablet=\u00a0\u00bb80&Prime; left_padding_tablet=\u00a0\u00bb40&Prime; right_padding_tablet=\u00a0\u00bb20&Prime; top_padding_phone=\u00a0\u00bb40&Prime; bottom_padding_phone=\u00a0\u00bb40&Prime; left_padding_phone=\u00a0\u00bb20&Prime; right_padding_phone=\u00a0\u00bb20&Prime; text_color=\u00a0\u00bbdark\u00a0\u00bb text_align=\u00a0\u00bbleft\u00a0\u00bb row_border_radius=\u00a0\u00bbnone\u00a0\u00bb row_border_radius_applies=\u00a0\u00bbbg\u00a0\u00bb overflow=\u00a0\u00bbvisible\u00a0\u00bb advanced_gradient_angle=\u00a0\u00bb0&Prime; overlay_strength=\u00a0\u00bb0.3&Prime; gradient_direction=\u00a0\u00bbleft_to_right\u00a0\u00bb shape_divider_position=\u00a0\u00bbbottom\u00a0\u00bb bg_image_animation=\u00a0\u00bbnone\u00a0\u00bb...","og_url":"https:\/\/www.avantio.com\/terms-conditions-referral-program\/","og_site_name":"Avantio","article_modified_time":"2024-04-15T14:56:40+00:00","twitter_card":"summary_large_image","twitter_misc":{"Dur\u00e9e de lecture estim\u00e9e":"2 minutes"},"schema":{"@context":"https:\/\/schema.org","@graph":[{"@type":"WebPage","@id":"https:\/\/www.avantio.com\/terms-conditions-referral-program\/","url":"https:\/\/www.avantio.com\/terms-conditions-referral-program\/","name":"Conditions g\u00e9n\u00e9rales du programme de recommandation | Avantio","isPartOf":{"@id":"https:\/\/www.avantio.com\/#website"},"datePublished":"2023-01-16T12:57:41+00:00","dateModified":"2024-04-15T14:56:40+00:00","breadcrumb":{"@id":"https:\/\/www.avantio.com\/terms-conditions-referral-program\/#breadcrumb"},"inLanguage":"fr-FR","potentialAction":[{"@type":"ReadAction","target":["https:\/\/www.avantio.com\/terms-conditions-referral-program\/"]}]},{"@type":"BreadcrumbList","@id":"https:\/\/www.avantio.com\/terms-conditions-referral-program\/#breadcrumb","itemListElement":[{"@type":"ListItem","position":1,"name":"Home","item":"https:\/\/www.avantio.com\/"},{"@type":"ListItem","position":2,"name":"Conditions g\u00e9n\u00e9rales du programme de recommandation"}]},{"@type":"WebSite","@id":"https:\/\/www.avantio.com\/#website","url":"https:\/\/www.avantio.com\/","name":"Avantio","description":"Vacation Rental Software","publisher":{"@id":"https:\/\/www.avantio.com\/#organization"},"potentialAction":[{"@type":"SearchAction","target":{"@type":"EntryPoint","urlTemplate":"https:\/\/www.avantio.com\/?s={search_term_string}"},"query-input":{"@type":"PropertyValueSpecification","valueRequired":true,"valueName":"search_term_string"}}],"inLanguage":"fr-FR"},{"@type":"Organization","@id":"https:\/\/www.avantio.com\/#organization","name":"Avantio","url":"https:\/\/www.avantio.com\/","logo":{"@type":"ImageObject","inLanguage":"fr-FR","@id":"https:\/\/www.avantio.com\/#\/schema\/logo\/image\/","url":"https:\/\/www.avantio.com\/wp-content\/uploads\/2023\/08\/Avantio.jpg","contentUrl":"https:\/\/www.avantio.com\/wp-content\/uploads\/2023\/08\/Avantio.jpg","width":696,"height":696,"caption":"Avantio"},"image":{"@id":"https:\/\/www.avantio.com\/#\/schema\/logo\/image\/"}}]}},"_links":{"self":[{"href":"https:\/\/www.avantio.com\/fr\/wp-json\/wp\/v2\/pages\/17090","targetHints":{"allow":["GET"]}}],"collection":[{"href":"https:\/\/www.avantio.com\/fr\/wp-json\/wp\/v2\/pages"}],"about":[{"href":"https:\/\/www.avantio.com\/fr\/wp-json\/wp\/v2\/types\/page"}],"author":[{"embeddable":true,"href":"https:\/\/www.avantio.com\/fr\/wp-json\/wp\/v2\/users\/3"}],"replies":[{"embeddable":true,"href":"https:\/\/www.avantio.com\/fr\/wp-json\/wp\/v2\/comments?post=17090"}],"version-history":[{"count":16,"href":"https:\/\/www.avantio.com\/fr\/wp-json\/wp\/v2\/pages\/17090\/revisions"}],"predecessor-version":[{"id":34845,"href":"https:\/\/www.avantio.com\/fr\/wp-json\/wp\/v2\/pages\/17090\/revisions\/34845"}],"wp:attachment":[{"href":"https:\/\/www.avantio.com\/fr\/wp-json\/wp\/v2\/media?parent=17090"}],"curies":[{"name":"wp","href":"https:\/\/api.w.org\/{rel}","templated":true}]}}