{"id":15791,"date":"2022-12-14T17:11:56","date_gmt":"2022-12-14T16:11:56","guid":{"rendered":"https:\/\/www.avantio.com\/?page_id=15791"},"modified":"2022-12-14T11:56:43","modified_gmt":"2022-12-14T10:56:43","slug":"politiques-confidencialite-reseaux-sociaux","status":"publish","type":"page","link":"https:\/\/www.avantio.com\/fr\/politiques-confidencialite-reseaux-sociaux\/","title":{"rendered":"Politiques de confidencialit\u00e9 des Reseaux Sociaux"},"content":{"rendered":"[vc_row type=\u00a0\u00bbin_container\u00a0\u00bb full_screen_row_position=\u00a0\u00bbmiddle\u00a0\u00bb column_margin=\u00a0\u00bbdefault\u00a0\u00bb column_direction=\u00a0\u00bbdefault\u00a0\u00bb column_direction_tablet=\u00a0\u00bbdefault\u00a0\u00bb column_direction_phone=\u00a0\u00bbdefault\u00a0\u00bb scene_position=\u00a0\u00bbcenter\u00a0\u00bb text_color=\u00a0\u00bbdark\u00a0\u00bb text_align=\u00a0\u00bbleft\u00a0\u00bb row_border_radius=\u00a0\u00bbnone\u00a0\u00bb row_border_radius_applies=\u00a0\u00bbbg\u00a0\u00bb overflow=\u00a0\u00bbvisible\u00a0\u00bb class=\u00a0\u00bbsection-block only&#8211;bot\u00a0\u00bb advanced_gradient_angle=\u00a0\u00bb0&Prime; overlay_strength=\u00a0\u00bb0.3&Prime; gradient_direction=\u00a0\u00bbleft_to_right\u00a0\u00bb shape_divider_position=\u00a0\u00bbbottom\u00a0\u00bb bg_image_animation=\u00a0\u00bbnone\u00a0\u00bb gradient_type=\u00a0\u00bbdefault\u00a0\u00bb shape_type=\u00a0\u00bb\u00a0\u00bb][vc_column column_padding=\u00a0\u00bbno-extra-padding\u00a0\u00bb column_padding_tablet=\u00a0\u00bbinherit\u00a0\u00bb column_padding_phone=\u00a0\u00bbinherit\u00a0\u00bb column_padding_position=\u00a0\u00bball\u00a0\u00bb column_element_spacing=\u00a0\u00bbdefault\u00a0\u00bb background_color_opacity=\u00a0\u00bb1&Prime; background_hover_color_opacity=\u00a0\u00bb1&Prime; column_shadow=\u00a0\u00bbnone\u00a0\u00bb column_border_radius=\u00a0\u00bbnone\u00a0\u00bb column_link_target=\u00a0\u00bb_self\u00a0\u00bb column_position=\u00a0\u00bbdefault\u00a0\u00bb gradient_direction=\u00a0\u00bbleft_to_right\u00a0\u00bb overlay_strength=\u00a0\u00bb0.3&Prime; width=\u00a0\u00bb2\/3&Prime; tablet_width_inherit=\u00a0\u00bbdefault\u00a0\u00bb tablet_text_alignment=\u00a0\u00bbdefault\u00a0\u00bb phone_text_alignment=\u00a0\u00bbdefault\u00a0\u00bb animation_type=\u00a0\u00bbdefault\u00a0\u00bb bg_image_animation=\u00a0\u00bbnone\u00a0\u00bb border_type=\u00a0\u00bbsimple\u00a0\u00bb column_border_width=\u00a0\u00bbnone\u00a0\u00bb column_border_style=\u00a0\u00bbsolid\u00a0\u00bb][vc_column_text]\n<h2>Politiques de confidencialit\u00e9 des Reseaux Sociaux<\/h2>\n<p>En conformit\u00e9 avec ce qui a \u00e9t\u00e9 \u00e9tabli dans la norme en vigueur sur la Protection de Donn\u00e9es \u00e0 Caract\u00e8re Personnel (RGPD) et la loi 34\/2002, du 11 juillet, des Services de la Soci\u00e9t\u00e9 de l&rsquo;Information et du Commerce Electronique (LSSI-CE), la soci\u00e9t\u00e9 INTERNET TOURISM SOLUTIONS SL informe les utilisateurs qu&rsquo;elle a cr\u00e9\u00e9 un profil sur les R\u00e9seaux Sociaux Twitter, Linkedin avec la finalit\u00e9 principale de promouvoir ses produits et services.<\/p>\n<ul>\n<li>Donn\u00e9es de INTERNET TOURISM SOLUTIONS SL<br \/>\nCIF: B97090138<br \/>\nADRESSE: rue CHARLES ROBERT DARWIN 5, 46980 PATERNA &#8211; VALENCIA<br \/>\nEmail: info@avantio.com<br \/>\nNom de domaine: www.avantio.fr<\/li>\n<\/ul>\n<p>L&rsquo;utilisateur dispose d&rsquo;un profil sur le m\u00eame site de r\u00e9seaux sociaux et d\u00e9cide de souscrire \u00e0 la page cr\u00e9\u00e9e par la soci\u00e9t\u00e9 INTERNET TOURISM SOLUTIONS SL, montrant ainsi un int\u00e9ret pour l&rsquo;information qui est divulgu\u00e9e sur la page. En souscrivant \u00e0 notre page, il nous transmet son consentement pour le traitement des donn\u00e9es personnelles plubli\u00e9es sur son profil.<\/p>\n<p>L&rsquo;utilisateur peut acc\u00e9der \u00e0 tout moment aux politiques de confidentialit\u00e9 de la page de r\u00e9seaux sociaux, et il pourra \u00e9galement configurer son profil pour garantir une certaine confidentialit\u00e9.<\/p>\n<p>La soci\u00e9t\u00e9 INTERNET TOURISM SOLUTIONS SL peut acc\u00e9der et traiter toute l&rsquo;informtation plublique de l&rsquo;utilisateur, et en particulier son nom de contact. Ces donn\u00e9es sont utilis\u00e9es uniquement au sein de la page de r\u00e9seaux sociaux. Elles ne sont incorpor\u00e9es \u00e0 aucun fichier.<\/p>\n<p>En ce qui concerne les droits d&rsquo;acc\u00e8s, de modification, d&rsquo;annulation et d&rsquo;opposition dont vous disposez et que vous pouvez exercer par rapport \u00e0 INTERNET TOURISM SOLUTIONS SL, en accord avec la RGPD, vous devez prendre en compte les indications suivantes:<\/p>\n<ul>\n<li>Acc\u00e8s: il sera d\u00e9fini par la fonctionnalit\u00e9 du site de r\u00e9seaux sociaux et la capacit\u00e9 d&rsquo;acc\u00e8s \u00e0 l&rsquo;information des profils des utilisateurs.<\/li>\n<li>Modification: ce droit pourra \u00eatre utilis\u00e9 uniquement en fonction de l&rsquo;information qui se trouve sous le contr\u00f4le de la soci\u00e9t\u00e9 INTERNET TOURISM SOLUTIONS SL, comme par exemple, le fait de supprimer des commentaires publi\u00e9s sur la propre page. Normalement, ce droit devra \u00eatre exerc\u00e9 devant le site de r\u00e9seaux sociaux.<\/li>\n<li>Annulation et\/ou Opposition: Comme dans le cas ant\u00e9rieur, ce droit pourra \u00eatre exerc\u00e9 uniquement en fonction de l&rsquo;information qui se trouve sous le contr\u00f4le de la soci\u00e9t\u00e9 INTERNET TOURISM SOLUTIONS SL, comme par exemple, de ne plus \u00eatre relationn\u00e9 au profil.<\/li>\n<\/ul>\n<p>La soci\u00e9t\u00e9 INTERNET TOURISM SOLUTIONS SL r\u00e9alisera les actions suivantes:<\/p>\n<ul>\n<li>Acc\u00e8s \u00e0 l&rsquo;information publique du profile.<\/li>\n<li>Publication sur le profil de l&rsquo;utilisateur de toute l&rsquo;information d\u00e9j\u00e0 publi\u00e9e sur le site de la soci\u00e9t\u00e9 INTERNET TOURISM SOLUTIONS SL.<\/li>\n<li>Envoyer des messages personnels et individuels \u00e0 travers les canaux du site de r\u00e9seaux sociaux.<\/li>\n<li>Mises \u00e0 jour de la page qui seront publi\u00e9es sur le profil de l&rsquo;utilisateur.<\/li>\n<\/ul>\n<p>L&rsquo;utilisateur pourra toujours contr\u00f4ler ses connections, supprimer les contenus qui ne l&rsquo;interessent pas et restreindre les personnes avec qui il partage ses connections. Pour ce faire, il devra acc\u00e8der \u00e0 la configuration des politiques de confidentialit\u00e9.<\/p>\n<h3>Publications<\/h3>\n<p>L&rsquo;utilisateur, une fois qu&rsquo;il a rejoint la page de la soci\u00e9t\u00e9 INTERNET TOURISM SOLUTIONS SL, il pourra publier sur celle-ci des commentaires, des liens, des images ou des photos, ou tout type de contenu multimedia homologu\u00e9 par le site de re\u00e9seaux sociaux en question. L&rsquo;utilisateur, dans tous les cas, doit \u00eatre la personne responsable de ces actions diverses, et doit r\u00e9pondre des droits d&rsquo;auteur et de propri\u00e9t\u00e9 intellectuelle ou avoir donn\u00e9 son consentement aux tiers impliqu\u00e9s. Il est formellement interdit de r\u00e9aliser toute plublication, qu&rsquo;il s&rsquo;agisse de textes, graphismes, photos, videos etc. qui offensent ou qui soient susceptibles d&rsquo;offenser la morale, l&rsquo;\u00e9thique, le bon go\u00fbt ou la biens\u00e9ance, et\/ou qui vont \u00e0 l&rsquo;encontre et s&rsquo;opposent aux droits de propri\u00e9t\u00e9 intellectuelle ou industrielle, le droit d&rsquo;image ou la Loi. Dans ces cas pr\u00e9cis, la soci\u00e9t\u00e9 INTERNET TOURSIM SOLUTIONS SL se r\u00e9serve le droit de retirer immediatement le contenu, et la possibilit\u00e9 de demander le bloquage permanent de l&rsquo;utilisateur.<\/p>\n<p>INTERNET TOURISM SOLUTIONS SL ne se responsabilise pas des contenus publi\u00e9s librement par l&rsquo;utilisateur.<\/p>\n<p>L&rsquo;utilisateur doit \u00eatre conscient que ses publications seront consult\u00e9es par les autres utilisateurs. De ce fait, l&rsquo;utilisateur est lui m\u00eame responsable de leur confidentialit\u00e9.<\/p>\n<p>Les images qui peuvent \u00eatre publi\u00e9es sur la page ne seront pas stock\u00e9es, dans aucun fichier, par la soci\u00e9t\u00e9 INTERNET TOURISM SOLUTIONS SL, mais ces images resteront publiques sur la page du site de r\u00e9seaux sociaux en question.<\/p>\n<h3>Concours et promotions<\/h3>\n<p>La soci\u00e9t\u00e9 INTERNET TOURISM SOLUTIONS SL se r\u00e9serve le droit de r\u00e9aliser des concours et des promotions auxquels pourront participer les utilisateurs qui ont souscrit \u00e0 la page.<br \/>\nLes r\u00e8gles de chaque concours ou promotion, si la plateforme de la page de r\u00e9seaux sociaux est utilis\u00e9e, seront publi\u00e9es sur la page en question. Toujours en accord avec la LSSI-CE et avec toute autre norme qui s&rsquo;y applique.<\/p>\n<p>Le site de r\u00e9seaux sociaux ne sponsorise pas, ne garantit ni ne g\u00e8re, d&rsquo;aucune fa\u00e7on, la moindre de nos promotions, ni est associ\u00e9 \u00e0 aucune d&rsquo;entre elles.<\/p>\n<h3>Publicit\u00e9<\/h3>\n<p>La soci\u00e9t\u00e9 INTERNET TOURISM SOLUTIONS SL utilisera la page de r\u00e9seaux sociaux pour promouvoir ses produits et ses services, et dans tous les cas, si la soci\u00e9t\u00e9 d\u00e9cide de traiter vos donn\u00e9es de contact pour r\u00e9aliser des actions directes de prospection commerciale, cela sera toujours effectu\u00e9 en accord avec les exigences l\u00e9gales de la RGPD et de la LSSI-CE.<\/p>\n<p>Il ne sera pas consid\u00e9r\u00e9 comme publicit\u00e9 le fait de recommander \u00e0 d&rsquo;autres utilisateurs la page de la soci\u00e9t\u00e9 INTERNET TOURISM SOLUTIONS SL pour que ceux-ci puissent \u00e9galement profiter des promotions ou \u00eatre inform\u00e9s de l&rsquo;actualit\u00e9 de la soc\u00edet\u00e9.<\/p>\n<p>Vous trouverez ci-dessous les liens des politiques de confidentialit\u00e9 de chaque page de r\u00e9seaux sociaux:<\/p>\n<p>Twitter: <a href=\"https:\/\/twitter.com\/privacy\">https:\/\/twitter.com\/privacy<\/a><br \/>\nLinkedin: <a href=\"http:\/\/www.linkedin.com\/legal\/privacy-policy?trk=hb_ft_priv\">http:\/\/www.linkedin.com\/legal\/privacy-policy?trk=hb_ft_priv<\/a>[\/vc_column_text][\/vc_column][vc_column column_padding=\u00a0\u00bbno-extra-padding\u00a0\u00bb column_padding_tablet=\u00a0\u00bbinherit\u00a0\u00bb column_padding_phone=\u00a0\u00bbinherit\u00a0\u00bb column_padding_position=\u00a0\u00bball\u00a0\u00bb column_element_spacing=\u00a0\u00bbdefault\u00a0\u00bb background_color_opacity=\u00a0\u00bb1&Prime; background_hover_color_opacity=\u00a0\u00bb1&Prime; column_shadow=\u00a0\u00bbnone\u00a0\u00bb column_border_radius=\u00a0\u00bbnone\u00a0\u00bb column_link_target=\u00a0\u00bb_self\u00a0\u00bb column_position=\u00a0\u00bbdefault\u00a0\u00bb gradient_direction=\u00a0\u00bbleft_to_right\u00a0\u00bb overlay_strength=\u00a0\u00bb0.3&Prime; width=\u00a0\u00bb1\/3&Prime; tablet_width_inherit=\u00a0\u00bbdefault\u00a0\u00bb tablet_text_alignment=\u00a0\u00bbdefault\u00a0\u00bb phone_text_alignment=\u00a0\u00bbdefault\u00a0\u00bb animation_type=\u00a0\u00bbdefault\u00a0\u00bb bg_image_animation=\u00a0\u00bbnone\u00a0\u00bb border_type=\u00a0\u00bbsimple\u00a0\u00bb column_border_width=\u00a0\u00bbnone\u00a0\u00bb column_border_style=\u00a0\u00bbsolid\u00a0\u00bb][\/vc_column][\/vc_row]\n","protected":false},"excerpt":{"rendered":"<p>[vc_row type=\u00a0\u00bbin_container\u00a0\u00bb full_screen_row_position=\u00a0\u00bbmiddle\u00a0\u00bb column_margin=\u00a0\u00bbdefault\u00a0\u00bb column_direction=\u00a0\u00bbdefault\u00a0\u00bb column_direction_tablet=\u00a0\u00bbdefault\u00a0\u00bb column_direction_phone=\u00a0\u00bbdefault\u00a0\u00bb scene_position=\u00a0\u00bbcenter\u00a0\u00bb text_color=\u00a0\u00bbdark\u00a0\u00bb text_align=\u00a0\u00bbleft\u00a0\u00bb row_border_radius=\u00a0\u00bbnone\u00a0\u00bb row_border_radius_applies=\u00a0\u00bbbg\u00a0\u00bb overflow=\u00a0\u00bbvisible\u00a0\u00bb class=\u00a0\u00bbsection-block only&#8211;bot\u00a0\u00bb advanced_gradient_angle=\u00a0\u00bb0&Prime; overlay_strength=\u00a0\u00bb0.3&Prime; gradient_direction=\u00a0\u00bbleft_to_right\u00a0\u00bb shape_divider_position=\u00a0\u00bbbottom\u00a0\u00bb bg_image_animation=\u00a0\u00bbnone\u00a0\u00bb gradient_type=\u00a0\u00bbdefault\u00a0\u00bb shape_type=\u00a0\u00bb\u00a0\u00bb][vc_column column_padding=\u00a0\u00bbno-extra-padding\u00a0\u00bb column_padding_tablet=\u00a0\u00bbinherit\u00a0\u00bb column_padding_phone=\u00a0\u00bbinherit\u00a0\u00bb column_padding_position=\u00a0\u00bball\u00a0\u00bb column_element_spacing=\u00a0\u00bbdefault\u00a0\u00bb background_color_opacity=\u00a0\u00bb1&Prime; background_hover_color_opacity=\u00a0\u00bb1&Prime; column_shadow=\u00a0\u00bbnone\u00a0\u00bb&#8230;<\/p>\n","protected":false},"author":3,"featured_media":0,"parent":0,"menu_order":80,"comment_status":"closed","ping_status":"closed","template":"","meta":{"_acf_changed":false,"om_disable_all_campaigns":false,"inline_featured_image":false,"footnotes":""},"class_list":["post-15791","page","type-page","status-publish"],"acf":[],"yoast_head":"<!-- This site is optimized with the Yoast SEO Premium plugin v27.0 (Yoast SEO v27.0) - https:\/\/yoast.com\/product\/yoast-seo-premium-wordpress\/ -->\n<title>Politiques de confidencialit\u00e9 des Reseaux Sociaux | Avantio<\/title>\n<meta name=\"robots\" content=\"noindex, nofollow\" \/>\n<meta property=\"og:locale\" content=\"fr_FR\" \/>\n<meta property=\"og:type\" content=\"article\" \/>\n<meta property=\"og:title\" content=\"Politiques de confidencialit\u00e9 des Reseaux Sociaux\" \/>\n<meta property=\"og:description\" content=\"[vc_row type=\u00a0\u00bbin_container\u00a0\u00bb full_screen_row_position=\u00a0\u00bbmiddle\u00a0\u00bb column_margin=\u00a0\u00bbdefault\u00a0\u00bb column_direction=\u00a0\u00bbdefault\u00a0\u00bb column_direction_tablet=\u00a0\u00bbdefault\u00a0\u00bb column_direction_phone=\u00a0\u00bbdefault\u00a0\u00bb scene_position=\u00a0\u00bbcenter\u00a0\u00bb text_color=\u00a0\u00bbdark\u00a0\u00bb text_align=\u00a0\u00bbleft\u00a0\u00bb row_border_radius=\u00a0\u00bbnone\u00a0\u00bb row_border_radius_applies=\u00a0\u00bbbg\u00a0\u00bb overflow=\u00a0\u00bbvisible\u00a0\u00bb class=\u00a0\u00bbsection-block only&#8211;bot\u00a0\u00bb advanced_gradient_angle=\u00a0\u00bb0&Prime; overlay_strength=\u00a0\u00bb0.3&Prime; gradient_direction=\u00a0\u00bbleft_to_right\u00a0\u00bb shape_divider_position=\u00a0\u00bbbottom\u00a0\u00bb bg_image_animation=\u00a0\u00bbnone\u00a0\u00bb gradient_type=\u00a0\u00bbdefault\u00a0\u00bb shape_type=\u00a0\u00bb\u00a0\u00bb][vc_column column_padding=\u00a0\u00bbno-extra-padding\u00a0\u00bb column_padding_tablet=\u00a0\u00bbinherit\u00a0\u00bb column_padding_phone=\u00a0\u00bbinherit\u00a0\u00bb column_padding_position=\u00a0\u00bball\u00a0\u00bb column_element_spacing=\u00a0\u00bbdefault\u00a0\u00bb background_color_opacity=\u00a0\u00bb1&Prime; background_hover_color_opacity=\u00a0\u00bb1&Prime; column_shadow=\u00a0\u00bbnone\u00a0\u00bb...\" \/>\n<meta property=\"og:url\" content=\"https:\/\/www.avantio.com\/privacy-policy-social-networks\/\" \/>\n<meta property=\"og:site_name\" content=\"Avantio\" \/>\n<meta name=\"twitter:card\" content=\"summary_large_image\" \/>\n<meta name=\"twitter:label1\" content=\"Dur\u00e9e de lecture estim\u00e9e\" \/>\n\t<meta name=\"twitter:data1\" content=\"5 minutes\" \/>\n<script type=\"application\/ld+json\" class=\"yoast-schema-graph\">{\"@context\":\"https:\/\/schema.org\",\"@graph\":[{\"@type\":\"WebPage\",\"@id\":\"https:\/\/www.avantio.com\/privacy-policy-social-networks\/\",\"url\":\"https:\/\/www.avantio.com\/privacy-policy-social-networks\/\",\"name\":\"Politiques de confidencialit\u00e9 des Reseaux Sociaux | Avantio\",\"isPartOf\":{\"@id\":\"https:\/\/www.avantio.com\/#website\"},\"datePublished\":\"2022-12-14T16:11:56+00:00\",\"breadcrumb\":{\"@id\":\"https:\/\/www.avantio.com\/privacy-policy-social-networks\/#breadcrumb\"},\"inLanguage\":\"fr-FR\",\"potentialAction\":[{\"@type\":\"ReadAction\",\"target\":[\"https:\/\/www.avantio.com\/privacy-policy-social-networks\/\"]}]},{\"@type\":\"BreadcrumbList\",\"@id\":\"https:\/\/www.avantio.com\/privacy-policy-social-networks\/#breadcrumb\",\"itemListElement\":[{\"@type\":\"ListItem\",\"position\":1,\"name\":\"Home\",\"item\":\"https:\/\/www.avantio.com\/\"},{\"@type\":\"ListItem\",\"position\":2,\"name\":\"Politiques de confidencialit\u00e9 des Reseaux Sociaux\"}]},{\"@type\":\"WebSite\",\"@id\":\"https:\/\/www.avantio.com\/#website\",\"url\":\"https:\/\/www.avantio.com\/\",\"name\":\"Avantio\",\"description\":\"Vacation Rental Software\",\"publisher\":{\"@id\":\"https:\/\/www.avantio.com\/#organization\"},\"potentialAction\":[{\"@type\":\"SearchAction\",\"target\":{\"@type\":\"EntryPoint\",\"urlTemplate\":\"https:\/\/www.avantio.com\/?s={search_term_string}\"},\"query-input\":{\"@type\":\"PropertyValueSpecification\",\"valueRequired\":true,\"valueName\":\"search_term_string\"}}],\"inLanguage\":\"fr-FR\"},{\"@type\":\"Organization\",\"@id\":\"https:\/\/www.avantio.com\/#organization\",\"name\":\"Avantio\",\"url\":\"https:\/\/www.avantio.com\/\",\"logo\":{\"@type\":\"ImageObject\",\"inLanguage\":\"fr-FR\",\"@id\":\"https:\/\/www.avantio.com\/#\/schema\/logo\/image\/\",\"url\":\"https:\/\/www.avantio.com\/wp-content\/uploads\/2023\/08\/Avantio.jpg\",\"contentUrl\":\"https:\/\/www.avantio.com\/wp-content\/uploads\/2023\/08\/Avantio.jpg\",\"width\":696,\"height\":696,\"caption\":\"Avantio\"},\"image\":{\"@id\":\"https:\/\/www.avantio.com\/#\/schema\/logo\/image\/\"}}]}<\/script>\n<!-- \/ Yoast SEO Premium plugin. -->","yoast_head_json":{"title":"Politiques de confidencialit\u00e9 des Reseaux Sociaux | Avantio","robots":{"index":"noindex","follow":"nofollow"},"og_locale":"fr_FR","og_type":"article","og_title":"Politiques de confidencialit\u00e9 des Reseaux Sociaux","og_description":"[vc_row type=\u00a0\u00bbin_container\u00a0\u00bb full_screen_row_position=\u00a0\u00bbmiddle\u00a0\u00bb column_margin=\u00a0\u00bbdefault\u00a0\u00bb column_direction=\u00a0\u00bbdefault\u00a0\u00bb column_direction_tablet=\u00a0\u00bbdefault\u00a0\u00bb column_direction_phone=\u00a0\u00bbdefault\u00a0\u00bb scene_position=\u00a0\u00bbcenter\u00a0\u00bb text_color=\u00a0\u00bbdark\u00a0\u00bb text_align=\u00a0\u00bbleft\u00a0\u00bb row_border_radius=\u00a0\u00bbnone\u00a0\u00bb row_border_radius_applies=\u00a0\u00bbbg\u00a0\u00bb overflow=\u00a0\u00bbvisible\u00a0\u00bb class=\u00a0\u00bbsection-block only&#8211;bot\u00a0\u00bb advanced_gradient_angle=\u00a0\u00bb0&Prime; overlay_strength=\u00a0\u00bb0.3&Prime; gradient_direction=\u00a0\u00bbleft_to_right\u00a0\u00bb shape_divider_position=\u00a0\u00bbbottom\u00a0\u00bb bg_image_animation=\u00a0\u00bbnone\u00a0\u00bb gradient_type=\u00a0\u00bbdefault\u00a0\u00bb shape_type=\u00a0\u00bb\u00a0\u00bb][vc_column column_padding=\u00a0\u00bbno-extra-padding\u00a0\u00bb column_padding_tablet=\u00a0\u00bbinherit\u00a0\u00bb column_padding_phone=\u00a0\u00bbinherit\u00a0\u00bb column_padding_position=\u00a0\u00bball\u00a0\u00bb column_element_spacing=\u00a0\u00bbdefault\u00a0\u00bb background_color_opacity=\u00a0\u00bb1&Prime; background_hover_color_opacity=\u00a0\u00bb1&Prime; column_shadow=\u00a0\u00bbnone\u00a0\u00bb...","og_url":"https:\/\/www.avantio.com\/privacy-policy-social-networks\/","og_site_name":"Avantio","twitter_card":"summary_large_image","twitter_misc":{"Dur\u00e9e de lecture estim\u00e9e":"5 minutes"},"schema":{"@context":"https:\/\/schema.org","@graph":[{"@type":"WebPage","@id":"https:\/\/www.avantio.com\/privacy-policy-social-networks\/","url":"https:\/\/www.avantio.com\/privacy-policy-social-networks\/","name":"Politiques de confidencialit\u00e9 des Reseaux Sociaux | Avantio","isPartOf":{"@id":"https:\/\/www.avantio.com\/#website"},"datePublished":"2022-12-14T16:11:56+00:00","breadcrumb":{"@id":"https:\/\/www.avantio.com\/privacy-policy-social-networks\/#breadcrumb"},"inLanguage":"fr-FR","potentialAction":[{"@type":"ReadAction","target":["https:\/\/www.avantio.com\/privacy-policy-social-networks\/"]}]},{"@type":"BreadcrumbList","@id":"https:\/\/www.avantio.com\/privacy-policy-social-networks\/#breadcrumb","itemListElement":[{"@type":"ListItem","position":1,"name":"Home","item":"https:\/\/www.avantio.com\/"},{"@type":"ListItem","position":2,"name":"Politiques de confidencialit\u00e9 des Reseaux Sociaux"}]},{"@type":"WebSite","@id":"https:\/\/www.avantio.com\/#website","url":"https:\/\/www.avantio.com\/","name":"Avantio","description":"Vacation Rental Software","publisher":{"@id":"https:\/\/www.avantio.com\/#organization"},"potentialAction":[{"@type":"SearchAction","target":{"@type":"EntryPoint","urlTemplate":"https:\/\/www.avantio.com\/?s={search_term_string}"},"query-input":{"@type":"PropertyValueSpecification","valueRequired":true,"valueName":"search_term_string"}}],"inLanguage":"fr-FR"},{"@type":"Organization","@id":"https:\/\/www.avantio.com\/#organization","name":"Avantio","url":"https:\/\/www.avantio.com\/","logo":{"@type":"ImageObject","inLanguage":"fr-FR","@id":"https:\/\/www.avantio.com\/#\/schema\/logo\/image\/","url":"https:\/\/www.avantio.com\/wp-content\/uploads\/2023\/08\/Avantio.jpg","contentUrl":"https:\/\/www.avantio.com\/wp-content\/uploads\/2023\/08\/Avantio.jpg","width":696,"height":696,"caption":"Avantio"},"image":{"@id":"https:\/\/www.avantio.com\/#\/schema\/logo\/image\/"}}]}},"_links":{"self":[{"href":"https:\/\/www.avantio.com\/fr\/wp-json\/wp\/v2\/pages\/15791","targetHints":{"allow":["GET"]}}],"collection":[{"href":"https:\/\/www.avantio.com\/fr\/wp-json\/wp\/v2\/pages"}],"about":[{"href":"https:\/\/www.avantio.com\/fr\/wp-json\/wp\/v2\/types\/page"}],"author":[{"embeddable":true,"href":"https:\/\/www.avantio.com\/fr\/wp-json\/wp\/v2\/users\/3"}],"replies":[{"embeddable":true,"href":"https:\/\/www.avantio.com\/fr\/wp-json\/wp\/v2\/comments?post=15791"}],"version-history":[{"count":1,"href":"https:\/\/www.avantio.com\/fr\/wp-json\/wp\/v2\/pages\/15791\/revisions"}],"predecessor-version":[{"id":15827,"href":"https:\/\/www.avantio.com\/fr\/wp-json\/wp\/v2\/pages\/15791\/revisions\/15827"}],"wp:attachment":[{"href":"https:\/\/www.avantio.com\/fr\/wp-json\/wp\/v2\/media?parent=15791"}],"curies":[{"name":"wp","href":"https:\/\/api.w.org\/{rel}","templated":true}]}}