{"id":34504,"date":"2024-04-04T17:37:04","date_gmt":"2024-04-04T15:37:04","guid":{"rendered":"https:\/\/www.avantio.com\/?page_id=34504"},"modified":"2025-03-21T11:38:04","modified_gmt":"2025-03-21T10:38:04","slug":"canal-de-denuncias","status":"publish","type":"page","link":"https:\/\/www.avantio.com\/es\/canal-de-denuncias\/","title":{"rendered":"ES Canal de denuncias"},"content":{"rendered":"[vc_row type=\u00bbin_container\u00bb full_screen_row_position=\u00bbmiddle\u00bb column_margin=\u00bbdefault\u00bb column_direction=\u00bbdefault\u00bb column_direction_tablet=\u00bbdefault\u00bb column_direction_phone=\u00bbdefault\u00bb scene_position=\u00bbcenter\u00bb top_padding=\u00bb200&#8243; bottom_padding=\u00bb200&#8243; left_padding_desktop=\u00bb200&#8243; right_padding_desktop=\u00bb200&#8243; top_padding_tablet=\u00bb80&#8243; bottom_padding_tablet=\u00bb80&#8243; left_padding_tablet=\u00bb40&#8243; right_padding_tablet=\u00bb20&#8243; top_padding_phone=\u00bb40&#8243; bottom_padding_phone=\u00bb40&#8243; left_padding_phone=\u00bb20&#8243; right_padding_phone=\u00bb20&#8243; text_color=\u00bbdark\u00bb text_align=\u00bbleft\u00bb row_border_radius=\u00bbnone\u00bb row_border_radius_applies=\u00bbbg\u00bb overflow=\u00bbvisible\u00bb advanced_gradient_angle=\u00bb0&#8243; overlay_strength=\u00bb0.3&#8243; gradient_direction=\u00bbleft_to_right\u00bb shape_divider_position=\u00bbbottom\u00bb bg_image_animation=\u00bbnone\u00bb gradient_type=\u00bbdefault\u00bb shape_type=\u00bb\u00bb][vc_column column_padding=\u00bbno-extra-padding\u00bb column_padding_tablet=\u00bbinherit\u00bb column_padding_phone=\u00bbinherit\u00bb column_padding_position=\u00bball\u00bb column_element_direction_desktop=\u00bbdefault\u00bb column_element_spacing=\u00bbdefault\u00bb desktop_text_alignment=\u00bbdefault\u00bb tablet_text_alignment=\u00bbdefault\u00bb phone_text_alignment=\u00bbdefault\u00bb background_color_opacity=\u00bb1&#8243; background_hover_color_opacity=\u00bb1&#8243; column_backdrop_filter=\u00bbnone\u00bb column_shadow=\u00bbnone\u00bb column_border_radius=\u00bbnone\u00bb column_link_target=\u00bb_self\u00bb column_position=\u00bbdefault\u00bb gradient_direction=\u00bbleft_to_right\u00bb overlay_strength=\u00bb0.3&#8243; width=\u00bb1\/1&#8243; tablet_width_inherit=\u00bbdefault\u00bb animation_type=\u00bbdefault\u00bb bg_image_animation=\u00bbnone\u00bb border_type=\u00bbsimple\u00bb column_border_width=\u00bbnone\u00bb column_border_style=\u00bbsolid\u00bb][vc_column_text]\n<h1><span style=\"color: #f15f41;\">Canal de Denuncias<\/span><\/h1>\n[\/vc_column_text][vc_column_text]En Avantio <em>(Internet Tourism Solutions, SLU),<\/em> nos comprometemos con la integridad, la transparencia y la excelencia en todas nuestras operaciones. Reconocemos la importancia de fomentar un ambiente donde la colaboraci\u00f3n, el conocimiento y el pensamiento a futuro no sean solo valores fundamentales, sino principios que gu\u00eden nuestras acciones diarias.<\/p>\n<p>Entendemos que, para mantener y nutrir estos valores, es fundamental establecer canales que permitan la comunicaci\u00f3n abierta y honesta. Por ello, presentamos nuestro Canal de Denuncias, <strong>una plataforma segura y confidencial<\/strong> dise\u00f1ada para trabajadores, particulares, proveedores y cualquier parte interesada que desee reportar\u00a0cualquier posible irregularidad o incumplimiento del c\u00f3digo \u00e9tico de Avantio.<\/p>\n<p>&nbsp;<\/p>\n<p><em>Este Canal no es la v\u00eda adecuada para reclamaciones de clientes. Si deseas contactar a nuestro servicio al cliente, por favor hazlo mediante los canales provistos dentro del VRMS o en el formulario de nuestra <a href=\"https:\/\/www.avantio.com\/es\/contacto\/\">P\u00e1gina de Contacto<\/a>.<\/em><\/p>\n<p>&nbsp;<\/p>\n<p>La Informaci\u00f3n (Denuncia) puede realizarse con identificaci\u00f3n del informante (denunciante), o incluso de forma an\u00f3nima. Ten en cuenta que si se opta por el anonimato, la persona informante no podr\u00e1 recibir informaci\u00f3n de la evoluci\u00f3n de la misma, sino que solo podr\u00e1 ver el progreso de su estado, accediendo directamente a la opci\u00f3n seguimiento con el ID que se le facilitar\u00e1 al final del env\u00edo de la Informaci\u00f3n (Denuncia).<\/p>\n<p>Tanto el informante como las personas afectadas por la denuncia tendr\u00e1n derecho a la preservaci\u00f3n de su identidad, en los t\u00e9rminos previstos en el art\u00edculo 32 de la Ley 2\/2023, de 20 de febrero. Adem\u00e1s, las personas informantes cuentan con una serie de derechos, cuando las informaciones que proporcionen cumplan con los requisitos de los art\u00edculos 2 y 35 de esa norma, entre los que destaca la prohibici\u00f3n de represalias (art\u00edculo 36). Considera tambi\u00e9n las medidas de apoyo y de protecci\u00f3n frente a las represalias que la Ley recoge en sus art\u00edculos 37 y 38.<\/p>\n<p>Es fundamental comprender que la comunicaci\u00f3n o revelaci\u00f3n p\u00fablica de informaci\u00f3n sabiendo que es falsa se considera una infracci\u00f3n muy grave. La Ley 2\/2023, de 16 de febrero, estipula multas que oscilan entre 30.001 y 300.000 euros para las personas f\u00edsicas que incurran en este tipo de conductas [art\u00edculos 63.1.f) y 65.1.a)].<\/p>\n<p>En Avantio, valoramos y protegemos la integridad de nuestra comunidad. A trav\u00e9s de este canal, reafirmamos nuestro compromiso con un entorno laboral \u00e9tico y responsable, invitando a todos a contribuir en la preservaci\u00f3n de nuestros altos est\u00e1ndares.<\/p>\n<p>Para m\u00e1s informaci\u00f3n o para realizar una denuncia, por favor, accede al canal de denuncias en el bot\u00f3n a continuaci\u00f3n. Tu voz es esencial en nuestra constante b\u00fasqueda de la excelencia y la integridad.[\/vc_column_text][divider line_type=\u00bbNo Line\u00bb custom_height=\u00bb40&#8243;][nectar_btn size=\u00bbjumbo\u00bb open_new_tab=\u00bbtrue\u00bb button_style=\u00bbsee-through-2&#8243; color_override=\u00bb#f15f41&#8243; hover_color_override=\u00bb#f15f41&#8243; hover_text_color_override=\u00bb#ffffff\u00bb icon_family=\u00bbdefault_arrow\u00bb nofollow=\u00bbtrue\u00bb text=\u00bbEnviar una Denuncia\u00bb url=\u00bbhttps:\/\/avantio.bizneohr.com\/whistleblowing-channel\u00bb][\/vc_column][\/vc_row]\n","protected":false},"excerpt":{"rendered":"<p>[vc_row type=\u00bbin_container\u00bb full_screen_row_position=\u00bbmiddle\u00bb column_margin=\u00bbdefault\u00bb column_direction=\u00bbdefault\u00bb column_direction_tablet=\u00bbdefault\u00bb column_direction_phone=\u00bbdefault\u00bb scene_position=\u00bbcenter\u00bb top_padding=\u00bb200&#8243; bottom_padding=\u00bb200&#8243; left_padding_desktop=\u00bb200&#8243; right_padding_desktop=\u00bb200&#8243; top_padding_tablet=\u00bb80&#8243; bottom_padding_tablet=\u00bb80&#8243; left_padding_tablet=\u00bb40&#8243; right_padding_tablet=\u00bb20&#8243; top_padding_phone=\u00bb40&#8243; bottom_padding_phone=\u00bb40&#8243; left_padding_phone=\u00bb20&#8243; right_padding_phone=\u00bb20&#8243; text_color=\u00bbdark\u00bb text_align=\u00bbleft\u00bb row_border_radius=\u00bbnone\u00bb row_border_radius_applies=\u00bbbg\u00bb overflow=\u00bbvisible\u00bb advanced_gradient_angle=\u00bb0&#8243; overlay_strength=\u00bb0.3&#8243; gradient_direction=\u00bbleft_to_right\u00bb shape_divider_position=\u00bbbottom\u00bb bg_image_animation=\u00bbnone\u00bb&#8230;<\/p>\n","protected":false},"author":21,"featured_media":0,"parent":0,"menu_order":0,"comment_status":"closed","ping_status":"closed","template":"","meta":{"_acf_changed":false,"om_disable_all_campaigns":false,"inline_featured_image":false,"footnotes":""},"class_list":["post-34504","page","type-page","status-publish"],"acf":[],"yoast_head":"<!-- This site is optimized with the Yoast SEO Premium plugin v27.0 (Yoast SEO v27.0) - https:\/\/yoast.com\/product\/yoast-seo-premium-wordpress\/ -->\n<title>Canal de Denuncias | Avantio<\/title>\n<meta name=\"description\" content=\"Avantio promueve un entorno \u00e9tico mediante su Canal de Denuncias, ofreciendo un espacio seguro para reportar irregularidades a quien lo desee.\" \/>\n<meta name=\"robots\" content=\"index, follow, max-snippet:-1, max-image-preview:large, max-video-preview:-1\" \/>\n<link rel=\"canonical\" href=\"https:\/\/www.avantio.com\/es\/canal-de-denuncias\/\" \/>\n<meta property=\"og:locale\" content=\"es_ES\" \/>\n<meta property=\"og:type\" content=\"article\" \/>\n<meta property=\"og:title\" content=\"ES Canal de denuncias\" \/>\n<meta property=\"og:description\" content=\"Avantio promueve un entorno \u00e9tico mediante su Canal de Denuncias, ofreciendo un espacio seguro para reportar irregularidades a quien lo desee.\" \/>\n<meta property=\"og:url\" content=\"https:\/\/www.avantio.com\/es\/canal-de-denuncias\/\" \/>\n<meta property=\"og:site_name\" content=\"Avantio\" \/>\n<meta property=\"article:modified_time\" content=\"2025-03-21T10:38:04+00:00\" \/>\n<meta name=\"twitter:card\" content=\"summary_large_image\" \/>\n<meta name=\"twitter:label1\" content=\"Tiempo de lectura\" \/>\n\t<meta name=\"twitter:data1\" content=\"3 minutos\" \/>\n<script type=\"application\/ld+json\" class=\"yoast-schema-graph\">{\"@context\":\"https:\/\/schema.org\",\"@graph\":[{\"@type\":\"WebPage\",\"@id\":\"https:\/\/www.avantio.com\/es\/canal-de-denuncias\/\",\"url\":\"https:\/\/www.avantio.com\/es\/canal-de-denuncias\/\",\"name\":\"Canal de Denuncias | Avantio\",\"isPartOf\":{\"@id\":\"https:\/\/www.avantio.com\/#website\"},\"datePublished\":\"2024-04-04T15:37:04+00:00\",\"dateModified\":\"2025-03-21T10:38:04+00:00\",\"description\":\"Avantio promueve un entorno \u00e9tico mediante su Canal de Denuncias, ofreciendo un espacio seguro para reportar irregularidades a quien lo desee.\",\"breadcrumb\":{\"@id\":\"https:\/\/www.avantio.com\/es\/canal-de-denuncias\/#breadcrumb\"},\"inLanguage\":\"es\",\"potentialAction\":[{\"@type\":\"ReadAction\",\"target\":[\"https:\/\/www.avantio.com\/es\/canal-de-denuncias\/\"]}]},{\"@type\":\"BreadcrumbList\",\"@id\":\"https:\/\/www.avantio.com\/es\/canal-de-denuncias\/#breadcrumb\",\"itemListElement\":[{\"@type\":\"ListItem\",\"position\":1,\"name\":\"Home\",\"item\":\"https:\/\/www.avantio.com\/\"},{\"@type\":\"ListItem\",\"position\":2,\"name\":\"ES Canal de denuncias\"}]},{\"@type\":\"WebSite\",\"@id\":\"https:\/\/www.avantio.com\/#website\",\"url\":\"https:\/\/www.avantio.com\/\",\"name\":\"Avantio\",\"description\":\"Vacation Rental Software\",\"publisher\":{\"@id\":\"https:\/\/www.avantio.com\/#organization\"},\"potentialAction\":[{\"@type\":\"SearchAction\",\"target\":{\"@type\":\"EntryPoint\",\"urlTemplate\":\"https:\/\/www.avantio.com\/?s={search_term_string}\"},\"query-input\":{\"@type\":\"PropertyValueSpecification\",\"valueRequired\":true,\"valueName\":\"search_term_string\"}}],\"inLanguage\":\"es\"},{\"@type\":\"Organization\",\"@id\":\"https:\/\/www.avantio.com\/#organization\",\"name\":\"Avantio\",\"url\":\"https:\/\/www.avantio.com\/\",\"logo\":{\"@type\":\"ImageObject\",\"inLanguage\":\"es\",\"@id\":\"https:\/\/www.avantio.com\/#\/schema\/logo\/image\/\",\"url\":\"https:\/\/www.avantio.com\/wp-content\/uploads\/2023\/08\/Avantio.jpg\",\"contentUrl\":\"https:\/\/www.avantio.com\/wp-content\/uploads\/2023\/08\/Avantio.jpg\",\"width\":696,\"height\":696,\"caption\":\"Avantio\"},\"image\":{\"@id\":\"https:\/\/www.avantio.com\/#\/schema\/logo\/image\/\"}}]}<\/script>\n<!-- \/ Yoast SEO Premium plugin. -->","yoast_head_json":{"title":"Canal de Denuncias | Avantio","description":"Avantio promueve un entorno \u00e9tico mediante su Canal de Denuncias, ofreciendo un espacio seguro para reportar irregularidades a quien lo desee.","robots":{"index":"index","follow":"follow","max-snippet":"max-snippet:-1","max-image-preview":"max-image-preview:large","max-video-preview":"max-video-preview:-1"},"canonical":"https:\/\/www.avantio.com\/es\/canal-de-denuncias\/","og_locale":"es_ES","og_type":"article","og_title":"ES Canal de denuncias","og_description":"Avantio promueve un entorno \u00e9tico mediante su Canal de Denuncias, ofreciendo un espacio seguro para reportar irregularidades a quien lo desee.","og_url":"https:\/\/www.avantio.com\/es\/canal-de-denuncias\/","og_site_name":"Avantio","article_modified_time":"2025-03-21T10:38:04+00:00","twitter_card":"summary_large_image","twitter_misc":{"Tiempo de lectura":"3 minutos"},"schema":{"@context":"https:\/\/schema.org","@graph":[{"@type":"WebPage","@id":"https:\/\/www.avantio.com\/es\/canal-de-denuncias\/","url":"https:\/\/www.avantio.com\/es\/canal-de-denuncias\/","name":"Canal de Denuncias | Avantio","isPartOf":{"@id":"https:\/\/www.avantio.com\/#website"},"datePublished":"2024-04-04T15:37:04+00:00","dateModified":"2025-03-21T10:38:04+00:00","description":"Avantio promueve un entorno \u00e9tico mediante su Canal de Denuncias, ofreciendo un espacio seguro para reportar irregularidades a quien lo desee.","breadcrumb":{"@id":"https:\/\/www.avantio.com\/es\/canal-de-denuncias\/#breadcrumb"},"inLanguage":"es","potentialAction":[{"@type":"ReadAction","target":["https:\/\/www.avantio.com\/es\/canal-de-denuncias\/"]}]},{"@type":"BreadcrumbList","@id":"https:\/\/www.avantio.com\/es\/canal-de-denuncias\/#breadcrumb","itemListElement":[{"@type":"ListItem","position":1,"name":"Home","item":"https:\/\/www.avantio.com\/"},{"@type":"ListItem","position":2,"name":"ES Canal de denuncias"}]},{"@type":"WebSite","@id":"https:\/\/www.avantio.com\/#website","url":"https:\/\/www.avantio.com\/","name":"Avantio","description":"Vacation Rental Software","publisher":{"@id":"https:\/\/www.avantio.com\/#organization"},"potentialAction":[{"@type":"SearchAction","target":{"@type":"EntryPoint","urlTemplate":"https:\/\/www.avantio.com\/?s={search_term_string}"},"query-input":{"@type":"PropertyValueSpecification","valueRequired":true,"valueName":"search_term_string"}}],"inLanguage":"es"},{"@type":"Organization","@id":"https:\/\/www.avantio.com\/#organization","name":"Avantio","url":"https:\/\/www.avantio.com\/","logo":{"@type":"ImageObject","inLanguage":"es","@id":"https:\/\/www.avantio.com\/#\/schema\/logo\/image\/","url":"https:\/\/www.avantio.com\/wp-content\/uploads\/2023\/08\/Avantio.jpg","contentUrl":"https:\/\/www.avantio.com\/wp-content\/uploads\/2023\/08\/Avantio.jpg","width":696,"height":696,"caption":"Avantio"},"image":{"@id":"https:\/\/www.avantio.com\/#\/schema\/logo\/image\/"}}]}},"_links":{"self":[{"href":"https:\/\/www.avantio.com\/es\/wp-json\/wp\/v2\/pages\/34504","targetHints":{"allow":["GET"]}}],"collection":[{"href":"https:\/\/www.avantio.com\/es\/wp-json\/wp\/v2\/pages"}],"about":[{"href":"https:\/\/www.avantio.com\/es\/wp-json\/wp\/v2\/types\/page"}],"author":[{"embeddable":true,"href":"https:\/\/www.avantio.com\/es\/wp-json\/wp\/v2\/users\/21"}],"replies":[{"embeddable":true,"href":"https:\/\/www.avantio.com\/es\/wp-json\/wp\/v2\/comments?post=34504"}],"version-history":[{"count":8,"href":"https:\/\/www.avantio.com\/es\/wp-json\/wp\/v2\/pages\/34504\/revisions"}],"predecessor-version":[{"id":46090,"href":"https:\/\/www.avantio.com\/es\/wp-json\/wp\/v2\/pages\/34504\/revisions\/46090"}],"wp:attachment":[{"href":"https:\/\/www.avantio.com\/es\/wp-json\/wp\/v2\/media?parent=34504"}],"curies":[{"name":"wp","href":"https:\/\/api.w.org\/{rel}","templated":true}]}}