{"id":17094,"date":"2023-01-16T13:57:41","date_gmt":"2023-01-16T12:57:41","guid":{"rendered":"https:\/\/www.avantio.com\/?page_id=17094"},"modified":"2024-04-12T09:12:00","modified_gmt":"2024-04-12T07:12:00","slug":"terminos-condiciones-programa-recomendacion","status":"publish","type":"page","link":"https:\/\/www.avantio.com\/es\/terminos-condiciones-programa-recomendacion\/","title":{"rendered":"ES T\u00e9rminos y Condiciones de Referral Program"},"content":{"rendered":"[vc_row type=\u00bbin_container\u00bb full_screen_row_position=\u00bbmiddle\u00bb column_margin=\u00bbdefault\u00bb column_direction=\u00bbdefault\u00bb column_direction_tablet=\u00bbdefault\u00bb column_direction_phone=\u00bbdefault\u00bb scene_position=\u00bbcenter\u00bb top_padding=\u00bb200&#8243; bottom_padding=\u00bb200&#8243; left_padding_desktop=\u00bb200&#8243; right_padding_desktop=\u00bb200&#8243; top_padding_tablet=\u00bb80&#8243; bottom_padding_tablet=\u00bb80&#8243; left_padding_tablet=\u00bb40&#8243; right_padding_tablet=\u00bb20&#8243; top_padding_phone=\u00bb40&#8243; bottom_padding_phone=\u00bb40&#8243; left_padding_phone=\u00bb20&#8243; right_padding_phone=\u00bb20&#8243; text_color=\u00bbdark\u00bb text_align=\u00bbleft\u00bb row_border_radius=\u00bbnone\u00bb row_border_radius_applies=\u00bbbg\u00bb overflow=\u00bbvisible\u00bb advanced_gradient_angle=\u00bb0&#8243; overlay_strength=\u00bb0.3&#8243; gradient_direction=\u00bbleft_to_right\u00bb shape_divider_position=\u00bbbottom\u00bb bg_image_animation=\u00bbnone\u00bb gradient_type=\u00bbdefault\u00bb shape_type=\u00bb\u00bb][vc_column column_padding=\u00bbno-extra-padding\u00bb column_padding_tablet=\u00bbinherit\u00bb column_padding_phone=\u00bbinherit\u00bb column_padding_position=\u00bball\u00bb column_element_spacing=\u00bbdefault\u00bb background_color_opacity=\u00bb1&#8243; background_hover_color_opacity=\u00bb1&#8243; column_shadow=\u00bbnone\u00bb column_border_radius=\u00bbnone\u00bb column_link_target=\u00bb_self\u00bb column_position=\u00bbdefault\u00bb gradient_direction=\u00bbleft_to_right\u00bb overlay_strength=\u00bb0.3&#8243; width=\u00bb1\/1&#8243; tablet_width_inherit=\u00bbdefault\u00bb tablet_text_alignment=\u00bbdefault\u00bb phone_text_alignment=\u00bbdefault\u00bb animation_type=\u00bbdefault\u00bb bg_image_animation=\u00bbnone\u00bb border_type=\u00bbsimple\u00bb column_border_width=\u00bbnone\u00bb column_border_style=\u00bbsolid\u00bb][vc_column_text]\n<h1><span style=\"color: #f15f41;\">Programa de Recomendaci\u00f3n<\/span><\/h1>\n[\/vc_column_text][vc_column_text]El Programa de Recomendaci\u00f3n recompensa a nuestros clientes actuales por recomendarnos a otras empresas de alquiler vacacional. El sistema de compensaci\u00f3n funciona de la siguiente manera:[\/vc_column_text][divider line_type=\u00bbNo Line\u00bb custom_height=\u00bb40&#8243;][vc_column_text]\n<h3><span style=\"color: #f15f41;\">Compensaci\u00f3n a nuestro cliente actual (prescriptor, referente):<\/span><\/h3>\n[\/vc_column_text][divider line_type=\u00bbNo Line\u00bb custom_height=\u00bb40&#8243;][nectar_icon_list color=\u00bbdefault\u00bb direction=\u00bbvertical\u00bb icon_size=\u00bbsmall\u00bb icon_style=\u00bbborder\u00bb][nectar_icon_list_item icon_type=\u00bbnumerical\u00bb text_full_html=\u00bbsimple\u00bb title=\u00bbList Item\u00bb id=\u00bb1712867859576-6&#8243; text=\u00bbCuando el cliente recomendado se una a Avantio, el cliente original recibir\u00e1 un descuento de 500 euros en su factura de Avantio.\u00bb tab_id=\u00bb1712867859576-4&#8243;][\/nectar_icon_list_item][nectar_icon_list_item icon_type=\u00bbnumerical\u00bb text_full_html=\u00bbsimple\u00bb title=\u00bbList Item\u00bb id=\u00bb1712867859594-7&#8243; text=\u00bbPara que esta compensaci\u00f3n sea efectiva, la recomendaci\u00f3n debe hacerse de manera formal, por escrito (carta, correo electr\u00f3nico o similar) y Avantio debe tener confirmaci\u00f3n escrita de la recomendaci\u00f3n.\u00bb tab_id=\u00bb1712867859595-6&#8243;][\/nectar_icon_list_item][nectar_icon_list_item icon_type=\u00bbnumerical\u00bb text_full_html=\u00bbsimple\u00bb title=\u00bbSection\u00bb id=\u00bb1712867859603-6&#8243; text=\u00bbLos pagos correspondientes a esta acci\u00f3n se efectuar\u00e1n a los tres meses de la firma del nuevo cliente (remitido).\u00bb tab_id=\u00bb1712867859603-1&#8243;][\/nectar_icon_list_item][nectar_icon_list_item icon_type=\u00bbnumerical\u00bb text_full_html=\u00bbsimple\u00bb title=\u00bbSection\u00bb id=\u00bb1712867859610-6&#8243; text=\u00bbEn caso de que la empresa recomendada se retire dentro de los 3 primeros meses de colaboraci\u00f3n, o no realice los pagos de forma pertinente y efectiva, seg\u00fan el plan elaborado conjuntamente con Avantio, dicha compensaci\u00f3n por el Programa de Recomendaci\u00f3n se suspender\u00e1 indefinidamente hasta que las partes resuelvan la situaci\u00f3n irregular existente.\u00bb tab_id=\u00bb1712867859610-8&#8243;][\/nectar_icon_list_item][\/nectar_icon_list][divider line_type=\u00bbNo Line\u00bb custom_height=\u00bb40&#8243;][divider line_type=\u00bbNo Line\u00bb custom_height=\u00bb40&#8243;][vc_column_text]<em>Esta promoci\u00f3n no es acumulable a otras promociones.<\/em>[\/vc_column_text][divider line_type=\u00bbNo Line\u00bb custom_height=\u00bb40&#8243;][\/vc_column][\/vc_row]\n","protected":false},"excerpt":{"rendered":"<p>[vc_row type=\u00bbin_container\u00bb full_screen_row_position=\u00bbmiddle\u00bb column_margin=\u00bbdefault\u00bb column_direction=\u00bbdefault\u00bb column_direction_tablet=\u00bbdefault\u00bb column_direction_phone=\u00bbdefault\u00bb scene_position=\u00bbcenter\u00bb top_padding=\u00bb200&#8243; bottom_padding=\u00bb200&#8243; left_padding_desktop=\u00bb200&#8243; right_padding_desktop=\u00bb200&#8243; top_padding_tablet=\u00bb80&#8243; bottom_padding_tablet=\u00bb80&#8243; left_padding_tablet=\u00bb40&#8243; right_padding_tablet=\u00bb20&#8243; top_padding_phone=\u00bb40&#8243; bottom_padding_phone=\u00bb40&#8243; left_padding_phone=\u00bb20&#8243; right_padding_phone=\u00bb20&#8243; text_color=\u00bbdark\u00bb text_align=\u00bbleft\u00bb row_border_radius=\u00bbnone\u00bb row_border_radius_applies=\u00bbbg\u00bb overflow=\u00bbvisible\u00bb advanced_gradient_angle=\u00bb0&#8243; overlay_strength=\u00bb0.3&#8243; gradient_direction=\u00bbleft_to_right\u00bb shape_divider_position=\u00bbbottom\u00bb bg_image_animation=\u00bbnone\u00bb&#8230;<\/p>\n","protected":false},"author":3,"featured_media":0,"parent":0,"menu_order":80,"comment_status":"closed","ping_status":"closed","template":"","meta":{"_acf_changed":false,"om_disable_all_campaigns":false,"inline_featured_image":false,"footnotes":""},"class_list":["post-17094","page","type-page","status-publish"],"acf":[],"yoast_head":"<!-- This site is optimized with the Yoast SEO Premium plugin v27.0 (Yoast SEO v27.0) - https:\/\/yoast.com\/product\/yoast-seo-premium-wordpress\/ -->\n<title>T\u00e9rminos y Condiciones del Programa de Referidos | Avantio<\/title>\n<meta name=\"description\" content=\"Consulta los T\u00e9rminos y Condiciones asociados al Programa de Recomendaci\u00f3n de Avantio.\" \/>\n<meta name=\"robots\" content=\"noindex, nofollow\" \/>\n<meta property=\"og:locale\" content=\"es_ES\" \/>\n<meta property=\"og:type\" content=\"article\" \/>\n<meta property=\"og:title\" content=\"ES T\u00e9rminos y Condiciones de Referral Program\" \/>\n<meta property=\"og:description\" content=\"Consulta los T\u00e9rminos y Condiciones asociados al Programa de Recomendaci\u00f3n de Avantio.\" \/>\n<meta property=\"og:url\" content=\"https:\/\/www.avantio.com\/terms-conditions-referral-program\/\" \/>\n<meta property=\"og:site_name\" content=\"Avantio\" \/>\n<meta property=\"article:modified_time\" content=\"2024-04-12T07:12:00+00:00\" \/>\n<meta name=\"twitter:card\" content=\"summary_large_image\" \/>\n<meta name=\"twitter:label1\" content=\"Tiempo de lectura\" \/>\n\t<meta name=\"twitter:data1\" content=\"2 minutos\" \/>\n<script type=\"application\/ld+json\" class=\"yoast-schema-graph\">{\"@context\":\"https:\/\/schema.org\",\"@graph\":[{\"@type\":\"WebPage\",\"@id\":\"https:\/\/www.avantio.com\/terms-conditions-referral-program\/\",\"url\":\"https:\/\/www.avantio.com\/terms-conditions-referral-program\/\",\"name\":\"T\u00e9rminos y Condiciones del Programa de Referidos | Avantio\",\"isPartOf\":{\"@id\":\"https:\/\/www.avantio.com\/#website\"},\"datePublished\":\"2023-01-16T12:57:41+00:00\",\"dateModified\":\"2024-04-12T07:12:00+00:00\",\"description\":\"Consulta los T\u00e9rminos y Condiciones asociados al Programa de Recomendaci\u00f3n de Avantio.\",\"breadcrumb\":{\"@id\":\"https:\/\/www.avantio.com\/terms-conditions-referral-program\/#breadcrumb\"},\"inLanguage\":\"es\",\"potentialAction\":[{\"@type\":\"ReadAction\",\"target\":[\"https:\/\/www.avantio.com\/terms-conditions-referral-program\/\"]}]},{\"@type\":\"BreadcrumbList\",\"@id\":\"https:\/\/www.avantio.com\/terms-conditions-referral-program\/#breadcrumb\",\"itemListElement\":[{\"@type\":\"ListItem\",\"position\":1,\"name\":\"Home\",\"item\":\"https:\/\/www.avantio.com\/\"},{\"@type\":\"ListItem\",\"position\":2,\"name\":\"ES T\u00e9rminos y Condiciones de Referral Program\"}]},{\"@type\":\"WebSite\",\"@id\":\"https:\/\/www.avantio.com\/#website\",\"url\":\"https:\/\/www.avantio.com\/\",\"name\":\"Avantio\",\"description\":\"Vacation Rental Software\",\"publisher\":{\"@id\":\"https:\/\/www.avantio.com\/#organization\"},\"potentialAction\":[{\"@type\":\"SearchAction\",\"target\":{\"@type\":\"EntryPoint\",\"urlTemplate\":\"https:\/\/www.avantio.com\/?s={search_term_string}\"},\"query-input\":{\"@type\":\"PropertyValueSpecification\",\"valueRequired\":true,\"valueName\":\"search_term_string\"}}],\"inLanguage\":\"es\"},{\"@type\":\"Organization\",\"@id\":\"https:\/\/www.avantio.com\/#organization\",\"name\":\"Avantio\",\"url\":\"https:\/\/www.avantio.com\/\",\"logo\":{\"@type\":\"ImageObject\",\"inLanguage\":\"es\",\"@id\":\"https:\/\/www.avantio.com\/#\/schema\/logo\/image\/\",\"url\":\"https:\/\/www.avantio.com\/wp-content\/uploads\/2023\/08\/Avantio.jpg\",\"contentUrl\":\"https:\/\/www.avantio.com\/wp-content\/uploads\/2023\/08\/Avantio.jpg\",\"width\":696,\"height\":696,\"caption\":\"Avantio\"},\"image\":{\"@id\":\"https:\/\/www.avantio.com\/#\/schema\/logo\/image\/\"}}]}<\/script>\n<!-- \/ Yoast SEO Premium plugin. -->","yoast_head_json":{"title":"T\u00e9rminos y Condiciones del Programa de Referidos | Avantio","description":"Consulta los T\u00e9rminos y Condiciones asociados al Programa de Recomendaci\u00f3n de Avantio.","robots":{"index":"noindex","follow":"nofollow"},"og_locale":"es_ES","og_type":"article","og_title":"ES T\u00e9rminos y Condiciones de Referral Program","og_description":"Consulta los T\u00e9rminos y Condiciones asociados al Programa de Recomendaci\u00f3n de Avantio.","og_url":"https:\/\/www.avantio.com\/terms-conditions-referral-program\/","og_site_name":"Avantio","article_modified_time":"2024-04-12T07:12:00+00:00","twitter_card":"summary_large_image","twitter_misc":{"Tiempo de lectura":"2 minutos"},"schema":{"@context":"https:\/\/schema.org","@graph":[{"@type":"WebPage","@id":"https:\/\/www.avantio.com\/terms-conditions-referral-program\/","url":"https:\/\/www.avantio.com\/terms-conditions-referral-program\/","name":"T\u00e9rminos y Condiciones del Programa de Referidos | Avantio","isPartOf":{"@id":"https:\/\/www.avantio.com\/#website"},"datePublished":"2023-01-16T12:57:41+00:00","dateModified":"2024-04-12T07:12:00+00:00","description":"Consulta los T\u00e9rminos y Condiciones asociados al Programa de Recomendaci\u00f3n de Avantio.","breadcrumb":{"@id":"https:\/\/www.avantio.com\/terms-conditions-referral-program\/#breadcrumb"},"inLanguage":"es","potentialAction":[{"@type":"ReadAction","target":["https:\/\/www.avantio.com\/terms-conditions-referral-program\/"]}]},{"@type":"BreadcrumbList","@id":"https:\/\/www.avantio.com\/terms-conditions-referral-program\/#breadcrumb","itemListElement":[{"@type":"ListItem","position":1,"name":"Home","item":"https:\/\/www.avantio.com\/"},{"@type":"ListItem","position":2,"name":"ES T\u00e9rminos y Condiciones de Referral Program"}]},{"@type":"WebSite","@id":"https:\/\/www.avantio.com\/#website","url":"https:\/\/www.avantio.com\/","name":"Avantio","description":"Vacation Rental Software","publisher":{"@id":"https:\/\/www.avantio.com\/#organization"},"potentialAction":[{"@type":"SearchAction","target":{"@type":"EntryPoint","urlTemplate":"https:\/\/www.avantio.com\/?s={search_term_string}"},"query-input":{"@type":"PropertyValueSpecification","valueRequired":true,"valueName":"search_term_string"}}],"inLanguage":"es"},{"@type":"Organization","@id":"https:\/\/www.avantio.com\/#organization","name":"Avantio","url":"https:\/\/www.avantio.com\/","logo":{"@type":"ImageObject","inLanguage":"es","@id":"https:\/\/www.avantio.com\/#\/schema\/logo\/image\/","url":"https:\/\/www.avantio.com\/wp-content\/uploads\/2023\/08\/Avantio.jpg","contentUrl":"https:\/\/www.avantio.com\/wp-content\/uploads\/2023\/08\/Avantio.jpg","width":696,"height":696,"caption":"Avantio"},"image":{"@id":"https:\/\/www.avantio.com\/#\/schema\/logo\/image\/"}}]}},"_links":{"self":[{"href":"https:\/\/www.avantio.com\/es\/wp-json\/wp\/v2\/pages\/17094","targetHints":{"allow":["GET"]}}],"collection":[{"href":"https:\/\/www.avantio.com\/es\/wp-json\/wp\/v2\/pages"}],"about":[{"href":"https:\/\/www.avantio.com\/es\/wp-json\/wp\/v2\/types\/page"}],"author":[{"embeddable":true,"href":"https:\/\/www.avantio.com\/es\/wp-json\/wp\/v2\/users\/3"}],"replies":[{"embeddable":true,"href":"https:\/\/www.avantio.com\/es\/wp-json\/wp\/v2\/comments?post=17094"}],"version-history":[{"count":12,"href":"https:\/\/www.avantio.com\/es\/wp-json\/wp\/v2\/pages\/17094\/revisions"}],"predecessor-version":[{"id":34702,"href":"https:\/\/www.avantio.com\/es\/wp-json\/wp\/v2\/pages\/17094\/revisions\/34702"}],"wp:attachment":[{"href":"https:\/\/www.avantio.com\/es\/wp-json\/wp\/v2\/media?parent=17094"}],"curies":[{"name":"wp","href":"https:\/\/api.w.org\/{rel}","templated":true}]}}