{"id":15773,"date":"2022-07-11T13:20:26","date_gmt":"2022-07-11T11:20:26","guid":{"rendered":"https:\/\/www.avantio.com\/cookies-policy\/"},"modified":"2026-03-10T09:54:29","modified_gmt":"2026-03-10T08:54:29","slug":"cookies","status":"publish","type":"page","link":"https:\/\/www.avantio.com\/es\/cookies\/","title":{"rendered":"Pol\u00edtica de Cookies"},"content":{"rendered":"[vc_row type=\u00bbin_container\u00bb full_screen_row_position=\u00bbmiddle\u00bb column_margin=\u00bbdefault\u00bb column_direction=\u00bbdefault\u00bb column_direction_tablet=\u00bbdefault\u00bb column_direction_phone=\u00bbdefault\u00bb scene_position=\u00bbcenter\u00bb text_color=\u00bbdark\u00bb text_align=\u00bbleft\u00bb row_border_radius=\u00bbnone\u00bb row_border_radius_applies=\u00bbbg\u00bb overflow=\u00bbvisible\u00bb class=\u00bbsection-block only&#8211;bot\u00bb advanced_gradient_angle=\u00bb0&#8243; overlay_strength=\u00bb0.3&#8243; gradient_direction=\u00bbleft_to_right\u00bb shape_divider_position=\u00bbbottom\u00bb bg_image_animation=\u00bbnone\u00bb gradient_type=\u00bbdefault\u00bb shape_type=\u00bb\u00bb][vc_column column_padding=\u00bbno-extra-padding\u00bb column_padding_tablet=\u00bbinherit\u00bb column_padding_phone=\u00bbinherit\u00bb column_padding_position=\u00bball\u00bb column_element_direction_desktop=\u00bbdefault\u00bb column_element_spacing=\u00bbdefault\u00bb desktop_text_alignment=\u00bbdefault\u00bb tablet_text_alignment=\u00bbdefault\u00bb phone_text_alignment=\u00bbdefault\u00bb background_color_opacity=\u00bb1&#8243; background_hover_color_opacity=\u00bb1&#8243; column_backdrop_filter=\u00bbnone\u00bb column_shadow=\u00bbnone\u00bb column_border_radius=\u00bbnone\u00bb column_link_target=\u00bb_self\u00bb column_position=\u00bbdefault\u00bb gradient_direction=\u00bbleft_to_right\u00bb overlay_strength=\u00bb0.3&#8243; width=\u00bb2\/3&#8243; tablet_width_inherit=\u00bbdefault\u00bb animation_type=\u00bbdefault\u00bb bg_image_animation=\u00bbnone\u00bb border_type=\u00bbsimple\u00bb column_border_width=\u00bbnone\u00bb column_border_style=\u00bbsolid\u00bb][vc_column_text css=\u00bb\u00bb text_direction=\u00bbdefault\u00bb]\n<h1>Pol\u00edtica de cookies<\/h1>\n<p>Las cookies son fragmentos de informaci\u00f3n que se guardan en el ordenador y tienen por objeto facilitar la navegaci\u00f3n, personalizar la informaci\u00f3n y analizar la efectividad.<\/p>\n<p>Este sitio web utiliza cookies para su correcto funcionamiento, poder analizar la usabilidad de la p\u00e1gina y mejorar la experiencia de usuario, y conocer su uso de la red, pero nunca le identifican personalmente. Al entrar al sitio web por primera vez se informa en un cartel que la web utiliza cookies y al continuar navegando se autoriza a la empresa a utilizarlas. Las cookies se pueden eliminar en cualquier momento del ordenador, y tambi\u00e9n configurar el navegador para que no admita cookies si as\u00ed se desea, esta configuraci\u00f3n depende de cada navegador.<\/p>\n<p>El sitio web seguir\u00e1 funcionando, pero es posible que algunas funciones se vean limitadas.<\/p>\n<p align=\"justify\"><b>Tipos de cookies que utilizamos:<\/b><\/p>\n<ul>\n<li>\n<p align=\"justify\"><b>Anal\u00edticas:<\/b>\u00a0Este sitio web utiliza Google Analytics, para conocer n\u00famero de visitantes, navegaci\u00f3n de usuarios y experiencia de uso, y poder mejorar la web con estos datos. Nunca se identifica a una persona individualmente.<\/p>\n<\/li>\n<\/ul>\n<p align=\"justify\"><span style=\"color: #000000;\">A continuaci\u00f3n, se detallan las cookies anal\u00edticas que se utilizan en el Sitio Web: <\/span><\/p>\n<table width=\"878\" cellspacing=\"0\" cellpadding=\"11\">\n<tbody>\n<tr valign=\"top\">\n<td bgcolor=\"#2f5496\" width=\"90\">\n<p align=\"center\"><span style=\"color: #000000;\"><span lang=\"en-GB\"><b>Nombre<\/b><\/span><\/span><\/p>\n<\/td>\n<td bgcolor=\"#2f5496\" width=\"274\">\n<p align=\"center\"><span style=\"color: #000000;\"><b>Finalidad<\/b><\/span><\/p>\n<\/td>\n<td bgcolor=\"#2f5496\" width=\"161\">\n<p align=\"center\"><span style=\"color: #000000;\"><span lang=\"en-GB\"><b>Caducidad<\/b><\/span><\/span><\/p>\n<\/td>\n<td bgcolor=\"#2f5496\" width=\"127\">\n<p align=\"center\"><span style=\"color: #000000;\"><span lang=\"en-GB\"><b>\u00bfQuien las utiliza?<\/b><\/span><\/span><\/p>\n<\/td>\n<td bgcolor=\"#2f5496\" width=\"113\">\n<p align=\"center\"><span style=\"color: #000000;\"><span lang=\"en-GB\"><b>Proveedor<\/b><\/span><\/span><\/p>\n<\/td>\n<\/tr>\n<tr>\n<td bgcolor=\"#d9e2f3\" width=\"90\" height=\"40\"><\/td>\n<td valign=\"top\" bgcolor=\"#d9e2f3\" width=\"274\">\n<p align=\"justify\">\n<\/td>\n<td valign=\"top\" bgcolor=\"#d9e2f3\" width=\"161\"><\/td>\n<td valign=\"top\" bgcolor=\"#d9e2f3\" width=\"127\"><\/td>\n<td valign=\"top\" bgcolor=\"#d9e2f3\" width=\"113\"><\/td>\n<\/tr>\n<tr>\n<td bgcolor=\"#d9e2f3\" width=\"90\" height=\"40\">\n<p align=\"center\"><span style=\"color: #000000;\">\u200d<\/span><\/p>\n<\/td>\n<td valign=\"top\" bgcolor=\"#d9e2f3\" width=\"274\"><\/td>\n<td valign=\"top\" bgcolor=\"#d9e2f3\" width=\"161\"><\/td>\n<td valign=\"top\" bgcolor=\"#d9e2f3\" width=\"127\"><\/td>\n<td valign=\"top\" bgcolor=\"#d9e2f3\" width=\"113\"><\/td>\n<\/tr>\n<tr>\n<td bgcolor=\"#d9e2f3\" width=\"90\" height=\"38\">\n<p align=\"center\"><span style=\"color: #000000;\">\u200d<\/span><\/p>\n<\/td>\n<td valign=\"top\" bgcolor=\"#d9e2f3\" width=\"274\"><\/td>\n<td valign=\"top\" bgcolor=\"#d9e2f3\" width=\"161\"><\/td>\n<td valign=\"top\" bgcolor=\"#d9e2f3\" width=\"127\"><\/td>\n<td valign=\"top\" bgcolor=\"#d9e2f3\" width=\"113\"><\/td>\n<\/tr>\n<\/tbody>\n<\/table>\n<p align=\"justify\">\n<ul>\n<li>\n<p align=\"justify\"><b>T\u00e9cnicas:<\/b>\u00a0Permiten al usuario la navegaci\u00f3n a trav\u00e9s de una p\u00e1gina web, plataforma o aplicaci\u00f3n y la utilizaci\u00f3n de las diferentes opciones o servicios que en ella existan como, por ejemplo, controlar el tr\u00e1fico y la comunicaci\u00f3n de datos, identificar la sesi\u00f3n, acceder a partes de acceso restringido, recordar los elementos que integran un pedido, realizar el proceso de compra de un pedido, realizar la solicitud de inscripci\u00f3n o participaci\u00f3n en un evento, utilizar elementos de seguridad durante la navegaci\u00f3n, almacenar contenidos para la difusi\u00f3n de videos o sonido o compartir contenidos a trav\u00e9s de redes sociales.<\/p>\n<\/li>\n<\/ul>\n<p align=\"justify\"><span style=\"color: #000000;\">A continuaci\u00f3n, se detallan las cookies obligatorias que se utilizan en el Sitio Web: <\/span><\/p>\n<table width=\"850\" cellspacing=\"0\" cellpadding=\"11\">\n<tbody>\n<tr valign=\"top\">\n<td bgcolor=\"#2f5496\" width=\"153\">\n<p align=\"center\"><span style=\"color: #000000;\"><span lang=\"en-GB\"><b>Nombre<\/b><\/span><\/span><\/p>\n<\/td>\n<td bgcolor=\"#2f5496\" width=\"154\">\n<p align=\"center\"><span style=\"color: #000000;\"><b>Finalidad<\/b><\/span><\/p>\n<\/td>\n<td bgcolor=\"#2f5496\" width=\"176\">\n<p align=\"center\"><span style=\"color: #000000;\"><span lang=\"en-GB\"><b>Caducidad<\/b><\/span><\/span><\/p>\n<\/td>\n<td bgcolor=\"#2f5496\" width=\"152\">\n<p align=\"center\"><span style=\"color: #000000;\"><span lang=\"en-GB\"><b>\u00bfQuien las utiliza?<\/b><\/span><\/span><\/p>\n<\/td>\n<td bgcolor=\"#2f5496\" width=\"101\">\n<p align=\"center\"><span style=\"color: #000000;\"><span lang=\"en-GB\"><b>Proveedor<\/b><\/span><\/span><\/p>\n<\/td>\n<\/tr>\n<tr>\n<td bgcolor=\"#d9e2f3\" width=\"153\" height=\"26\"><span style=\"color: #000000;\">\u200d<\/span><\/td>\n<td valign=\"top\" bgcolor=\"#d9e2f3\" width=\"154\"><\/td>\n<td valign=\"top\" bgcolor=\"#d9e2f3\" width=\"176\"><\/td>\n<td valign=\"top\" bgcolor=\"#d9e2f3\" width=\"152\"><\/td>\n<td valign=\"top\" bgcolor=\"#d9e2f3\" width=\"101\"><\/td>\n<\/tr>\n<tr>\n<td bgcolor=\"#d9e2f3\" width=\"153\" height=\"40\">\n<p align=\"center\"><span style=\"color: #000000;\">\u200d<\/span><\/p>\n<\/td>\n<td valign=\"top\" bgcolor=\"#d9e2f3\" width=\"154\"><\/td>\n<td valign=\"top\" bgcolor=\"#d9e2f3\" width=\"176\"><\/td>\n<td valign=\"top\" bgcolor=\"#d9e2f3\" width=\"152\"><\/td>\n<td valign=\"top\" bgcolor=\"#d9e2f3\" width=\"101\"><\/td>\n<\/tr>\n<tr>\n<td bgcolor=\"#d9e2f3\" width=\"153\" height=\"38\">\n<p align=\"center\"><span style=\"color: #000000;\">\u200d<\/span><\/p>\n<\/td>\n<td valign=\"top\" bgcolor=\"#d9e2f3\" width=\"154\"><\/td>\n<td valign=\"top\" bgcolor=\"#d9e2f3\" width=\"176\"><\/td>\n<td valign=\"top\" bgcolor=\"#d9e2f3\" width=\"152\"><\/td>\n<td valign=\"top\" bgcolor=\"#d9e2f3\" width=\"101\"><\/td>\n<\/tr>\n<\/tbody>\n<\/table>\n<p align=\"justify\">\n<ul>\n<li>\n<p align=\"justify\"><b>Publicidad comportamental:<\/b>\u00a0Permiten la gesti\u00f3n, de la forma m\u00e1s eficaz posible, de los espacios publicitarios que, en su caso, el editor haya incluido en una p\u00e1gina web, aplicaci\u00f3n o plataforma desde la que presta el servicio solicitado. Estas cookies almacenan informaci\u00f3n del comportamiento de los usuarios obtenida a trav\u00e9s de la observaci\u00f3n continuada de sus h\u00e1bitos de navegaci\u00f3n, lo que permite desarrollar un perfil espec\u00edfico para mostrar publicidad en funci\u00f3n del mismo.<\/p>\n<\/li>\n<\/ul>\n<p align=\"justify\"><span style=\"color: #000000;\">A continuaci\u00f3n, se detallan las cookies publicitarias que se utilizan en el Sitio Web:<\/span><\/p>\n<table width=\"850\" cellspacing=\"0\" cellpadding=\"11\">\n<tbody>\n<tr valign=\"top\">\n<td bgcolor=\"#2f5496\" width=\"91\">\n<p align=\"center\"><span style=\"color: #000000;\"><span lang=\"en-GB\"><b>Nombre<\/b><\/span><\/span><\/p>\n<\/td>\n<td bgcolor=\"#2f5496\" width=\"257\">\n<p align=\"center\"><span style=\"color: #000000;\"><b>Finalidad<\/b><\/span><\/p>\n<\/td>\n<td bgcolor=\"#2f5496\" width=\"134\">\n<p align=\"center\"><span style=\"color: #000000;\"><span lang=\"en-GB\"><b>Caducidad<\/b><\/span><\/span><\/p>\n<\/td>\n<td bgcolor=\"#2f5496\" width=\"151\">\n<p align=\"center\"><span style=\"color: #000000;\"><span lang=\"en-GB\"><b>\u00bfQuien las utiliza?<\/b><\/span><\/span><\/p>\n<\/td>\n<td bgcolor=\"#2f5496\" width=\"103\">\n<p align=\"center\"><span style=\"color: #000000;\"><span lang=\"en-GB\"><b>Proveedor<\/b><\/span><\/span><\/p>\n<\/td>\n<\/tr>\n<tr>\n<td bgcolor=\"#d9e2f3\" width=\"91\" height=\"40\">\n<p align=\"center\"><span style=\"color: #000000;\">\u200d<\/span><\/p>\n<\/td>\n<td valign=\"top\" bgcolor=\"#d9e2f3\" width=\"257\"><\/td>\n<td valign=\"top\" bgcolor=\"#d9e2f3\" width=\"134\"><\/td>\n<td valign=\"top\" bgcolor=\"#d9e2f3\" width=\"151\"><\/td>\n<td valign=\"top\" bgcolor=\"#d9e2f3\" width=\"103\"><\/td>\n<\/tr>\n<tr>\n<td bgcolor=\"#d9e2f3\" width=\"91\" height=\"40\">\n<p align=\"center\"><span style=\"color: #000000;\">\u200d<\/span><\/p>\n<\/td>\n<td valign=\"top\" bgcolor=\"#d9e2f3\" width=\"257\"><\/td>\n<td valign=\"top\" bgcolor=\"#d9e2f3\" width=\"134\"><\/td>\n<td valign=\"top\" bgcolor=\"#d9e2f3\" width=\"151\"><\/td>\n<td valign=\"top\" bgcolor=\"#d9e2f3\" width=\"103\"><\/td>\n<\/tr>\n<tr>\n<td bgcolor=\"#d9e2f3\" width=\"91\" height=\"38\">\n<p align=\"center\"><span style=\"color: #000000;\">\u200d<\/span><\/p>\n<\/td>\n<td valign=\"top\" bgcolor=\"#d9e2f3\" width=\"257\"><\/td>\n<td valign=\"top\" bgcolor=\"#d9e2f3\" width=\"134\"><\/td>\n<td valign=\"top\" bgcolor=\"#d9e2f3\" width=\"151\"><\/td>\n<td valign=\"top\" bgcolor=\"#d9e2f3\" width=\"103\"><\/td>\n<\/tr>\n<\/tbody>\n<\/table>\n<p align=\"justify\">\n<p>Asimismo, INTERNET TOURISM SOLUTIONS SL informa al usuario de que tiene la posibilidad de configurar su navegador de modo que se le informe de la recepcio\u0301n de cookies, pudiendo, si asi\u0301 lo desea, impedir que sean instaladas en su disco duro. A continuacio\u0301n le proporcionamos los enlaces de diversos navegadores, a trave\u0301s de los cuales podra\u0301 realizar dicha configuracio\u0301n:<\/p>\n<ul>\n<li>Firefox desde aqui\u0301:\u00a0<a href=\"https:\/\/support.mozilla.org\/es\/kb\/habilitar-y-deshabilitar-cookies-sitios-web-rastrear-preferencias\">https:\/\/support.mozilla.org\/es\/kb\/habilitar-y-deshabilitar-cookies-sitios-web-rastrear-preferencias<\/a><\/li>\n<li>Chrome desde aqui\u0301:\u00a0<a href=\"http:\/\/support.google.com\/chrome\/bin\/answer.py?hl=es&amp;answer=95647\">http:\/\/support.google.com\/chrome\/bin\/answer.py?hl=es&amp;answer=95647<\/a><\/li>\n<li>Explorer desde aqui\u0301:\u00a0<a href=\"http:\/\/windows.microsoft.com\/es-es\/internet-explorer\/delete-manage-cookies#ie=ie-10\">http:\/\/windows.microsoft.com\/es-es\/internet-explorer\/delete-manage-cookies#ie=ie-10<\/a><\/li>\n<li>Safari desde aqui\u0301:\u00a0<a href=\"https:\/\/support.apple.com\/kb\/ph17191?locale=es_ES\">https:\/\/support.apple.com\/kb\/ph17191?locale=es_ES<\/a><\/li>\n<li>Opera desde aqui\u0301:\u00a0<a href=\"http:\/\/help.opera.com\/Windows\/11.50\/es-ES\/cookies.html\">http:\/\/help.opera.com\/Windows\/11.50\/es-ES\/cookies.html<\/a><\/li>\n<li>Google Analytics desde aqu\u00ed:\u00a0<a href=\"https:\/\/support.google.com\/analytics\/answer\/181881?hl=es\">https:\/\/support.google.com\/analytics\/answer\/181881?hl=es<\/a><\/li>\n<\/ul>\n[\/vc_column_text][\/vc_column][vc_column column_padding=\u00bbno-extra-padding\u00bb column_padding_tablet=\u00bbinherit\u00bb column_padding_phone=\u00bbinherit\u00bb column_padding_position=\u00bball\u00bb column_element_direction_desktop=\u00bbdefault\u00bb column_element_spacing=\u00bbdefault\u00bb desktop_text_alignment=\u00bbdefault\u00bb tablet_text_alignment=\u00bbdefault\u00bb phone_text_alignment=\u00bbdefault\u00bb background_color_opacity=\u00bb1&#8243; background_hover_color_opacity=\u00bb1&#8243; column_backdrop_filter=\u00bbnone\u00bb column_shadow=\u00bbnone\u00bb column_border_radius=\u00bbnone\u00bb column_link_target=\u00bb_self\u00bb column_position=\u00bbdefault\u00bb gradient_direction=\u00bbleft_to_right\u00bb overlay_strength=\u00bb0.3&#8243; width=\u00bb1\/3&#8243; tablet_width_inherit=\u00bbdefault\u00bb animation_type=\u00bbdefault\u00bb bg_image_animation=\u00bbnone\u00bb border_type=\u00bbsimple\u00bb column_border_width=\u00bbnone\u00bb column_border_style=\u00bbsolid\u00bb][\/vc_column][\/vc_row]\n","protected":false},"excerpt":{"rendered":"<p>[vc_row type=\u00bbin_container\u00bb full_screen_row_position=\u00bbmiddle\u00bb column_margin=\u00bbdefault\u00bb column_direction=\u00bbdefault\u00bb column_direction_tablet=\u00bbdefault\u00bb column_direction_phone=\u00bbdefault\u00bb scene_position=\u00bbcenter\u00bb text_color=\u00bbdark\u00bb text_align=\u00bbleft\u00bb row_border_radius=\u00bbnone\u00bb row_border_radius_applies=\u00bbbg\u00bb overflow=\u00bbvisible\u00bb class=\u00bbsection-block only&#8211;bot\u00bb advanced_gradient_angle=\u00bb0&#8243; overlay_strength=\u00bb0.3&#8243; gradient_direction=\u00bbleft_to_right\u00bb shape_divider_position=\u00bbbottom\u00bb bg_image_animation=\u00bbnone\u00bb gradient_type=\u00bbdefault\u00bb shape_type=\u00bb\u00bb][vc_column column_padding=\u00bbno-extra-padding\u00bb column_padding_tablet=\u00bbinherit\u00bb column_padding_phone=\u00bbinherit\u00bb column_padding_position=\u00bball\u00bb column_element_direction_desktop=\u00bbdefault\u00bb column_element_spacing=\u00bbdefault\u00bb desktop_text_alignment=\u00bbdefault\u00bb tablet_text_alignment=\u00bbdefault\u00bb&#8230;<\/p>\n","protected":false},"author":8,"featured_media":0,"parent":0,"menu_order":80,"comment_status":"closed","ping_status":"closed","template":"","meta":{"_acf_changed":false,"om_disable_all_campaigns":false,"inline_featured_image":false,"footnotes":""},"class_list":["post-15773","page","type-page","status-publish"],"acf":[],"yoast_head":"<!-- This site is optimized with the Yoast SEO Premium plugin v27.0 (Yoast SEO v27.0) - https:\/\/yoast.com\/product\/yoast-seo-premium-wordpress\/ -->\n<title>Pol\u00edtica de Cookies | Avantio<\/title>\n<meta name=\"robots\" content=\"noindex, nofollow\" \/>\n<meta property=\"og:locale\" content=\"es_ES\" \/>\n<meta property=\"og:type\" content=\"article\" \/>\n<meta property=\"og:title\" content=\"Pol\u00edtica de Cookies\" \/>\n<meta property=\"og:description\" content=\"[vc_row type=\u00bbin_container\u00bb full_screen_row_position=\u00bbmiddle\u00bb column_margin=\u00bbdefault\u00bb column_direction=\u00bbdefault\u00bb column_direction_tablet=\u00bbdefault\u00bb column_direction_phone=\u00bbdefault\u00bb scene_position=\u00bbcenter\u00bb text_color=\u00bbdark\u00bb text_align=\u00bbleft\u00bb row_border_radius=\u00bbnone\u00bb row_border_radius_applies=\u00bbbg\u00bb overflow=\u00bbvisible\u00bb class=\u00bbsection-block only&#8211;bot\u00bb advanced_gradient_angle=\u00bb0&#8243; overlay_strength=\u00bb0.3&#8243; gradient_direction=\u00bbleft_to_right\u00bb shape_divider_position=\u00bbbottom\u00bb bg_image_animation=\u00bbnone\u00bb gradient_type=\u00bbdefault\u00bb shape_type=\u00bb\u00bb][vc_column column_padding=\u00bbno-extra-padding\u00bb column_padding_tablet=\u00bbinherit\u00bb column_padding_phone=\u00bbinherit\u00bb column_padding_position=\u00bball\u00bb column_element_direction_desktop=\u00bbdefault\u00bb column_element_spacing=\u00bbdefault\u00bb desktop_text_alignment=\u00bbdefault\u00bb tablet_text_alignment=\u00bbdefault\u00bb...\" \/>\n<meta property=\"og:url\" content=\"https:\/\/www.avantio.com\/es\/cookies\/\" \/>\n<meta property=\"og:site_name\" content=\"Avantio\" \/>\n<meta property=\"article:modified_time\" content=\"2026-03-10T08:54:29+00:00\" \/>\n<meta name=\"twitter:card\" content=\"summary_large_image\" \/>\n<meta name=\"twitter:label1\" content=\"Tiempo de lectura\" \/>\n\t<meta name=\"twitter:data1\" content=\"3 minutos\" \/>\n<script type=\"application\/ld+json\" class=\"yoast-schema-graph\">{\"@context\":\"https:\/\/schema.org\",\"@graph\":[{\"@type\":\"WebPage\",\"@id\":\"https:\/\/www.avantio.com\/es\/cookies\/\",\"url\":\"https:\/\/www.avantio.com\/es\/cookies\/\",\"name\":\"Pol\u00edtica de Cookies | Avantio\",\"isPartOf\":{\"@id\":\"https:\/\/www.avantio.com\/#website\"},\"datePublished\":\"2022-07-11T11:20:26+00:00\",\"dateModified\":\"2026-03-10T08:54:29+00:00\",\"breadcrumb\":{\"@id\":\"https:\/\/www.avantio.com\/es\/cookies\/#breadcrumb\"},\"inLanguage\":\"es\",\"potentialAction\":[{\"@type\":\"ReadAction\",\"target\":[\"https:\/\/www.avantio.com\/es\/cookies\/\"]}]},{\"@type\":\"BreadcrumbList\",\"@id\":\"https:\/\/www.avantio.com\/es\/cookies\/#breadcrumb\",\"itemListElement\":[{\"@type\":\"ListItem\",\"position\":1,\"name\":\"Home\",\"item\":\"https:\/\/www.avantio.com\/\"},{\"@type\":\"ListItem\",\"position\":2,\"name\":\"Pol\u00edtica de Cookies\"}]},{\"@type\":\"WebSite\",\"@id\":\"https:\/\/www.avantio.com\/#website\",\"url\":\"https:\/\/www.avantio.com\/\",\"name\":\"Avantio\",\"description\":\"Vacation Rental Software\",\"publisher\":{\"@id\":\"https:\/\/www.avantio.com\/#organization\"},\"potentialAction\":[{\"@type\":\"SearchAction\",\"target\":{\"@type\":\"EntryPoint\",\"urlTemplate\":\"https:\/\/www.avantio.com\/?s={search_term_string}\"},\"query-input\":{\"@type\":\"PropertyValueSpecification\",\"valueRequired\":true,\"valueName\":\"search_term_string\"}}],\"inLanguage\":\"es\"},{\"@type\":\"Organization\",\"@id\":\"https:\/\/www.avantio.com\/#organization\",\"name\":\"Avantio\",\"url\":\"https:\/\/www.avantio.com\/\",\"logo\":{\"@type\":\"ImageObject\",\"inLanguage\":\"es\",\"@id\":\"https:\/\/www.avantio.com\/#\/schema\/logo\/image\/\",\"url\":\"https:\/\/www.avantio.com\/wp-content\/uploads\/2023\/08\/Avantio.jpg\",\"contentUrl\":\"https:\/\/www.avantio.com\/wp-content\/uploads\/2023\/08\/Avantio.jpg\",\"width\":696,\"height\":696,\"caption\":\"Avantio\"},\"image\":{\"@id\":\"https:\/\/www.avantio.com\/#\/schema\/logo\/image\/\"}}]}<\/script>\n<!-- \/ Yoast SEO Premium plugin. -->","yoast_head_json":{"title":"Pol\u00edtica de Cookies | Avantio","robots":{"index":"noindex","follow":"nofollow"},"og_locale":"es_ES","og_type":"article","og_title":"Pol\u00edtica de Cookies","og_description":"[vc_row type=\u00bbin_container\u00bb full_screen_row_position=\u00bbmiddle\u00bb column_margin=\u00bbdefault\u00bb column_direction=\u00bbdefault\u00bb column_direction_tablet=\u00bbdefault\u00bb column_direction_phone=\u00bbdefault\u00bb scene_position=\u00bbcenter\u00bb text_color=\u00bbdark\u00bb text_align=\u00bbleft\u00bb row_border_radius=\u00bbnone\u00bb row_border_radius_applies=\u00bbbg\u00bb overflow=\u00bbvisible\u00bb class=\u00bbsection-block only&#8211;bot\u00bb advanced_gradient_angle=\u00bb0&#8243; overlay_strength=\u00bb0.3&#8243; gradient_direction=\u00bbleft_to_right\u00bb shape_divider_position=\u00bbbottom\u00bb bg_image_animation=\u00bbnone\u00bb gradient_type=\u00bbdefault\u00bb shape_type=\u00bb\u00bb][vc_column column_padding=\u00bbno-extra-padding\u00bb column_padding_tablet=\u00bbinherit\u00bb column_padding_phone=\u00bbinherit\u00bb column_padding_position=\u00bball\u00bb column_element_direction_desktop=\u00bbdefault\u00bb column_element_spacing=\u00bbdefault\u00bb desktop_text_alignment=\u00bbdefault\u00bb tablet_text_alignment=\u00bbdefault\u00bb...","og_url":"https:\/\/www.avantio.com\/es\/cookies\/","og_site_name":"Avantio","article_modified_time":"2026-03-10T08:54:29+00:00","twitter_card":"summary_large_image","twitter_misc":{"Tiempo de lectura":"3 minutos"},"schema":{"@context":"https:\/\/schema.org","@graph":[{"@type":"WebPage","@id":"https:\/\/www.avantio.com\/es\/cookies\/","url":"https:\/\/www.avantio.com\/es\/cookies\/","name":"Pol\u00edtica de Cookies | Avantio","isPartOf":{"@id":"https:\/\/www.avantio.com\/#website"},"datePublished":"2022-07-11T11:20:26+00:00","dateModified":"2026-03-10T08:54:29+00:00","breadcrumb":{"@id":"https:\/\/www.avantio.com\/es\/cookies\/#breadcrumb"},"inLanguage":"es","potentialAction":[{"@type":"ReadAction","target":["https:\/\/www.avantio.com\/es\/cookies\/"]}]},{"@type":"BreadcrumbList","@id":"https:\/\/www.avantio.com\/es\/cookies\/#breadcrumb","itemListElement":[{"@type":"ListItem","position":1,"name":"Home","item":"https:\/\/www.avantio.com\/"},{"@type":"ListItem","position":2,"name":"Pol\u00edtica de Cookies"}]},{"@type":"WebSite","@id":"https:\/\/www.avantio.com\/#website","url":"https:\/\/www.avantio.com\/","name":"Avantio","description":"Vacation Rental Software","publisher":{"@id":"https:\/\/www.avantio.com\/#organization"},"potentialAction":[{"@type":"SearchAction","target":{"@type":"EntryPoint","urlTemplate":"https:\/\/www.avantio.com\/?s={search_term_string}"},"query-input":{"@type":"PropertyValueSpecification","valueRequired":true,"valueName":"search_term_string"}}],"inLanguage":"es"},{"@type":"Organization","@id":"https:\/\/www.avantio.com\/#organization","name":"Avantio","url":"https:\/\/www.avantio.com\/","logo":{"@type":"ImageObject","inLanguage":"es","@id":"https:\/\/www.avantio.com\/#\/schema\/logo\/image\/","url":"https:\/\/www.avantio.com\/wp-content\/uploads\/2023\/08\/Avantio.jpg","contentUrl":"https:\/\/www.avantio.com\/wp-content\/uploads\/2023\/08\/Avantio.jpg","width":696,"height":696,"caption":"Avantio"},"image":{"@id":"https:\/\/www.avantio.com\/#\/schema\/logo\/image\/"}}]}},"_links":{"self":[{"href":"https:\/\/www.avantio.com\/es\/wp-json\/wp\/v2\/pages\/15773","targetHints":{"allow":["GET"]}}],"collection":[{"href":"https:\/\/www.avantio.com\/es\/wp-json\/wp\/v2\/pages"}],"about":[{"href":"https:\/\/www.avantio.com\/es\/wp-json\/wp\/v2\/types\/page"}],"author":[{"embeddable":true,"href":"https:\/\/www.avantio.com\/es\/wp-json\/wp\/v2\/users\/8"}],"replies":[{"embeddable":true,"href":"https:\/\/www.avantio.com\/es\/wp-json\/wp\/v2\/comments?post=15773"}],"version-history":[{"count":6,"href":"https:\/\/www.avantio.com\/es\/wp-json\/wp\/v2\/pages\/15773\/revisions"}],"predecessor-version":[{"id":63920,"href":"https:\/\/www.avantio.com\/es\/wp-json\/wp\/v2\/pages\/15773\/revisions\/63920"}],"wp:attachment":[{"href":"https:\/\/www.avantio.com\/es\/wp-json\/wp\/v2\/media?parent=15773"}],"curies":[{"name":"wp","href":"https:\/\/api.w.org\/{rel}","templated":true}]}}