{"id":35050,"date":"2024-04-04T17:37:04","date_gmt":"2024-04-04T15:37:04","guid":{"rendered":"https:\/\/www.avantio.com\/?page_id=35050"},"modified":"2025-03-21T11:40:11","modified_gmt":"2025-03-21T10:40:11","slug":"beschwerdekanal","status":"publish","type":"page","link":"https:\/\/www.avantio.com\/de\/beschwerdekanal\/","title":{"rendered":"DE Canal de denuncias"},"content":{"rendered":"[vc_row type=&#8220;in_container&#8220; full_screen_row_position=&#8220;middle&#8220; column_margin=&#8220;default&#8220; column_direction=&#8220;default&#8220; column_direction_tablet=&#8220;default&#8220; column_direction_phone=&#8220;default&#8220; scene_position=&#8220;center&#8220; top_padding=&#8220;200&#8243; bottom_padding=&#8220;200&#8243; left_padding_desktop=&#8220;200&#8243; right_padding_desktop=&#8220;200&#8243; top_padding_tablet=&#8220;80&#8243; bottom_padding_tablet=&#8220;80&#8243; left_padding_tablet=&#8220;40&#8243; right_padding_tablet=&#8220;20&#8243; top_padding_phone=&#8220;40&#8243; bottom_padding_phone=&#8220;40&#8243; left_padding_phone=&#8220;20&#8243; right_padding_phone=&#8220;20&#8243; text_color=&#8220;dark&#8220; text_align=&#8220;left&#8220; row_border_radius=&#8220;none&#8220; row_border_radius_applies=&#8220;bg&#8220; overflow=&#8220;visible&#8220; advanced_gradient_angle=&#8220;0&#8243; overlay_strength=&#8220;0.3&#8243; gradient_direction=&#8220;left_to_right&#8220; shape_divider_position=&#8220;bottom&#8220; bg_image_animation=&#8220;none&#8220; gradient_type=&#8220;default&#8220; shape_type=&#8220;&#8220;][vc_column column_padding=&#8220;no-extra-padding&#8220; column_padding_tablet=&#8220;inherit&#8220; column_padding_phone=&#8220;inherit&#8220; column_padding_position=&#8220;all&#8220; column_element_direction_desktop=&#8220;default&#8220; column_element_spacing=&#8220;default&#8220; desktop_text_alignment=&#8220;default&#8220; tablet_text_alignment=&#8220;default&#8220; phone_text_alignment=&#8220;default&#8220; background_color_opacity=&#8220;1&#8243; background_hover_color_opacity=&#8220;1&#8243; column_backdrop_filter=&#8220;none&#8220; column_shadow=&#8220;none&#8220; column_border_radius=&#8220;none&#8220; column_link_target=&#8220;_self&#8220; column_position=&#8220;default&#8220; gradient_direction=&#8220;left_to_right&#8220; overlay_strength=&#8220;0.3&#8243; width=&#8220;1\/1&#8243; tablet_width_inherit=&#8220;default&#8220; animation_type=&#8220;default&#8220; bg_image_animation=&#8220;none&#8220; border_type=&#8220;simple&#8220; column_border_width=&#8220;none&#8220; column_border_style=&#8220;solid&#8220;][vc_column_text]\n<h1><span style=\"color: #f15f41;\">Beschwerdekanal<\/span><\/h1>\n[\/vc_column_text][vc_column_text]Bei Avantio (<em>Internet Tourism Solutions, SLU<\/em>) verpflichten wir uns zu Integrit\u00e4t, Transparenz und Exzellenz in allen unseren Gesch\u00e4ftsabl\u00e4ufen. Wir wissen, wie wichtig es ist, ein Umfeld zu schaffen, in dem Zusammenarbeit, Wissen und Zukunftsdenken nicht nur Grundwerte sind, sondern Prinzipien, die unser t\u00e4gliches Handeln leiten.<\/p>\n<p>Wir verstehen, dass es zur Wahrung und Pflege dieser Werte unerl\u00e4sslich ist, Kan\u00e4le zu schaffen, die eine offene und ehrliche Kommunikation erm\u00f6glichen. Aus diesem Grund pr\u00e4sentieren wir unseren Whistleblowing-Kanal, eine <strong>sichere und vertrauliche Plattform<\/strong> f\u00fcr Arbeitnehmer, Einzelpersonen, Lieferanten und alle interessierten Parteien, die m\u00f6gliche Unregelm\u00e4\u00dfigkeiten oder Verst\u00f6\u00dfe gegen den Ethikkodex von Avantio melden m\u00f6chten.<\/p>\n<p><em>Dieser Kanal ist nicht der geeignete Kanal f\u00fcr Kundenbeschwerden. Wenn Sie unseren Kundenservice kontaktieren m\u00f6chten, tun Sie dies bitte \u00fcber die im VRMS bereitgestellten Kan\u00e4le oder \u00fcber das Formular auf <a href=\"https:\/\/www.avantio.com\/de\/kontakt\/\">unserer Kontaktseite.<\/a><\/em><\/p>\n<p>Die Auskunft (Beschwerde) kann unter Angabe des Hinweisgebers (Beschwerdef\u00fchrers) oder auch anonym erfolgen. Beachten Sie, dass die meldende Person bei Auswahl der Anonymit\u00e4t keine Informationen \u00fcber die Entwicklung ihres Zustands erhalten kann, sondern nur den Verlauf ihres Zustands sehen kann, indem sie mit der bereitgestellten ID direkt auf die Nachverfolgungsoption zugreift. Ende der \u00dcbermittlung der Informationen (Beschwerde).<\/p>\n<p>Sowohl der Informant als auch die von der Beschwerde betroffenen Personen haben das Recht, ihre Identit\u00e4t gem\u00e4\u00df Artikel 32 des Gesetzes 2\/2023 vom 20. Februar zu wahren. Dar\u00fcber hinaus haben Informanten eine Reihe von Rechten, wenn die von ihnen bereitgestellten Informationen den Anforderungen der Artikel 2 und 35 dieser Norm entsprechen, darunter das Verbot von Vergeltungsma\u00dfnahmen (Artikel 36). Es ber\u00fccksichtigt auch die Unterst\u00fctzungs- und Schutzma\u00dfnahmen gegen Vergeltungsma\u00dfnahmen, die das Gesetz in seinen Artikeln 37 und 38 vorsieht.<\/p>\n<p>Es ist wichtig zu verstehen, dass die \u00f6ffentliche Kommunikation oder Offenlegung von Informationen in dem Wissen, dass sie falsch sind, als sehr schwerwiegender Versto\u00df angesehen wird. Das Gesetz 2\/2023 vom 16. Februar sieht Geldstrafen zwischen 30.001 und 300.000 Euro f\u00fcr nat\u00fcrliche Personen vor, die sich an solchen Verhaltensweisen beteiligen (Artikel 63.1.f) und 65.1.a)).<\/p>\n<p>Bei Avantio sch\u00e4tzen und sch\u00fctzen wir die Integrit\u00e4t unserer Gemeinschaft. Auf diesem Weg bekr\u00e4ftigen wir unser Engagement f\u00fcr ein ethisches und verantwortungsvolles Arbeitsumfeld und laden alle ein, zur Wahrung unserer hohen Standards beizutragen.<\/p>\n<p>F\u00fcr weitere Informationen oder um eine Meldung zu erstellen, rufen Sie bitte den Meldekanal \u00fcber die Schaltfl\u00e4che unten auf. Ihre Stimme ist f\u00fcr unser st\u00e4ndiges Streben nach Exzellenz und Integrit\u00e4t von entscheidender Bedeutung.[\/vc_column_text][divider line_type=&#8220;No Line&#8220; custom_height=&#8220;40&#8243;][nectar_btn size=&#8220;jumbo&#8220; open_new_tab=&#8220;true&#8220; button_style=&#8220;see-through-2&#8243; color_override=&#8220;#f15f41&#8243; hover_color_override=&#8220;#f15f41&#8243; hover_text_color_override=&#8220;#ffffff&#8220; icon_family=&#8220;default_arrow&#8220; nofollow=&#8220;true&#8220; text=&#8220;Beschwerde schicken&#8220; url=&#8220;https:\/\/avantio.bizneohr.com\/whistleblowing-channel&#8220;][\/vc_column][\/vc_row]\n","protected":false},"excerpt":{"rendered":"<p>[vc_row type=&#8220;in_container&#8220; full_screen_row_position=&#8220;middle&#8220; column_margin=&#8220;default&#8220; column_direction=&#8220;default&#8220; column_direction_tablet=&#8220;default&#8220; column_direction_phone=&#8220;default&#8220; scene_position=&#8220;center&#8220; top_padding=&#8220;200&#8243; bottom_padding=&#8220;200&#8243; left_padding_desktop=&#8220;200&#8243; right_padding_desktop=&#8220;200&#8243; top_padding_tablet=&#8220;80&#8243; bottom_padding_tablet=&#8220;80&#8243; left_padding_tablet=&#8220;40&#8243; right_padding_tablet=&#8220;20&#8243; top_padding_phone=&#8220;40&#8243; bottom_padding_phone=&#8220;40&#8243; left_padding_phone=&#8220;20&#8243; right_padding_phone=&#8220;20&#8243; text_color=&#8220;dark&#8220; text_align=&#8220;left&#8220; row_border_radius=&#8220;none&#8220; row_border_radius_applies=&#8220;bg&#8220; overflow=&#8220;visible&#8220; advanced_gradient_angle=&#8220;0&#8243; overlay_strength=&#8220;0.3&#8243; gradient_direction=&#8220;left_to_right&#8220; shape_divider_position=&#8220;bottom&#8220; bg_image_animation=&#8220;none&#8220;&#8230;<\/p>\n","protected":false},"author":21,"featured_media":0,"parent":0,"menu_order":0,"comment_status":"closed","ping_status":"closed","template":"","meta":{"_acf_changed":false,"om_disable_all_campaigns":false,"inline_featured_image":false,"footnotes":""},"class_list":["post-35050","page","type-page","status-publish"],"acf":[],"yoast_head":"<!-- This site is optimized with the Yoast SEO Premium plugin v27.0 (Yoast SEO v27.0) - https:\/\/yoast.com\/product\/yoast-seo-premium-wordpress\/ -->\n<title>Beschwerdekanal | Avantio<\/title>\n<meta name=\"description\" content=\"Avantio f\u00f6rdert ein ethisches Umfeld \u00fcber seinen Whistleblowing-Kanal und bietet einen sicheren Raum, um Unregelm\u00e4\u00dfigkeiten jedem zu melden, der dies w\u00fcnscht.\" \/>\n<meta name=\"robots\" content=\"index, follow, max-snippet:-1, max-image-preview:large, max-video-preview:-1\" \/>\n<link rel=\"canonical\" href=\"https:\/\/www.avantio.com\/complaints-portal\/\" \/>\n<meta property=\"og:locale\" content=\"de_DE\" \/>\n<meta property=\"og:type\" content=\"article\" \/>\n<meta property=\"og:title\" content=\"DE Canal de denuncias\" \/>\n<meta property=\"og:description\" content=\"Avantio f\u00f6rdert ein ethisches Umfeld \u00fcber seinen Whistleblowing-Kanal und bietet einen sicheren Raum, um Unregelm\u00e4\u00dfigkeiten jedem zu melden, der dies w\u00fcnscht.\" \/>\n<meta property=\"og:url\" content=\"https:\/\/www.avantio.com\/complaints-portal\/\" \/>\n<meta property=\"og:site_name\" content=\"Avantio\" \/>\n<meta property=\"article:modified_time\" content=\"2025-03-21T10:40:11+00:00\" \/>\n<meta name=\"twitter:card\" content=\"summary_large_image\" \/>\n<meta name=\"twitter:label1\" content=\"Gesch\u00e4tzte Lesezeit\" \/>\n\t<meta name=\"twitter:data1\" content=\"2\u00a0Minuten\" \/>\n<script type=\"application\/ld+json\" class=\"yoast-schema-graph\">{\"@context\":\"https:\/\/schema.org\",\"@graph\":[{\"@type\":\"WebPage\",\"@id\":\"https:\/\/www.avantio.com\/complaints-portal\/\",\"url\":\"https:\/\/www.avantio.com\/complaints-portal\/\",\"name\":\"Beschwerdekanal | Avantio\",\"isPartOf\":{\"@id\":\"https:\/\/www.avantio.com\/#website\"},\"datePublished\":\"2024-04-04T15:37:04+00:00\",\"dateModified\":\"2025-03-21T10:40:11+00:00\",\"description\":\"Avantio f\u00f6rdert ein ethisches Umfeld \u00fcber seinen Whistleblowing-Kanal und bietet einen sicheren Raum, um Unregelm\u00e4\u00dfigkeiten jedem zu melden, der dies w\u00fcnscht.\",\"breadcrumb\":{\"@id\":\"https:\/\/www.avantio.com\/complaints-portal\/#breadcrumb\"},\"inLanguage\":\"de\",\"potentialAction\":[{\"@type\":\"ReadAction\",\"target\":[\"https:\/\/www.avantio.com\/complaints-portal\/\"]}]},{\"@type\":\"BreadcrumbList\",\"@id\":\"https:\/\/www.avantio.com\/complaints-portal\/#breadcrumb\",\"itemListElement\":[{\"@type\":\"ListItem\",\"position\":1,\"name\":\"Home\",\"item\":\"https:\/\/www.avantio.com\/\"},{\"@type\":\"ListItem\",\"position\":2,\"name\":\"DE Canal de denuncias\"}]},{\"@type\":\"WebSite\",\"@id\":\"https:\/\/www.avantio.com\/#website\",\"url\":\"https:\/\/www.avantio.com\/\",\"name\":\"Avantio\",\"description\":\"Vacation Rental Software\",\"publisher\":{\"@id\":\"https:\/\/www.avantio.com\/#organization\"},\"potentialAction\":[{\"@type\":\"SearchAction\",\"target\":{\"@type\":\"EntryPoint\",\"urlTemplate\":\"https:\/\/www.avantio.com\/?s={search_term_string}\"},\"query-input\":{\"@type\":\"PropertyValueSpecification\",\"valueRequired\":true,\"valueName\":\"search_term_string\"}}],\"inLanguage\":\"de\"},{\"@type\":\"Organization\",\"@id\":\"https:\/\/www.avantio.com\/#organization\",\"name\":\"Avantio\",\"url\":\"https:\/\/www.avantio.com\/\",\"logo\":{\"@type\":\"ImageObject\",\"inLanguage\":\"de\",\"@id\":\"https:\/\/www.avantio.com\/#\/schema\/logo\/image\/\",\"url\":\"https:\/\/www.avantio.com\/wp-content\/uploads\/2023\/08\/Avantio.jpg\",\"contentUrl\":\"https:\/\/www.avantio.com\/wp-content\/uploads\/2023\/08\/Avantio.jpg\",\"width\":696,\"height\":696,\"caption\":\"Avantio\"},\"image\":{\"@id\":\"https:\/\/www.avantio.com\/#\/schema\/logo\/image\/\"}}]}<\/script>\n<!-- \/ Yoast SEO Premium plugin. -->","yoast_head_json":{"title":"Beschwerdekanal | Avantio","description":"Avantio f\u00f6rdert ein ethisches Umfeld \u00fcber seinen Whistleblowing-Kanal und bietet einen sicheren Raum, um Unregelm\u00e4\u00dfigkeiten jedem zu melden, der dies w\u00fcnscht.","robots":{"index":"index","follow":"follow","max-snippet":"max-snippet:-1","max-image-preview":"max-image-preview:large","max-video-preview":"max-video-preview:-1"},"canonical":"https:\/\/www.avantio.com\/complaints-portal\/","og_locale":"de_DE","og_type":"article","og_title":"DE Canal de denuncias","og_description":"Avantio f\u00f6rdert ein ethisches Umfeld \u00fcber seinen Whistleblowing-Kanal und bietet einen sicheren Raum, um Unregelm\u00e4\u00dfigkeiten jedem zu melden, der dies w\u00fcnscht.","og_url":"https:\/\/www.avantio.com\/complaints-portal\/","og_site_name":"Avantio","article_modified_time":"2025-03-21T10:40:11+00:00","twitter_card":"summary_large_image","twitter_misc":{"Gesch\u00e4tzte Lesezeit":"2\u00a0Minuten"},"schema":{"@context":"https:\/\/schema.org","@graph":[{"@type":"WebPage","@id":"https:\/\/www.avantio.com\/complaints-portal\/","url":"https:\/\/www.avantio.com\/complaints-portal\/","name":"Beschwerdekanal | Avantio","isPartOf":{"@id":"https:\/\/www.avantio.com\/#website"},"datePublished":"2024-04-04T15:37:04+00:00","dateModified":"2025-03-21T10:40:11+00:00","description":"Avantio f\u00f6rdert ein ethisches Umfeld \u00fcber seinen Whistleblowing-Kanal und bietet einen sicheren Raum, um Unregelm\u00e4\u00dfigkeiten jedem zu melden, der dies w\u00fcnscht.","breadcrumb":{"@id":"https:\/\/www.avantio.com\/complaints-portal\/#breadcrumb"},"inLanguage":"de","potentialAction":[{"@type":"ReadAction","target":["https:\/\/www.avantio.com\/complaints-portal\/"]}]},{"@type":"BreadcrumbList","@id":"https:\/\/www.avantio.com\/complaints-portal\/#breadcrumb","itemListElement":[{"@type":"ListItem","position":1,"name":"Home","item":"https:\/\/www.avantio.com\/"},{"@type":"ListItem","position":2,"name":"DE Canal de denuncias"}]},{"@type":"WebSite","@id":"https:\/\/www.avantio.com\/#website","url":"https:\/\/www.avantio.com\/","name":"Avantio","description":"Vacation Rental Software","publisher":{"@id":"https:\/\/www.avantio.com\/#organization"},"potentialAction":[{"@type":"SearchAction","target":{"@type":"EntryPoint","urlTemplate":"https:\/\/www.avantio.com\/?s={search_term_string}"},"query-input":{"@type":"PropertyValueSpecification","valueRequired":true,"valueName":"search_term_string"}}],"inLanguage":"de"},{"@type":"Organization","@id":"https:\/\/www.avantio.com\/#organization","name":"Avantio","url":"https:\/\/www.avantio.com\/","logo":{"@type":"ImageObject","inLanguage":"de","@id":"https:\/\/www.avantio.com\/#\/schema\/logo\/image\/","url":"https:\/\/www.avantio.com\/wp-content\/uploads\/2023\/08\/Avantio.jpg","contentUrl":"https:\/\/www.avantio.com\/wp-content\/uploads\/2023\/08\/Avantio.jpg","width":696,"height":696,"caption":"Avantio"},"image":{"@id":"https:\/\/www.avantio.com\/#\/schema\/logo\/image\/"}}]}},"_links":{"self":[{"href":"https:\/\/www.avantio.com\/de\/wp-json\/wp\/v2\/pages\/35050","targetHints":{"allow":["GET"]}}],"collection":[{"href":"https:\/\/www.avantio.com\/de\/wp-json\/wp\/v2\/pages"}],"about":[{"href":"https:\/\/www.avantio.com\/de\/wp-json\/wp\/v2\/types\/page"}],"author":[{"embeddable":true,"href":"https:\/\/www.avantio.com\/de\/wp-json\/wp\/v2\/users\/21"}],"replies":[{"embeddable":true,"href":"https:\/\/www.avantio.com\/de\/wp-json\/wp\/v2\/comments?post=35050"}],"version-history":[{"count":7,"href":"https:\/\/www.avantio.com\/de\/wp-json\/wp\/v2\/pages\/35050\/revisions"}],"predecessor-version":[{"id":46091,"href":"https:\/\/www.avantio.com\/de\/wp-json\/wp\/v2\/pages\/35050\/revisions\/46091"}],"wp:attachment":[{"href":"https:\/\/www.avantio.com\/de\/wp-json\/wp\/v2\/media?parent=35050"}],"curies":[{"name":"wp","href":"https:\/\/api.w.org\/{rel}","templated":true}]}}