{"id":17091,"date":"2023-01-16T13:57:41","date_gmt":"2023-01-16T12:57:41","guid":{"rendered":"https:\/\/www.avantio.com\/?page_id=17091"},"modified":"2024-03-21T09:42:37","modified_gmt":"2024-03-21T08:42:37","slug":"bedingungen-emphehlungsprogramm","status":"publish","type":"page","link":"https:\/\/www.avantio.com\/de\/bedingungen-emphehlungsprogramm\/","title":{"rendered":"Bedingungen und Konditionen &#8222;Referral Program&#8220;"},"content":{"rendered":"[vc_row type=&#8220;in_container&#8220; full_screen_row_position=&#8220;middle&#8220; column_margin=&#8220;default&#8220; column_direction=&#8220;default&#8220; column_direction_tablet=&#8220;default&#8220; column_direction_phone=&#8220;default&#8220; scene_position=&#8220;center&#8220; top_padding=&#8220;200&#8243; bottom_padding=&#8220;200&#8243; left_padding_desktop=&#8220;200&#8243; right_padding_desktop=&#8220;200&#8243; top_padding_tablet=&#8220;80&#8243; bottom_padding_tablet=&#8220;80&#8243; left_padding_tablet=&#8220;40&#8243; right_padding_tablet=&#8220;20&#8243; top_padding_phone=&#8220;40&#8243; bottom_padding_phone=&#8220;40&#8243; left_padding_phone=&#8220;20&#8243; right_padding_phone=&#8220;20&#8243; text_color=&#8220;dark&#8220; text_align=&#8220;left&#8220; row_border_radius=&#8220;none&#8220; row_border_radius_applies=&#8220;bg&#8220; overflow=&#8220;visible&#8220; advanced_gradient_angle=&#8220;0&#8243; overlay_strength=&#8220;0.3&#8243; gradient_direction=&#8220;left_to_right&#8220; shape_divider_position=&#8220;bottom&#8220; bg_image_animation=&#8220;none&#8220; gradient_type=&#8220;default&#8220; shape_type=&#8220;&#8220;][vc_column column_padding=&#8220;no-extra-padding&#8220; column_padding_tablet=&#8220;inherit&#8220; column_padding_phone=&#8220;inherit&#8220; column_padding_position=&#8220;all&#8220; column_element_spacing=&#8220;default&#8220; background_color_opacity=&#8220;1&#8243; background_hover_color_opacity=&#8220;1&#8243; column_shadow=&#8220;none&#8220; column_border_radius=&#8220;none&#8220; column_link_target=&#8220;_self&#8220; column_position=&#8220;default&#8220; gradient_direction=&#8220;left_to_right&#8220; overlay_strength=&#8220;0.3&#8243; width=&#8220;1\/1&#8243; tablet_width_inherit=&#8220;default&#8220; tablet_text_alignment=&#8220;default&#8220; phone_text_alignment=&#8220;default&#8220; animation_type=&#8220;default&#8220; bg_image_animation=&#8220;none&#8220; border_type=&#8220;simple&#8220; column_border_width=&#8220;none&#8220; column_border_style=&#8220;solid&#8220;][vc_column_text]\n<h1>Empfehlungsprogramm<\/h1>\n[\/vc_column_text][vc_column_text]Das Empfehlungsprogramm belohnt unsere aktuellen Kunden daf\u00fcr, dass sie uns an andere Ferienwohnungsverwalter weiterempfehlen. Das Verg\u00fctungssystem funktioniert wie folgt:[\/vc_column_text][divider line_type=&#8220;No Line&#8220; custom_height=&#8220;40&#8243;][vc_column_text]\n<h3><span style=\"color: #f15f41;\">Verg\u00fctung an unseren aktuellen Kunden (Verschreibender):<\/span><\/h3>\n[\/vc_column_text][divider line_type=&#8220;No Line&#8220; custom_height=&#8220;40&#8243;][nectar_icon_list color=&#8220;default&#8220; direction=&#8220;vertical&#8220; icon_size=&#8220;small&#8220; icon_style=&#8220;border&#8220;][nectar_icon_list_item icon_type=&#8220;numerical&#8220; text_full_html=&#8220;simple&#8220; title=&#8220;List Item&#8220; id=&#8220;1691133391606-6&#8243; text=&#8220;Wenn der geworbene Kunde Avantio beitritt, erh\u00e4lt der urspr\u00fcngliche Kunde einen Rabatt von 500 \u20ac auf seine Avantio-Rechnung.&#8220; tab_id=&#8220;1691133391607-1&#8243;][\/nectar_icon_list_item][nectar_icon_list_item icon_type=&#8220;numerical&#8220; text_full_html=&#8220;simple&#8220; title=&#8220;List Item&#8220; id=&#8220;1691133391635-3&#8243; text=&#8220;Damit diese R\u00fcckstellung wirksam ist, muss die Empfehlung ausdr\u00fccklich und schriftlich erfolgen (Brief, E-Mail oder \u00e4hnlich) und Avantio muss eine schriftliche Best\u00e4tigung der Empfehlung vorliegen.&#8220; tab_id=&#8220;1691133391636-5&#8243;][\/nectar_icon_list_item][nectar_icon_list_item icon_type=&#8220;numerical&#8220; text_full_html=&#8220;simple&#8220; title=&#8220;Section&#8220; id=&#8220;1691133391646-9&#8243; text=&#8220;Die Zahlungen f\u00fcr diese Empfehlungsaktion erfolgen drei Monate nach der Unterzeichnung des neuen (empfohlenen) Kunden.&#8220; tab_id=&#8220;1691133391647-2&#8243;][\/nectar_icon_list_item][nectar_icon_list_item icon_type=&#8220;numerical&#8220; text_full_html=&#8220;simple&#8220; title=&#8220;Section&#8220; id=&#8220;1691133391671-9&#8243; text=&#8220;F\u00fcr den Fall, dass das empfohlene Unternehmen innerhalb der ersten drei Monate der Zusammenarbeit abbricht oder die Zahlungen gem\u00e4\u00df dem gemeinsam mit Avantio erstellten Plan nicht ordnungsgem\u00e4\u00df und effektiv erfolgen, wird diese Verg\u00fctung durch das Empfehlungsprogramm auf unbestimmte Zeit ausgesetzt bis die Parteien die bestehende irregul\u00e4re Situation kl\u00e4ren.&#8220; tab_id=&#8220;1691133391672-5&#8243;][\/nectar_icon_list_item][\/nectar_icon_list][divider line_type=&#8220;No Line&#8220; custom_height=&#8220;40&#8243;][divider line_type=&#8220;No Line&#8220; custom_height=&#8220;40&#8243;][vc_column_text]<em>Diese Aktion ist nicht mit anderen Aktionen kombinierbar.<\/em>[\/vc_column_text][divider line_type=&#8220;No Line&#8220; custom_height=&#8220;40&#8243;][\/vc_column][\/vc_row]\n","protected":false},"excerpt":{"rendered":"<p>[vc_row type=&#8220;in_container&#8220; full_screen_row_position=&#8220;middle&#8220; column_margin=&#8220;default&#8220; column_direction=&#8220;default&#8220; column_direction_tablet=&#8220;default&#8220; column_direction_phone=&#8220;default&#8220; scene_position=&#8220;center&#8220; top_padding=&#8220;200&#8243; bottom_padding=&#8220;200&#8243; left_padding_desktop=&#8220;200&#8243; right_padding_desktop=&#8220;200&#8243; top_padding_tablet=&#8220;80&#8243; bottom_padding_tablet=&#8220;80&#8243; left_padding_tablet=&#8220;40&#8243; right_padding_tablet=&#8220;20&#8243; top_padding_phone=&#8220;40&#8243; bottom_padding_phone=&#8220;40&#8243; left_padding_phone=&#8220;20&#8243; right_padding_phone=&#8220;20&#8243; text_color=&#8220;dark&#8220; text_align=&#8220;left&#8220; row_border_radius=&#8220;none&#8220; row_border_radius_applies=&#8220;bg&#8220; overflow=&#8220;visible&#8220; advanced_gradient_angle=&#8220;0&#8243; overlay_strength=&#8220;0.3&#8243; gradient_direction=&#8220;left_to_right&#8220; shape_divider_position=&#8220;bottom&#8220; bg_image_animation=&#8220;none&#8220;&#8230;<\/p>\n","protected":false},"author":41,"featured_media":0,"parent":0,"menu_order":80,"comment_status":"closed","ping_status":"closed","template":"","meta":{"_acf_changed":false,"om_disable_all_campaigns":false,"inline_featured_image":false,"footnotes":""},"class_list":["post-17091","page","type-page","status-publish"],"acf":[],"yoast_head":"<!-- This site is optimized with the Yoast SEO Premium plugin v27.0 (Yoast SEO v27.0) - https:\/\/yoast.com\/product\/yoast-seo-premium-wordpress\/ -->\n<title>Bedingungen und Konditionen &quot;Referral Program&quot; | Avantio<\/title>\n<meta name=\"robots\" content=\"noindex, nofollow\" \/>\n<meta property=\"og:locale\" content=\"de_DE\" \/>\n<meta property=\"og:type\" content=\"article\" \/>\n<meta property=\"og:title\" content=\"Bedingungen und Konditionen &quot;Referral Program&quot;\" \/>\n<meta property=\"og:description\" content=\"[vc_row type=&#8220;in_container&#8220; full_screen_row_position=&#8220;middle&#8220; column_margin=&#8220;default&#8220; column_direction=&#8220;default&#8220; column_direction_tablet=&#8220;default&#8220; column_direction_phone=&#8220;default&#8220; scene_position=&#8220;center&#8220; top_padding=&#8220;200&#8243; bottom_padding=&#8220;200&#8243; left_padding_desktop=&#8220;200&#8243; right_padding_desktop=&#8220;200&#8243; top_padding_tablet=&#8220;80&#8243; bottom_padding_tablet=&#8220;80&#8243; left_padding_tablet=&#8220;40&#8243; right_padding_tablet=&#8220;20&#8243; top_padding_phone=&#8220;40&#8243; bottom_padding_phone=&#8220;40&#8243; left_padding_phone=&#8220;20&#8243; right_padding_phone=&#8220;20&#8243; text_color=&#8220;dark&#8220; text_align=&#8220;left&#8220; row_border_radius=&#8220;none&#8220; row_border_radius_applies=&#8220;bg&#8220; overflow=&#8220;visible&#8220; advanced_gradient_angle=&#8220;0&#8243; overlay_strength=&#8220;0.3&#8243; gradient_direction=&#8220;left_to_right&#8220; shape_divider_position=&#8220;bottom&#8220; bg_image_animation=&#8220;none&#8220;...\" \/>\n<meta property=\"og:url\" content=\"https:\/\/www.avantio.com\/terms-conditions-referral-program\/\" \/>\n<meta property=\"og:site_name\" content=\"Avantio\" \/>\n<meta property=\"article:modified_time\" content=\"2024-03-21T08:42:37+00:00\" \/>\n<meta name=\"twitter:card\" content=\"summary_large_image\" \/>\n<meta name=\"twitter:label1\" content=\"Gesch\u00e4tzte Lesezeit\" \/>\n\t<meta name=\"twitter:data1\" content=\"2\u00a0Minuten\" \/>\n<script type=\"application\/ld+json\" class=\"yoast-schema-graph\">{\"@context\":\"https:\/\/schema.org\",\"@graph\":[{\"@type\":\"WebPage\",\"@id\":\"https:\/\/www.avantio.com\/terms-conditions-referral-program\/\",\"url\":\"https:\/\/www.avantio.com\/terms-conditions-referral-program\/\",\"name\":\"Bedingungen und Konditionen \\\"Referral Program\\\" | Avantio\",\"isPartOf\":{\"@id\":\"https:\/\/www.avantio.com\/#website\"},\"datePublished\":\"2023-01-16T12:57:41+00:00\",\"dateModified\":\"2024-03-21T08:42:37+00:00\",\"breadcrumb\":{\"@id\":\"https:\/\/www.avantio.com\/terms-conditions-referral-program\/#breadcrumb\"},\"inLanguage\":\"de\",\"potentialAction\":[{\"@type\":\"ReadAction\",\"target\":[\"https:\/\/www.avantio.com\/terms-conditions-referral-program\/\"]}]},{\"@type\":\"BreadcrumbList\",\"@id\":\"https:\/\/www.avantio.com\/terms-conditions-referral-program\/#breadcrumb\",\"itemListElement\":[{\"@type\":\"ListItem\",\"position\":1,\"name\":\"Home\",\"item\":\"https:\/\/www.avantio.com\/\"},{\"@type\":\"ListItem\",\"position\":2,\"name\":\"Bedingungen und Konditionen &#8220;Referral Program&#8221;\"}]},{\"@type\":\"WebSite\",\"@id\":\"https:\/\/www.avantio.com\/#website\",\"url\":\"https:\/\/www.avantio.com\/\",\"name\":\"Avantio\",\"description\":\"Vacation Rental Software\",\"publisher\":{\"@id\":\"https:\/\/www.avantio.com\/#organization\"},\"potentialAction\":[{\"@type\":\"SearchAction\",\"target\":{\"@type\":\"EntryPoint\",\"urlTemplate\":\"https:\/\/www.avantio.com\/?s={search_term_string}\"},\"query-input\":{\"@type\":\"PropertyValueSpecification\",\"valueRequired\":true,\"valueName\":\"search_term_string\"}}],\"inLanguage\":\"de\"},{\"@type\":\"Organization\",\"@id\":\"https:\/\/www.avantio.com\/#organization\",\"name\":\"Avantio\",\"url\":\"https:\/\/www.avantio.com\/\",\"logo\":{\"@type\":\"ImageObject\",\"inLanguage\":\"de\",\"@id\":\"https:\/\/www.avantio.com\/#\/schema\/logo\/image\/\",\"url\":\"https:\/\/www.avantio.com\/wp-content\/uploads\/2023\/08\/Avantio.jpg\",\"contentUrl\":\"https:\/\/www.avantio.com\/wp-content\/uploads\/2023\/08\/Avantio.jpg\",\"width\":696,\"height\":696,\"caption\":\"Avantio\"},\"image\":{\"@id\":\"https:\/\/www.avantio.com\/#\/schema\/logo\/image\/\"}}]}<\/script>\n<!-- \/ Yoast SEO Premium plugin. -->","yoast_head_json":{"title":"Bedingungen und Konditionen \"Referral Program\" | Avantio","robots":{"index":"noindex","follow":"nofollow"},"og_locale":"de_DE","og_type":"article","og_title":"Bedingungen und Konditionen \"Referral Program\"","og_description":"[vc_row type=&#8220;in_container&#8220; full_screen_row_position=&#8220;middle&#8220; column_margin=&#8220;default&#8220; column_direction=&#8220;default&#8220; column_direction_tablet=&#8220;default&#8220; column_direction_phone=&#8220;default&#8220; scene_position=&#8220;center&#8220; top_padding=&#8220;200&#8243; bottom_padding=&#8220;200&#8243; left_padding_desktop=&#8220;200&#8243; right_padding_desktop=&#8220;200&#8243; top_padding_tablet=&#8220;80&#8243; bottom_padding_tablet=&#8220;80&#8243; left_padding_tablet=&#8220;40&#8243; right_padding_tablet=&#8220;20&#8243; top_padding_phone=&#8220;40&#8243; bottom_padding_phone=&#8220;40&#8243; left_padding_phone=&#8220;20&#8243; right_padding_phone=&#8220;20&#8243; text_color=&#8220;dark&#8220; text_align=&#8220;left&#8220; row_border_radius=&#8220;none&#8220; row_border_radius_applies=&#8220;bg&#8220; overflow=&#8220;visible&#8220; advanced_gradient_angle=&#8220;0&#8243; overlay_strength=&#8220;0.3&#8243; gradient_direction=&#8220;left_to_right&#8220; shape_divider_position=&#8220;bottom&#8220; bg_image_animation=&#8220;none&#8220;...","og_url":"https:\/\/www.avantio.com\/terms-conditions-referral-program\/","og_site_name":"Avantio","article_modified_time":"2024-03-21T08:42:37+00:00","twitter_card":"summary_large_image","twitter_misc":{"Gesch\u00e4tzte Lesezeit":"2\u00a0Minuten"},"schema":{"@context":"https:\/\/schema.org","@graph":[{"@type":"WebPage","@id":"https:\/\/www.avantio.com\/terms-conditions-referral-program\/","url":"https:\/\/www.avantio.com\/terms-conditions-referral-program\/","name":"Bedingungen und Konditionen \"Referral Program\" | Avantio","isPartOf":{"@id":"https:\/\/www.avantio.com\/#website"},"datePublished":"2023-01-16T12:57:41+00:00","dateModified":"2024-03-21T08:42:37+00:00","breadcrumb":{"@id":"https:\/\/www.avantio.com\/terms-conditions-referral-program\/#breadcrumb"},"inLanguage":"de","potentialAction":[{"@type":"ReadAction","target":["https:\/\/www.avantio.com\/terms-conditions-referral-program\/"]}]},{"@type":"BreadcrumbList","@id":"https:\/\/www.avantio.com\/terms-conditions-referral-program\/#breadcrumb","itemListElement":[{"@type":"ListItem","position":1,"name":"Home","item":"https:\/\/www.avantio.com\/"},{"@type":"ListItem","position":2,"name":"Bedingungen und Konditionen &#8220;Referral Program&#8221;"}]},{"@type":"WebSite","@id":"https:\/\/www.avantio.com\/#website","url":"https:\/\/www.avantio.com\/","name":"Avantio","description":"Vacation Rental Software","publisher":{"@id":"https:\/\/www.avantio.com\/#organization"},"potentialAction":[{"@type":"SearchAction","target":{"@type":"EntryPoint","urlTemplate":"https:\/\/www.avantio.com\/?s={search_term_string}"},"query-input":{"@type":"PropertyValueSpecification","valueRequired":true,"valueName":"search_term_string"}}],"inLanguage":"de"},{"@type":"Organization","@id":"https:\/\/www.avantio.com\/#organization","name":"Avantio","url":"https:\/\/www.avantio.com\/","logo":{"@type":"ImageObject","inLanguage":"de","@id":"https:\/\/www.avantio.com\/#\/schema\/logo\/image\/","url":"https:\/\/www.avantio.com\/wp-content\/uploads\/2023\/08\/Avantio.jpg","contentUrl":"https:\/\/www.avantio.com\/wp-content\/uploads\/2023\/08\/Avantio.jpg","width":696,"height":696,"caption":"Avantio"},"image":{"@id":"https:\/\/www.avantio.com\/#\/schema\/logo\/image\/"}}]}},"_links":{"self":[{"href":"https:\/\/www.avantio.com\/de\/wp-json\/wp\/v2\/pages\/17091","targetHints":{"allow":["GET"]}}],"collection":[{"href":"https:\/\/www.avantio.com\/de\/wp-json\/wp\/v2\/pages"}],"about":[{"href":"https:\/\/www.avantio.com\/de\/wp-json\/wp\/v2\/types\/page"}],"author":[{"embeddable":true,"href":"https:\/\/www.avantio.com\/de\/wp-json\/wp\/v2\/users\/41"}],"replies":[{"embeddable":true,"href":"https:\/\/www.avantio.com\/de\/wp-json\/wp\/v2\/comments?post=17091"}],"version-history":[{"count":14,"href":"https:\/\/www.avantio.com\/de\/wp-json\/wp\/v2\/pages\/17091\/revisions"}],"predecessor-version":[{"id":33869,"href":"https:\/\/www.avantio.com\/de\/wp-json\/wp\/v2\/pages\/17091\/revisions\/33869"}],"wp:attachment":[{"href":"https:\/\/www.avantio.com\/de\/wp-json\/wp\/v2\/media?parent=17091"}],"curies":[{"name":"wp","href":"https:\/\/api.w.org\/{rel}","templated":true}]}}