{"id":15770,"date":"2022-07-11T13:20:26","date_gmt":"2022-07-11T11:20:26","guid":{"rendered":"https:\/\/www.avantio.com\/cookies-policy\/"},"modified":"2025-07-25T12:09:05","modified_gmt":"2025-07-25T10:09:05","slug":"cookies","status":"publish","type":"page","link":"https:\/\/www.avantio.com\/de\/cookies\/","title":{"rendered":"Cookie Politik"},"content":{"rendered":"[vc_row type=&#8220;in_container&#8220; full_screen_row_position=&#8220;middle&#8220; column_margin=&#8220;default&#8220; column_direction=&#8220;default&#8220; column_direction_tablet=&#8220;default&#8220; column_direction_phone=&#8220;default&#8220; scene_position=&#8220;center&#8220; text_color=&#8220;dark&#8220; text_align=&#8220;left&#8220; row_border_radius=&#8220;none&#8220; row_border_radius_applies=&#8220;bg&#8220; overflow=&#8220;visible&#8220; class=&#8220;section-block only&#8211;bot&#8220; advanced_gradient_angle=&#8220;0&#8243; overlay_strength=&#8220;0.3&#8243; gradient_direction=&#8220;left_to_right&#8220; shape_divider_position=&#8220;bottom&#8220; bg_image_animation=&#8220;none&#8220; gradient_type=&#8220;default&#8220; shape_type=&#8220;&#8220;][vc_column column_padding=&#8220;no-extra-padding&#8220; column_padding_tablet=&#8220;inherit&#8220; column_padding_phone=&#8220;inherit&#8220; column_padding_position=&#8220;all&#8220; column_element_direction_desktop=&#8220;default&#8220; column_element_spacing=&#8220;default&#8220; desktop_text_alignment=&#8220;default&#8220; tablet_text_alignment=&#8220;default&#8220; phone_text_alignment=&#8220;default&#8220; background_color_opacity=&#8220;1&#8243; background_hover_color_opacity=&#8220;1&#8243; column_backdrop_filter=&#8220;none&#8220; column_shadow=&#8220;none&#8220; column_border_radius=&#8220;none&#8220; column_link_target=&#8220;_self&#8220; column_position=&#8220;default&#8220; gradient_direction=&#8220;left_to_right&#8220; overlay_strength=&#8220;0.3&#8243; width=&#8220;2\/3&#8243; tablet_width_inherit=&#8220;default&#8220; animation_type=&#8220;default&#8220; bg_image_animation=&#8220;none&#8220; border_type=&#8220;simple&#8220; column_border_width=&#8220;none&#8220; column_border_style=&#8220;solid&#8220;][vc_column_text css=&#8220;&#8220; text_direction=&#8220;default&#8220;]\n<h2 data-start=\"85\" data-end=\"109\"><strong data-start=\"88\" data-end=\"109\">Cookie-Richtlinie<\/strong><\/h2>\n<p data-start=\"111\" data-end=\"287\">Cookies sind Informationsfragmente, die auf dem Computer gespeichert werden, um das Surfen zu erleichtern, Informationen zu personalisieren und die Effektivit\u00e4t zu analysieren.<\/p>\n<p data-start=\"289\" data-end=\"931\">Diese Website verwendet Cookies f\u00fcr ihr ordnungsgem\u00e4\u00dfes Funktionieren, zur Analyse der Benutzerfreundlichkeit, zur Verbesserung der Nutzererfahrung und zur Erfassung der Nutzung im Netzwerk, ohne jedoch den Nutzer pers\u00f6nlich zu identifizieren. Beim ersten Besuch der Website wird durch ein Banner darauf hingewiesen, dass Cookies verwendet werden. Durch das weitere Surfen auf der Website erteilen Sie der Firma die Zustimmung zur Nutzung dieser Cookies. Cookies k\u00f6nnen jederzeit vom Computer gel\u00f6scht werden, und Sie k\u00f6nnen Ihren Browser so konfigurieren, dass er keine Cookies akzeptiert \u2013 diese Einstellung h\u00e4ngt vom jeweiligen Browser ab.<\/p>\n<p data-start=\"933\" data-end=\"1021\">Die Website funktioniert weiterhin, jedoch k\u00f6nnten einige Funktionen eingeschr\u00e4nkt sein.<\/p>\n<h3 data-start=\"1023\" data-end=\"1064\">Arten von Cookies, die wir verwenden:<\/h3>\n<ul data-start=\"1066\" data-end=\"1324\">\n<li data-start=\"1066\" data-end=\"1324\">\n<p data-start=\"1068\" data-end=\"1324\"><strong data-start=\"1068\" data-end=\"1091\">Analytische Cookies<\/strong>: Diese Website verwendet Google Analytics, um die Anzahl der Besucher, die Navigation und das Nutzungserlebnis zu erfassen und auf Grundlage dieser Daten Verbesserungen vorzunehmen. Einzelpersonen werden dabei niemals identifiziert.<\/p>\n<\/li>\n<\/ul>\n<p data-start=\"1326\" data-end=\"1415\">Nachfolgend finden Sie die analytischen Cookies, die auf dieser Website verwendet werden:<\/p>\n<p data-start=\"1417\" data-end=\"1472\">Name<br data-start=\"1421\" data-end=\"1424\" \/>Zweck<br data-start=\"1429\" data-end=\"1432\" \/>Ablauf<br data-start=\"1438\" data-end=\"1441\" \/>Wer verwendet sie?<br data-start=\"1459\" data-end=\"1462\" \/>Anbieter<\/p>\n<p data-start=\"1474\" data-end=\"1475\">\u200d\u200d<\/p>\n<ul data-start=\"1483\" data-end=\"2023\">\n<li data-start=\"1483\" data-end=\"2023\">\n<p data-start=\"1485\" data-end=\"2023\"><strong data-start=\"1485\" data-end=\"1507\">Technische Cookies<\/strong>: Diese erm\u00f6glichen dem Nutzer die Navigation auf einer Website, Plattform oder Anwendung sowie die Nutzung verschiedener Funktionen oder Dienste, z.\u202fB. Steuerung des Datenverkehrs und der Kommunikation, Sitzungsidentifikation, Zugriff auf gesch\u00fctzte Bereiche, Speicherung von Artikeln im Warenkorb, Durchf\u00fchrung eines Einkaufs, Anmeldung zu Veranstaltungen, Nutzung von Sicherheitsfunktionen beim Surfen, Speicherung von Inhalten f\u00fcr Video- oder Audio\u00fcbertragung oder das Teilen von Inhalten in sozialen Netzwerken.<\/p>\n<\/li>\n<\/ul>\n<p data-start=\"2025\" data-end=\"2113\">Nachfolgend finden Sie die erforderlichen Cookies, die auf der Website verwendet werden:<\/p>\n<p data-start=\"2115\" data-end=\"2170\">Name<br data-start=\"2119\" data-end=\"2122\" \/>Zweck<br data-start=\"2127\" data-end=\"2130\" \/>Ablauf<br data-start=\"2136\" data-end=\"2139\" \/>Wer verwendet sie?<br data-start=\"2157\" data-end=\"2160\" \/>Anbieter<\/p>\n<p data-start=\"2172\" data-end=\"2173\">\u200d\u200d<\/p>\n<ul data-start=\"2181\" data-end=\"2671\">\n<li data-start=\"2181\" data-end=\"2671\">\n<p data-start=\"2183\" data-end=\"2671\"><strong data-start=\"2183\" data-end=\"2225\">Cookies f\u00fcr verhaltensbasierte Werbung<\/strong>: Diese erm\u00f6glichen eine m\u00f6glichst effiziente Verwaltung von Werbefl\u00e4chen, die der Betreiber gegebenenfalls in einer Website, Anwendung oder Plattform eingebunden hat, \u00fcber die der angeforderte Dienst bereitgestellt wird. Diese Cookies speichern Informationen \u00fcber das Verhalten der Nutzer, das durch kontinuierliche Beobachtung ihrer Surfgewohnheiten erfasst wird. So kann ein spezifisches Profil erstellt werden, um gezielte Werbung anzuzeigen.<\/p>\n<\/li>\n<\/ul>\n<p data-start=\"2673\" data-end=\"2755\">Nachfolgend finden Sie die Werbe-Cookies, die auf dieser Website verwendet werden:<\/p>\n<p data-start=\"2757\" data-end=\"2812\">Name<br data-start=\"2761\" data-end=\"2764\" \/>Zweck<br data-start=\"2769\" data-end=\"2772\" \/>Ablauf<br data-start=\"2778\" data-end=\"2781\" \/>Wer verwendet sie?<br data-start=\"2799\" data-end=\"2802\" \/>Anbieter<\/p>\n<p data-start=\"2814\" data-end=\"2815\">\u200d<\/p>\n<p data-start=\"2823\" data-end=\"3159\">INTERNET TOURISM SOLUTIONS S.L. informiert die Nutzer zudem dar\u00fcber, dass sie ihren Browser so konfigurieren k\u00f6nnen, dass sie \u00fcber den Empfang von Cookies informiert werden und \u2013 falls gew\u00fcnscht \u2013 deren Installation auf der Festplatte verhindern k\u00f6nnen. Nachfolgend finden Sie die entsprechenden Links zur Konfiguration je nach Browser:<\/p>\n<ul data-start=\"3161\" data-end=\"3626\">\n<li data-start=\"3161\" data-end=\"3237\">\n<p data-start=\"3163\" data-end=\"3237\">Firefox: <a class=\"cursor-pointer\" href=\"https:\/\/support.mozilla.org\/de\/kb\/cookies-erlauben-und-ablehnen\" target=\"_new\" rel=\"noopener\" data-start=\"3172\" data-end=\"3235\">https:\/\/support.mozilla.org\/de\/kb\/cookies-erlauben-und-ablehnen<\/a><\/p>\n<\/li>\n<li data-start=\"3238\" data-end=\"3315\">\n<p data-start=\"3240\" data-end=\"3315\">Chrome:<a href=\"http:\/\/support.google.com\/chrome\/bin\/answer.py?hl=de&amp;answer=95647\"> http:\/\/support.google.com\/chrome\/bin\/answer.py?hl=de&amp;answer=95647<\/a><\/p>\n<\/li>\n<li data-start=\"3316\" data-end=\"3422\">\n<p data-start=\"3318\" data-end=\"3422\">Internet Explorer: <a href=\"http:\/\/windows.microsoft.com\/de-de\/internet-explorer\/delete-manage-cookies#ie=ie-10\">http:\/\/windows.microsoft.com\/de-de\/internet-explorer\/delete-manage-cookies#ie=ie-10<\/a><\/p>\n<\/li>\n<li data-start=\"3423\" data-end=\"3484\">\n<p data-start=\"3425\" data-end=\"3484\">Safari:<a href=\"https:\/\/support.apple.com\/kb\/ph17191?locale=de_DE\"> https:\/\/support.apple.com\/kb\/ph17191?locale=de_DE<\/a><\/p>\n<\/li>\n<li data-start=\"3485\" data-end=\"3547\">\n<p data-start=\"3487\" data-end=\"3547\">Opera:<a href=\"http:\/\/help.opera.com\/Windows\/11.50\/de\/cookies.html\"> http:\/\/help.opera.com\/Windows\/11.50\/de\/cookies.html<\/a><\/p>\n<\/li>\n<li data-start=\"3548\" data-end=\"3626\">\n<p data-start=\"3550\" data-end=\"3626\">Google Analytics: <a class=\"cursor-pointer\" href=\"https:\/\/support.google.com\/analytics\/answer\/181881?hl=de\" target=\"_new\" rel=\"noopener\" data-start=\"3568\" data-end=\"3624\">https:\/\/support.google.com\/analytics\/answer\/181881?hl=de<\/a><\/p>\n<\/li>\n<\/ul>\n<p data-start=\"3628\" data-end=\"3744\">Diese Website installiert keine Cookies auf den Ger\u00e4ten der Nutzer, bevor diese nicht ausdr\u00fccklich zugestimmt haben.<\/p>\n<p data-start=\"3746\" data-end=\"3935\">Bitte beachten Sie, dass bei Ablehnung oder Deaktivierung von Cookies bestimmte Dienste nicht verf\u00fcgbar sein k\u00f6nnen oder Sie nicht das volle Nutzungserlebnis dieser Website genie\u00dfen k\u00f6nnen.<\/p>\n[\/vc_column_text][\/vc_column][vc_column column_padding=&#8220;no-extra-padding&#8220; column_padding_tablet=&#8220;inherit&#8220; column_padding_phone=&#8220;inherit&#8220; column_padding_position=&#8220;all&#8220; column_element_direction_desktop=&#8220;default&#8220; column_element_spacing=&#8220;default&#8220; desktop_text_alignment=&#8220;default&#8220; tablet_text_alignment=&#8220;default&#8220; phone_text_alignment=&#8220;default&#8220; background_color_opacity=&#8220;1&#8243; background_hover_color_opacity=&#8220;1&#8243; column_backdrop_filter=&#8220;none&#8220; column_shadow=&#8220;none&#8220; column_border_radius=&#8220;none&#8220; column_link_target=&#8220;_self&#8220; column_position=&#8220;default&#8220; gradient_direction=&#8220;left_to_right&#8220; overlay_strength=&#8220;0.3&#8243; width=&#8220;1\/3&#8243; tablet_width_inherit=&#8220;default&#8220; animation_type=&#8220;default&#8220; bg_image_animation=&#8220;none&#8220; border_type=&#8220;simple&#8220; column_border_width=&#8220;none&#8220; column_border_style=&#8220;solid&#8220;][\/vc_column][\/vc_row]\n","protected":false},"excerpt":{"rendered":"<p>[vc_row type=&#8220;in_container&#8220; full_screen_row_position=&#8220;middle&#8220; column_margin=&#8220;default&#8220; column_direction=&#8220;default&#8220; column_direction_tablet=&#8220;default&#8220; column_direction_phone=&#8220;default&#8220; scene_position=&#8220;center&#8220; text_color=&#8220;dark&#8220; text_align=&#8220;left&#8220; row_border_radius=&#8220;none&#8220; row_border_radius_applies=&#8220;bg&#8220; overflow=&#8220;visible&#8220; class=&#8220;section-block only&#8211;bot&#8220; advanced_gradient_angle=&#8220;0&#8243; overlay_strength=&#8220;0.3&#8243; gradient_direction=&#8220;left_to_right&#8220; shape_divider_position=&#8220;bottom&#8220; bg_image_animation=&#8220;none&#8220; gradient_type=&#8220;default&#8220; shape_type=&#8220;&#8220;][vc_column column_padding=&#8220;no-extra-padding&#8220; column_padding_tablet=&#8220;inherit&#8220; column_padding_phone=&#8220;inherit&#8220; column_padding_position=&#8220;all&#8220; column_element_direction_desktop=&#8220;default&#8220; column_element_spacing=&#8220;default&#8220; desktop_text_alignment=&#8220;default&#8220; tablet_text_alignment=&#8220;default&#8220;&#8230;<\/p>\n","protected":false},"author":8,"featured_media":0,"parent":0,"menu_order":80,"comment_status":"closed","ping_status":"closed","template":"","meta":{"_acf_changed":false,"om_disable_all_campaigns":false,"inline_featured_image":false,"footnotes":""},"class_list":["post-15770","page","type-page","status-publish"],"acf":[],"yoast_head":"<!-- This site is optimized with the Yoast SEO Premium plugin v27.0 (Yoast SEO v27.0) - https:\/\/yoast.com\/product\/yoast-seo-premium-wordpress\/ -->\n<title>Cookie Politik | Avantio<\/title>\n<meta name=\"robots\" content=\"noindex, nofollow\" \/>\n<meta property=\"og:locale\" content=\"de_DE\" \/>\n<meta property=\"og:type\" content=\"article\" \/>\n<meta property=\"og:title\" content=\"Cookie Politik\" \/>\n<meta property=\"og:description\" content=\"[vc_row type=&#8220;in_container&#8220; full_screen_row_position=&#8220;middle&#8220; column_margin=&#8220;default&#8220; column_direction=&#8220;default&#8220; column_direction_tablet=&#8220;default&#8220; column_direction_phone=&#8220;default&#8220; scene_position=&#8220;center&#8220; text_color=&#8220;dark&#8220; text_align=&#8220;left&#8220; row_border_radius=&#8220;none&#8220; row_border_radius_applies=&#8220;bg&#8220; overflow=&#8220;visible&#8220; class=&#8220;section-block only&#8211;bot&#8220; advanced_gradient_angle=&#8220;0&#8243; overlay_strength=&#8220;0.3&#8243; gradient_direction=&#8220;left_to_right&#8220; shape_divider_position=&#8220;bottom&#8220; bg_image_animation=&#8220;none&#8220; gradient_type=&#8220;default&#8220; shape_type=&#8220;&#8220;][vc_column column_padding=&#8220;no-extra-padding&#8220; column_padding_tablet=&#8220;inherit&#8220; column_padding_phone=&#8220;inherit&#8220; column_padding_position=&#8220;all&#8220; column_element_direction_desktop=&#8220;default&#8220; column_element_spacing=&#8220;default&#8220; desktop_text_alignment=&#8220;default&#8220; tablet_text_alignment=&#8220;default&#8220;...\" \/>\n<meta property=\"og:url\" content=\"https:\/\/www.avantio.com\/de\/cookies\/\" \/>\n<meta property=\"og:site_name\" content=\"Avantio\" \/>\n<meta property=\"article:modified_time\" content=\"2025-07-25T10:09:05+00:00\" \/>\n<meta name=\"twitter:card\" content=\"summary_large_image\" \/>\n<meta name=\"twitter:label1\" content=\"Gesch\u00e4tzte Lesezeit\" \/>\n\t<meta name=\"twitter:data1\" content=\"3\u00a0Minuten\" \/>\n<script type=\"application\/ld+json\" class=\"yoast-schema-graph\">{\"@context\":\"https:\/\/schema.org\",\"@graph\":[{\"@type\":\"WebPage\",\"@id\":\"https:\/\/www.avantio.com\/de\/cookies\/\",\"url\":\"https:\/\/www.avantio.com\/de\/cookies\/\",\"name\":\"Cookie Politik | Avantio\",\"isPartOf\":{\"@id\":\"https:\/\/www.avantio.com\/#website\"},\"datePublished\":\"2022-07-11T11:20:26+00:00\",\"dateModified\":\"2025-07-25T10:09:05+00:00\",\"breadcrumb\":{\"@id\":\"https:\/\/www.avantio.com\/de\/cookies\/#breadcrumb\"},\"inLanguage\":\"de\",\"potentialAction\":[{\"@type\":\"ReadAction\",\"target\":[\"https:\/\/www.avantio.com\/de\/cookies\/\"]}]},{\"@type\":\"BreadcrumbList\",\"@id\":\"https:\/\/www.avantio.com\/de\/cookies\/#breadcrumb\",\"itemListElement\":[{\"@type\":\"ListItem\",\"position\":1,\"name\":\"Home\",\"item\":\"https:\/\/www.avantio.com\/\"},{\"@type\":\"ListItem\",\"position\":2,\"name\":\"Cookie Politik\"}]},{\"@type\":\"WebSite\",\"@id\":\"https:\/\/www.avantio.com\/#website\",\"url\":\"https:\/\/www.avantio.com\/\",\"name\":\"Avantio\",\"description\":\"Vacation Rental Software\",\"publisher\":{\"@id\":\"https:\/\/www.avantio.com\/#organization\"},\"potentialAction\":[{\"@type\":\"SearchAction\",\"target\":{\"@type\":\"EntryPoint\",\"urlTemplate\":\"https:\/\/www.avantio.com\/?s={search_term_string}\"},\"query-input\":{\"@type\":\"PropertyValueSpecification\",\"valueRequired\":true,\"valueName\":\"search_term_string\"}}],\"inLanguage\":\"de\"},{\"@type\":\"Organization\",\"@id\":\"https:\/\/www.avantio.com\/#organization\",\"name\":\"Avantio\",\"url\":\"https:\/\/www.avantio.com\/\",\"logo\":{\"@type\":\"ImageObject\",\"inLanguage\":\"de\",\"@id\":\"https:\/\/www.avantio.com\/#\/schema\/logo\/image\/\",\"url\":\"https:\/\/www.avantio.com\/wp-content\/uploads\/2023\/08\/Avantio.jpg\",\"contentUrl\":\"https:\/\/www.avantio.com\/wp-content\/uploads\/2023\/08\/Avantio.jpg\",\"width\":696,\"height\":696,\"caption\":\"Avantio\"},\"image\":{\"@id\":\"https:\/\/www.avantio.com\/#\/schema\/logo\/image\/\"}}]}<\/script>\n<!-- \/ Yoast SEO Premium plugin. -->","yoast_head_json":{"title":"Cookie Politik | Avantio","robots":{"index":"noindex","follow":"nofollow"},"og_locale":"de_DE","og_type":"article","og_title":"Cookie Politik","og_description":"[vc_row type=&#8220;in_container&#8220; full_screen_row_position=&#8220;middle&#8220; column_margin=&#8220;default&#8220; column_direction=&#8220;default&#8220; column_direction_tablet=&#8220;default&#8220; column_direction_phone=&#8220;default&#8220; scene_position=&#8220;center&#8220; text_color=&#8220;dark&#8220; text_align=&#8220;left&#8220; row_border_radius=&#8220;none&#8220; row_border_radius_applies=&#8220;bg&#8220; overflow=&#8220;visible&#8220; class=&#8220;section-block only&#8211;bot&#8220; advanced_gradient_angle=&#8220;0&#8243; overlay_strength=&#8220;0.3&#8243; gradient_direction=&#8220;left_to_right&#8220; shape_divider_position=&#8220;bottom&#8220; bg_image_animation=&#8220;none&#8220; gradient_type=&#8220;default&#8220; shape_type=&#8220;&#8220;][vc_column column_padding=&#8220;no-extra-padding&#8220; column_padding_tablet=&#8220;inherit&#8220; column_padding_phone=&#8220;inherit&#8220; column_padding_position=&#8220;all&#8220; column_element_direction_desktop=&#8220;default&#8220; column_element_spacing=&#8220;default&#8220; desktop_text_alignment=&#8220;default&#8220; tablet_text_alignment=&#8220;default&#8220;...","og_url":"https:\/\/www.avantio.com\/de\/cookies\/","og_site_name":"Avantio","article_modified_time":"2025-07-25T10:09:05+00:00","twitter_card":"summary_large_image","twitter_misc":{"Gesch\u00e4tzte Lesezeit":"3\u00a0Minuten"},"schema":{"@context":"https:\/\/schema.org","@graph":[{"@type":"WebPage","@id":"https:\/\/www.avantio.com\/de\/cookies\/","url":"https:\/\/www.avantio.com\/de\/cookies\/","name":"Cookie Politik | Avantio","isPartOf":{"@id":"https:\/\/www.avantio.com\/#website"},"datePublished":"2022-07-11T11:20:26+00:00","dateModified":"2025-07-25T10:09:05+00:00","breadcrumb":{"@id":"https:\/\/www.avantio.com\/de\/cookies\/#breadcrumb"},"inLanguage":"de","potentialAction":[{"@type":"ReadAction","target":["https:\/\/www.avantio.com\/de\/cookies\/"]}]},{"@type":"BreadcrumbList","@id":"https:\/\/www.avantio.com\/de\/cookies\/#breadcrumb","itemListElement":[{"@type":"ListItem","position":1,"name":"Home","item":"https:\/\/www.avantio.com\/"},{"@type":"ListItem","position":2,"name":"Cookie Politik"}]},{"@type":"WebSite","@id":"https:\/\/www.avantio.com\/#website","url":"https:\/\/www.avantio.com\/","name":"Avantio","description":"Vacation Rental Software","publisher":{"@id":"https:\/\/www.avantio.com\/#organization"},"potentialAction":[{"@type":"SearchAction","target":{"@type":"EntryPoint","urlTemplate":"https:\/\/www.avantio.com\/?s={search_term_string}"},"query-input":{"@type":"PropertyValueSpecification","valueRequired":true,"valueName":"search_term_string"}}],"inLanguage":"de"},{"@type":"Organization","@id":"https:\/\/www.avantio.com\/#organization","name":"Avantio","url":"https:\/\/www.avantio.com\/","logo":{"@type":"ImageObject","inLanguage":"de","@id":"https:\/\/www.avantio.com\/#\/schema\/logo\/image\/","url":"https:\/\/www.avantio.com\/wp-content\/uploads\/2023\/08\/Avantio.jpg","contentUrl":"https:\/\/www.avantio.com\/wp-content\/uploads\/2023\/08\/Avantio.jpg","width":696,"height":696,"caption":"Avantio"},"image":{"@id":"https:\/\/www.avantio.com\/#\/schema\/logo\/image\/"}}]}},"_links":{"self":[{"href":"https:\/\/www.avantio.com\/de\/wp-json\/wp\/v2\/pages\/15770","targetHints":{"allow":["GET"]}}],"collection":[{"href":"https:\/\/www.avantio.com\/de\/wp-json\/wp\/v2\/pages"}],"about":[{"href":"https:\/\/www.avantio.com\/de\/wp-json\/wp\/v2\/types\/page"}],"author":[{"embeddable":true,"href":"https:\/\/www.avantio.com\/de\/wp-json\/wp\/v2\/users\/8"}],"replies":[{"embeddable":true,"href":"https:\/\/www.avantio.com\/de\/wp-json\/wp\/v2\/comments?post=15770"}],"version-history":[{"count":4,"href":"https:\/\/www.avantio.com\/de\/wp-json\/wp\/v2\/pages\/15770\/revisions"}],"predecessor-version":[{"id":52287,"href":"https:\/\/www.avantio.com\/de\/wp-json\/wp\/v2\/pages\/15770\/revisions\/52287"}],"wp:attachment":[{"href":"https:\/\/www.avantio.com\/de\/wp-json\/wp\/v2\/media?parent=15770"}],"curies":[{"name":"wp","href":"https:\/\/api.w.org\/{rel}","templated":true}]}}